{"id":20787,"date":"2023-02-27T13:40:22","date_gmt":"2023-02-27T11:40:22","guid":{"rendered":"https:\/\/exlibris.ee\/toode\/logisch-neu-a1-2-kursbuch-mit-audios-zum-download\/"},"modified":"2026-04-04T03:09:30","modified_gmt":"2026-04-04T00:09:30","slug":"logisch-neu-a1-2-kursbuch-mit-audios-zum-download","status":"publish","type":"product","link":"https:\/\/exlibris.ee\/en\/product\/logisch-neu-a1-2-kursbuch-mit-audios-zum-download\/","title":{"rendered":"Logisch! neu A1.2 Kursbuch mit Audios zum Download"},"content":{"rendered":"<p>Das Kursbuch Logisch Neu A1.2 richtet sich an jugendliche Deutschlernende ohne Vorkenntnisse.  Beide Teilb\u00e4nde f\u00fchren zur Niveaustufe A1 und bereiten auf die Jugendpr\u00fcfung Fit in Deutsch 1, KID 1 und auf die DSD I vor. Eine Clique von Jugendlichen erm\u00f6glichen den Sch\u00fclerinnen und Sch\u00fclern mit ihren Episoden und Geschichten, Deutsch mit Spa\u00df und Emotion zu lernen. Mit dem interaktiven Arbeitsbuch, der Integration von Mehrsprachigkeit und f\u00e4cher\u00fcbergreifendem Lernen und einer DVD erf\u00fcllt Logisch Neu alle Anspr\u00fcche f\u00fcr ein modernes und zeitgem\u00e4\u00dfes Jugendlehrwerk.<\/p>\n","protected":false},"excerpt":{"rendered":"<p>Das Kursbuch Logisch Neu A1.2 richtet sich an jugendliche Deutschlernende ohne Vorkenntnisse. Beide Teilb\u00e4nde f\u00fchren zur Niveaustufe A1 und bereiten auf die Jugendpr\u00fcfung Fit in Deutsch 1, KID 1 und auf die DSD I vor. Eine Clique von Jugendlichen erm\u00f6glichen&#8230;<\/p>\n","protected":false},"featured_media":24747,"template":"","meta":{"_acf_changed":false,"inline_featured_image":false},"product_brand":[],"product_cat":[477],"product_tag":[],"series":[{"id":485,"name":"Logisch Neu! A1.2","slug":"logisch-neu-a1-2"}],"publisher":[{"id":473,"name":"Klett Verlag","slug":"klett-verlag"}],"class_list":{"0":"post-20787","1":"product","2":"type-product","3":"status-publish","4":"has-post-thumbnail","6":"product_cat-lehrwerke-fur-jugendliche","7":"series-logisch-neu-a1-2","8":"publisher-klett-verlag","10":"first","11":"onbackorder","12":"taxable","13":"shipping-taxable","14":"purchasable","15":"product-type-simple"},"acf":[],"_links":{"self":[{"href":"https:\/\/exlibris.ee\/en\/wp-json\/wp\/v2\/product\/20787","targetHints":{"allow":["GET"]}}],"collection":[{"href":"https:\/\/exlibris.ee\/en\/wp-json\/wp\/v2\/product"}],"about":[{"href":"https:\/\/exlibris.ee\/en\/wp-json\/wp\/v2\/types\/product"}],"wp:featuredmedia":[{"embeddable":true,"href":"https:\/\/exlibris.ee\/en\/wp-json\/wp\/v2\/media\/24747"}],"wp:attachment":[{"href":"https:\/\/exlibris.ee\/en\/wp-json\/wp\/v2\/media?parent=20787"}],"wp:term":[{"taxonomy":"product_brand","embeddable":true,"href":"https:\/\/exlibris.ee\/en\/wp-json\/wp\/v2\/product_brand?post=20787"},{"taxonomy":"product_cat","embeddable":true,"href":"https:\/\/exlibris.ee\/en\/wp-json\/wp\/v2\/product_cat?post=20787"},{"taxonomy":"product_tag","embeddable":true,"href":"https:\/\/exlibris.ee\/en\/wp-json\/wp\/v2\/product_tag?post=20787"},{"taxonomy":"series","embeddable":true,"href":"https:\/\/exlibris.ee\/en\/wp-json\/wp\/v2\/series?post=20787"},{"taxonomy":"publisher","embeddable":true,"href":"https:\/\/exlibris.ee\/en\/wp-json\/wp\/v2\/publisher?post=20787"}],"curies":[{"name":"wp","href":"https:\/\/api.w.org\/{rel}","templated":true}]}}