{"id":20789,"date":"2023-02-27T13:40:23","date_gmt":"2023-02-27T11:40:23","guid":{"rendered":"https:\/\/exlibris.ee\/toode\/logisch-neu-a1-lehrerhandbuch-mit-dvd\/"},"modified":"2026-04-13T23:23:47","modified_gmt":"2026-04-13T20:23:47","slug":"logisch-neu-a1-lehrerhandbuch-mit-dvd","status":"publish","type":"product","link":"https:\/\/exlibris.ee\/en\/product\/logisch-neu-a1-lehrerhandbuch-mit-dvd\/","title":{"rendered":"Logisch! neu A1 Lehrerhandbuch mit DVD"},"content":{"rendered":"<p>Das Lehrerhandbuch zu Logisch! neu A1 enth\u00e4lt eine ausf\u00fchrliche Darstellung des Lehrwerkkonzepts, didaktische Ausf\u00fchrungen zu jeder Aufgabe im Kursbuch und zu ausgew\u00e4hlten \u00dcbungen im Arbeitsbuch und Informationen zur Landeskunde.  Tipps f\u00fcr den Unterricht, Spielvorschl\u00e4ge und Kopiervorlagen, auch zum f\u00e4cher\u00fcbergreifenden Unterricht (CLIL) erg\u00e4nzen das Angebot. Auf der eingelegten DVD finden Sie 4 Filmclips zu den Trainingskapiteln mit Aufgaben zur Lerneraktivierung.<\/p>\n","protected":false},"excerpt":{"rendered":"<p>Das Lehrerhandbuch zu Logisch! neu A1 enth\u00e4lt eine ausf\u00fchrliche Darstellung des Lehrwerkkonzepts, didaktische Ausf\u00fchrungen zu jeder Aufgabe im Kursbuch und zu ausgew\u00e4hlten \u00dcbungen im Arbeitsbuch und Informationen zur Landeskunde. Tipps f\u00fcr den Unterricht, Spielvorschl\u00e4ge und Kopiervorlagen, auch zum f\u00e4cher\u00fcbergreifenden Unterricht&#8230;<\/p>\n","protected":false},"featured_media":24753,"template":"","meta":{"_acf_changed":false,"inline_featured_image":false},"product_brand":[],"product_cat":[477],"product_tag":[],"series":[{"id":483,"name":"Logisch Neu! A1","slug":"logisch-neu-a1"}],"publisher":[{"id":473,"name":"Klett Verlag","slug":"klett-verlag"}],"class_list":{"0":"post-20789","1":"product","2":"type-product","3":"status-publish","4":"has-post-thumbnail","6":"product_cat-lehrwerke-fur-jugendliche","7":"series-logisch-neu-a1","8":"publisher-klett-verlag","10":"first","11":"onbackorder","12":"taxable","13":"shipping-taxable","14":"purchasable","15":"product-type-simple"},"acf":[],"_links":{"self":[{"href":"https:\/\/exlibris.ee\/en\/wp-json\/wp\/v2\/product\/20789","targetHints":{"allow":["GET"]}}],"collection":[{"href":"https:\/\/exlibris.ee\/en\/wp-json\/wp\/v2\/product"}],"about":[{"href":"https:\/\/exlibris.ee\/en\/wp-json\/wp\/v2\/types\/product"}],"wp:featuredmedia":[{"embeddable":true,"href":"https:\/\/exlibris.ee\/en\/wp-json\/wp\/v2\/media\/24753"}],"wp:attachment":[{"href":"https:\/\/exlibris.ee\/en\/wp-json\/wp\/v2\/media?parent=20789"}],"wp:term":[{"taxonomy":"product_brand","embeddable":true,"href":"https:\/\/exlibris.ee\/en\/wp-json\/wp\/v2\/product_brand?post=20789"},{"taxonomy":"product_cat","embeddable":true,"href":"https:\/\/exlibris.ee\/en\/wp-json\/wp\/v2\/product_cat?post=20789"},{"taxonomy":"product_tag","embeddable":true,"href":"https:\/\/exlibris.ee\/en\/wp-json\/wp\/v2\/product_tag?post=20789"},{"taxonomy":"series","embeddable":true,"href":"https:\/\/exlibris.ee\/en\/wp-json\/wp\/v2\/series?post=20789"},{"taxonomy":"publisher","embeddable":true,"href":"https:\/\/exlibris.ee\/en\/wp-json\/wp\/v2\/publisher?post=20789"}],"curies":[{"name":"wp","href":"https:\/\/api.w.org\/{rel}","templated":true}]}}