{"id":20799,"date":"2023-02-27T13:40:24","date_gmt":"2023-02-27T11:40:24","guid":{"rendered":"https:\/\/exlibris.ee\/toode\/logisch-neu-b1-lehrerhandbuch-mit-dvd\/"},"modified":"2026-04-18T15:20:38","modified_gmt":"2026-04-18T12:20:38","slug":"logisch-neu-b1-lehrerhandbuch-mit-dvd","status":"publish","type":"product","link":"https:\/\/exlibris.ee\/en\/product\/logisch-neu-b1-lehrerhandbuch-mit-dvd\/","title":{"rendered":"Logisch neu, B1 Lehrerhandbuch mit DVD"},"content":{"rendered":"<p>Das Lehrerhandbuch enth\u00e4lt allgemeine Unterrichtstipps und Spielvorschl\u00e4ge. Au\u00dferdem gibt es konkrete Vorschl\u00e4ge f\u00fcr den Unterricht zu jeder Aufgabe im Kursbuch und zu ausgew\u00e4hlten \u00dcbungen im Arbeitsbuch.<\/p>\n","protected":false},"excerpt":{"rendered":"<p>Das Lehrerhandbuch enth\u00e4lt allgemeine Unterrichtstipps und Spielvorschl\u00e4ge. Au\u00dferdem gibt es konkrete Vorschl\u00e4ge f\u00fcr den Unterricht zu jeder Aufgabe im Kursbuch und zu ausgew\u00e4hlten \u00dcbungen im Arbeitsbuch.<\/p>\n","protected":false},"featured_media":24774,"template":"","meta":{"_acf_changed":false,"inline_featured_image":false},"product_brand":[],"product_cat":[477],"product_tag":[],"series":[{"id":489,"name":"Logisch Neu! B1","slug":"logisch-neu-b1"}],"publisher":[{"id":473,"name":"Klett Verlag","slug":"klett-verlag"}],"class_list":{"0":"post-20799","1":"product","2":"type-product","3":"status-publish","4":"has-post-thumbnail","6":"product_cat-lehrwerke-fur-jugendliche","7":"series-logisch-neu-b1","8":"publisher-klett-verlag","10":"first","11":"onbackorder","12":"taxable","13":"shipping-taxable","14":"purchasable","15":"product-type-simple"},"acf":[],"_links":{"self":[{"href":"https:\/\/exlibris.ee\/en\/wp-json\/wp\/v2\/product\/20799","targetHints":{"allow":["GET"]}}],"collection":[{"href":"https:\/\/exlibris.ee\/en\/wp-json\/wp\/v2\/product"}],"about":[{"href":"https:\/\/exlibris.ee\/en\/wp-json\/wp\/v2\/types\/product"}],"wp:featuredmedia":[{"embeddable":true,"href":"https:\/\/exlibris.ee\/en\/wp-json\/wp\/v2\/media\/24774"}],"wp:attachment":[{"href":"https:\/\/exlibris.ee\/en\/wp-json\/wp\/v2\/media?parent=20799"}],"wp:term":[{"taxonomy":"product_brand","embeddable":true,"href":"https:\/\/exlibris.ee\/en\/wp-json\/wp\/v2\/product_brand?post=20799"},{"taxonomy":"product_cat","embeddable":true,"href":"https:\/\/exlibris.ee\/en\/wp-json\/wp\/v2\/product_cat?post=20799"},{"taxonomy":"product_tag","embeddable":true,"href":"https:\/\/exlibris.ee\/en\/wp-json\/wp\/v2\/product_tag?post=20799"},{"taxonomy":"series","embeddable":true,"href":"https:\/\/exlibris.ee\/en\/wp-json\/wp\/v2\/series?post=20799"},{"taxonomy":"publisher","embeddable":true,"href":"https:\/\/exlibris.ee\/en\/wp-json\/wp\/v2\/publisher?post=20799"}],"curies":[{"name":"wp","href":"https:\/\/api.w.org\/{rel}","templated":true}]}}