{"id":20810,"date":"2023-02-27T13:40:26","date_gmt":"2023-02-27T11:40:26","guid":{"rendered":"https:\/\/exlibris.ee\/toode\/berliner-platz-neu-sprachniveau-3-lehr-arbeitsbuch-2-cds\/"},"modified":"2026-04-19T10:13:23","modified_gmt":"2026-04-19T07:13:23","slug":"berliner-platz-neu-sprachniveau-3-lehr-arbeitsbuch-2-cds","status":"publish","type":"product","link":"https:\/\/exlibris.ee\/en\/product\/berliner-platz-neu-sprachniveau-3-lehr-arbeitsbuch-2-cds\/","title":{"rendered":"Berliner Platz 3 NEU, Lehr-\/Arbeitsbuch + 2 CDs"},"content":{"rendered":"<p>Das Lehr- und Arbeitsbuch zu Berliner Platz NEU B1 (Kapitel 25\u201336) wurde speziell f\u00fcr Lernende ohne Vorkenntnisse konzipiert: leichter Zugang zur deutschen Sprache durch eine klare Struktur erm\u00f6glicht eine intensive Vorbereitung auf den Alltag in den deutschsprachigen L\u00e4ndern bereitet auf die Pr\u00fcfungen \u201eZertifikat Deutsch\u201c und \u201eDeutschTest f\u00fcr Zuwanderer\u201c vor erleichtert die Navigation zwischen Lehr- und Arbeitsbuchteil: Jede Aufgabe im Lehrbuch wird im Arbeitsbuch gespiegelt alle Audios zum Arbeitsbuchteil sind online verf\u00fcgbar.<\/p>\n","protected":false},"excerpt":{"rendered":"<p>Das Lehr- und Arbeitsbuch zu Berliner Platz NEU B1 (Kapitel 25\u201336) wurde speziell f\u00fcr Lernende ohne Vorkenntnisse konzipiert: leichter Zugang zur deutschen Sprache durch eine klare Struktur erm\u00f6glicht eine intensive Vorbereitung auf den Alltag in den deutschsprachigen L\u00e4ndern bereitet auf&#8230;<\/p>\n","protected":false},"featured_media":354047,"template":"","meta":{"_acf_changed":false,"inline_featured_image":false},"product_brand":[],"product_cat":[538],"product_tag":[],"series":[{"id":494,"name":"Berliner Platz Neu Sprachniveau 3","slug":"berliner-platz-neu-sprachniveau-3"}],"publisher":[{"id":473,"name":"Klett Verlag","slug":"klett-verlag"}],"class_list":{"0":"post-20810","1":"product","2":"type-product","3":"status-publish","4":"has-post-thumbnail","6":"product_cat-lehrwerke-fur-erwachsene","7":"series-berliner-platz-neu-sprachniveau-3","8":"publisher-klett-verlag","10":"first","11":"instock","12":"taxable","13":"shipping-taxable","14":"purchasable","15":"product-type-simple"},"acf":[],"_links":{"self":[{"href":"https:\/\/exlibris.ee\/en\/wp-json\/wp\/v2\/product\/20810","targetHints":{"allow":["GET"]}}],"collection":[{"href":"https:\/\/exlibris.ee\/en\/wp-json\/wp\/v2\/product"}],"about":[{"href":"https:\/\/exlibris.ee\/en\/wp-json\/wp\/v2\/types\/product"}],"wp:featuredmedia":[{"embeddable":true,"href":"https:\/\/exlibris.ee\/en\/wp-json\/wp\/v2\/media\/354047"}],"wp:attachment":[{"href":"https:\/\/exlibris.ee\/en\/wp-json\/wp\/v2\/media?parent=20810"}],"wp:term":[{"taxonomy":"product_brand","embeddable":true,"href":"https:\/\/exlibris.ee\/en\/wp-json\/wp\/v2\/product_brand?post=20810"},{"taxonomy":"product_cat","embeddable":true,"href":"https:\/\/exlibris.ee\/en\/wp-json\/wp\/v2\/product_cat?post=20810"},{"taxonomy":"product_tag","embeddable":true,"href":"https:\/\/exlibris.ee\/en\/wp-json\/wp\/v2\/product_tag?post=20810"},{"taxonomy":"series","embeddable":true,"href":"https:\/\/exlibris.ee\/en\/wp-json\/wp\/v2\/series?post=20810"},{"taxonomy":"publisher","embeddable":true,"href":"https:\/\/exlibris.ee\/en\/wp-json\/wp\/v2\/publisher?post=20810"}],"curies":[{"name":"wp","href":"https:\/\/api.w.org\/{rel}","templated":true}]}}