{"id":20811,"date":"2023-02-27T13:40:26","date_gmt":"2023-02-27T11:40:26","guid":{"rendered":"https:\/\/exlibris.ee\/toode\/berliner-platz-neu-sprachniveau-3-testheft\/"},"modified":"2026-04-15T13:21:57","modified_gmt":"2026-04-15T10:21:57","slug":"berliner-platz-neu-sprachniveau-3-testheft","status":"publish","type":"product","link":"https:\/\/exlibris.ee\/en\/product\/berliner-platz-neu-sprachniveau-3-testheft\/","title":{"rendered":"Berliner Platz 3 NEU, Testheft + CD"},"content":{"rendered":"<p>Das Testheft zu Berliner Platz NEU B1 (Kapitel 25\u201336) enth\u00e4lt Lernfortschrittstests zu jedem Kapitel Test\u00fcbungen zu Wortschatz, Grammatik und allen Fertigkeiten im Pr\u00fcfungsformat \u201eZertifikat Deutsch\u201c und \u201eDeutschTest f\u00fcr Zuwanderer\u201c das Transkript der H\u00f6rtexte und die L\u00f6sungen zu allen Tests eine Audio-CD mit H\u00f6rtexten zu jedem Test.<\/p>\n","protected":false},"excerpt":{"rendered":"<p>Das Testheft zu Berliner Platz NEU B1 (Kapitel 25\u201336) enth\u00e4lt Lernfortschrittstests zu jedem Kapitel Test\u00fcbungen zu Wortschatz, Grammatik und allen Fertigkeiten im Pr\u00fcfungsformat \u201eZertifikat Deutsch\u201c und \u201eDeutschTest f\u00fcr Zuwanderer\u201c das Transkript der H\u00f6rtexte und die L\u00f6sungen zu allen Tests eine&#8230;<\/p>\n","protected":false},"featured_media":285334,"template":"","meta":{"_acf_changed":false,"inline_featured_image":false},"product_brand":[],"product_cat":[538],"product_tag":[],"series":[{"id":494,"name":"Berliner Platz Neu Sprachniveau 3","slug":"berliner-platz-neu-sprachniveau-3"}],"publisher":[{"id":473,"name":"Klett Verlag","slug":"klett-verlag"}],"class_list":{"0":"post-20811","1":"product","2":"type-product","3":"status-publish","4":"has-post-thumbnail","6":"product_cat-lehrwerke-fur-erwachsene","7":"series-berliner-platz-neu-sprachniveau-3","8":"publisher-klett-verlag","10":"first","11":"instock","12":"taxable","13":"shipping-taxable","14":"purchasable","15":"product-type-simple"},"acf":[],"_links":{"self":[{"href":"https:\/\/exlibris.ee\/en\/wp-json\/wp\/v2\/product\/20811","targetHints":{"allow":["GET"]}}],"collection":[{"href":"https:\/\/exlibris.ee\/en\/wp-json\/wp\/v2\/product"}],"about":[{"href":"https:\/\/exlibris.ee\/en\/wp-json\/wp\/v2\/types\/product"}],"wp:featuredmedia":[{"embeddable":true,"href":"https:\/\/exlibris.ee\/en\/wp-json\/wp\/v2\/media\/285334"}],"wp:attachment":[{"href":"https:\/\/exlibris.ee\/en\/wp-json\/wp\/v2\/media?parent=20811"}],"wp:term":[{"taxonomy":"product_brand","embeddable":true,"href":"https:\/\/exlibris.ee\/en\/wp-json\/wp\/v2\/product_brand?post=20811"},{"taxonomy":"product_cat","embeddable":true,"href":"https:\/\/exlibris.ee\/en\/wp-json\/wp\/v2\/product_cat?post=20811"},{"taxonomy":"product_tag","embeddable":true,"href":"https:\/\/exlibris.ee\/en\/wp-json\/wp\/v2\/product_tag?post=20811"},{"taxonomy":"series","embeddable":true,"href":"https:\/\/exlibris.ee\/en\/wp-json\/wp\/v2\/series?post=20811"},{"taxonomy":"publisher","embeddable":true,"href":"https:\/\/exlibris.ee\/en\/wp-json\/wp\/v2\/publisher?post=20811"}],"curies":[{"name":"wp","href":"https:\/\/api.w.org\/{rel}","templated":true}]}}