{"id":20818,"date":"2023-02-27T13:40:28","date_gmt":"2023-02-27T11:40:28","guid":{"rendered":"https:\/\/exlibris.ee\/toode\/berliner-platz-neu-sprachniveau-4-lehrerhandbuch\/"},"modified":"2026-04-09T09:18:06","modified_gmt":"2026-04-09T06:18:06","slug":"berliner-platz-neu-sprachniveau-4-lehrerhandbuch","status":"publish","type":"product","link":"https:\/\/exlibris.ee\/en\/product\/berliner-platz-neu-sprachniveau-4-lehrerhandbuch\/","title":{"rendered":"Berliner Platz 4 NEU B2 Lehrerhandbuch"},"content":{"rendered":"<p>Die Lehrerhandreichungen zu Berliner Platz NEU B2 (Kapitel 1\u201312) informieren \u00fcber das Konzept und die Vernetzung der Komponenten von Berliner Platz NEU geben in \u00fcbersichtlicher Form detaillierte Hinweise zur Unterrichtsgestaltung bieten ein ausf\u00fchrliches didaktisches Glossar mit grundlegenden Hintergrundinformationen und anregenden Spielvorschl\u00e4gen.<\/p>\n","protected":false},"excerpt":{"rendered":"<p>Die Lehrerhandreichungen zu Berliner Platz NEU B2 (Kapitel 1\u201312) informieren \u00fcber das Konzept und die Vernetzung der Komponenten von Berliner Platz NEU geben in \u00fcbersichtlicher Form detaillierte Hinweise zur Unterrichtsgestaltung bieten ein ausf\u00fchrliches didaktisches Glossar mit grundlegenden Hintergrundinformationen und anregenden&#8230;<\/p>\n","protected":false},"featured_media":24912,"template":"","meta":{"_acf_changed":false,"inline_featured_image":false},"product_brand":[],"product_cat":[538],"product_tag":[],"series":[{"id":495,"name":"Berliner Platz Neu Sprachniveau 4","slug":"berliner-platz-neu-sprachniveau-4"}],"publisher":[{"id":473,"name":"Klett Verlag","slug":"klett-verlag"}],"class_list":{"0":"post-20818","1":"product","2":"type-product","3":"status-publish","4":"has-post-thumbnail","6":"product_cat-lehrwerke-fur-erwachsene","7":"series-berliner-platz-neu-sprachniveau-4","8":"publisher-klett-verlag","10":"first","11":"onbackorder","12":"taxable","13":"shipping-taxable","14":"purchasable","15":"product-type-simple"},"acf":[],"_links":{"self":[{"href":"https:\/\/exlibris.ee\/en\/wp-json\/wp\/v2\/product\/20818","targetHints":{"allow":["GET"]}}],"collection":[{"href":"https:\/\/exlibris.ee\/en\/wp-json\/wp\/v2\/product"}],"about":[{"href":"https:\/\/exlibris.ee\/en\/wp-json\/wp\/v2\/types\/product"}],"wp:featuredmedia":[{"embeddable":true,"href":"https:\/\/exlibris.ee\/en\/wp-json\/wp\/v2\/media\/24912"}],"wp:attachment":[{"href":"https:\/\/exlibris.ee\/en\/wp-json\/wp\/v2\/media?parent=20818"}],"wp:term":[{"taxonomy":"product_brand","embeddable":true,"href":"https:\/\/exlibris.ee\/en\/wp-json\/wp\/v2\/product_brand?post=20818"},{"taxonomy":"product_cat","embeddable":true,"href":"https:\/\/exlibris.ee\/en\/wp-json\/wp\/v2\/product_cat?post=20818"},{"taxonomy":"product_tag","embeddable":true,"href":"https:\/\/exlibris.ee\/en\/wp-json\/wp\/v2\/product_tag?post=20818"},{"taxonomy":"series","embeddable":true,"href":"https:\/\/exlibris.ee\/en\/wp-json\/wp\/v2\/series?post=20818"},{"taxonomy":"publisher","embeddable":true,"href":"https:\/\/exlibris.ee\/en\/wp-json\/wp\/v2\/publisher?post=20818"}],"curies":[{"name":"wp","href":"https:\/\/api.w.org\/{rel}","templated":true}]}}