{"id":20819,"date":"2023-02-27T13:40:28","date_gmt":"2023-02-27T11:40:28","guid":{"rendered":"https:\/\/exlibris.ee\/toode\/berliner-platz-neu-sprachniveau-3-dvd-band-3-und-4\/"},"modified":"2026-04-19T10:13:24","modified_gmt":"2026-04-19T07:13:24","slug":"berliner-platz-neu-sprachniveau-3-dvd-band-3-und-4","status":"publish","type":"product","link":"https:\/\/exlibris.ee\/en\/product\/berliner-platz-neu-sprachniveau-3-dvd-band-3-und-4\/","title":{"rendered":"Berliner Platz 3 und 4 NEU,  DVD"},"content":{"rendered":"<p>Die DVD zu Berliner Platz NEU B1 und B2 zeigt authentische Filmclips zu Alltag und Beruf behandelt Themen wie Umwelt, Gesundheit, Tagesablauf, Bewerbungsgesp\u00e4ch, Gehaltsverhandlungen u. a. trainiert das H\u00f6r-Seh-Verstehen im Videotrainer auf der DVD-ROM: Arbeitsbl\u00e4tter passend zur jeweiligen Niveaustufe.<\/p>\n","protected":false},"excerpt":{"rendered":"<p>Die DVD zu Berliner Platz NEU B1 und B2 zeigt authentische Filmclips zu Alltag und Beruf behandelt Themen wie Umwelt, Gesundheit, Tagesablauf, Bewerbungsgesp\u00e4ch, Gehaltsverhandlungen u. a. trainiert das H\u00f6r-Seh-Verstehen im Videotrainer auf der DVD-ROM: Arbeitsbl\u00e4tter passend zur jeweiligen Niveaustufe.<\/p>\n","protected":false},"featured_media":354064,"template":"","meta":{"_acf_changed":false,"inline_featured_image":false},"product_brand":[],"product_cat":[2397],"product_tag":[],"series":[{"id":494,"name":"Berliner Platz Neu Sprachniveau 3","slug":"berliner-platz-neu-sprachniveau-3"}],"publisher":[{"id":473,"name":"Klett Verlag","slug":"klett-verlag"}],"class_list":{"0":"post-20819","1":"product","2":"type-product","3":"status-publish","4":"has-post-thumbnail","6":"product_cat-lk-muud","7":"series-berliner-platz-neu-sprachniveau-3","8":"publisher-klett-verlag","10":"first","11":"instock","12":"taxable","13":"shipping-taxable","14":"purchasable","15":"product-type-simple"},"acf":[],"_links":{"self":[{"href":"https:\/\/exlibris.ee\/en\/wp-json\/wp\/v2\/product\/20819","targetHints":{"allow":["GET"]}}],"collection":[{"href":"https:\/\/exlibris.ee\/en\/wp-json\/wp\/v2\/product"}],"about":[{"href":"https:\/\/exlibris.ee\/en\/wp-json\/wp\/v2\/types\/product"}],"wp:featuredmedia":[{"embeddable":true,"href":"https:\/\/exlibris.ee\/en\/wp-json\/wp\/v2\/media\/354064"}],"wp:attachment":[{"href":"https:\/\/exlibris.ee\/en\/wp-json\/wp\/v2\/media?parent=20819"}],"wp:term":[{"taxonomy":"product_brand","embeddable":true,"href":"https:\/\/exlibris.ee\/en\/wp-json\/wp\/v2\/product_brand?post=20819"},{"taxonomy":"product_cat","embeddable":true,"href":"https:\/\/exlibris.ee\/en\/wp-json\/wp\/v2\/product_cat?post=20819"},{"taxonomy":"product_tag","embeddable":true,"href":"https:\/\/exlibris.ee\/en\/wp-json\/wp\/v2\/product_tag?post=20819"},{"taxonomy":"series","embeddable":true,"href":"https:\/\/exlibris.ee\/en\/wp-json\/wp\/v2\/series?post=20819"},{"taxonomy":"publisher","embeddable":true,"href":"https:\/\/exlibris.ee\/en\/wp-json\/wp\/v2\/publisher?post=20819"}],"curies":[{"name":"wp","href":"https:\/\/api.w.org\/{rel}","templated":true}]}}