{"id":20822,"date":"2023-02-27T13:40:28","date_gmt":"2023-02-27T11:40:28","guid":{"rendered":"https:\/\/exlibris.ee\/toode\/landeskunde-bilderbogen-dach-dvd\/"},"modified":"2026-04-03T09:12:18","modified_gmt":"2026-04-03T06:12:18","slug":"landeskunde-bilderbogen-dach-dvd","status":"publish","type":"product","link":"https:\/\/exlibris.ee\/en\/product\/landeskunde-bilderbogen-dach-dvd\/","title":{"rendered":"Bilderbogen D-A-CH, DVD"},"content":{"rendered":"<p>Der Bilderbogen D-A-CH richtet sich an jugendliche und erwachsene Lerner auf dem Niveau A1\/A2 und kann kursbegleitend zu allen Grundstufenlehrwerken eingesetzt werden. Die DVD enth\u00e4lt 12 Themen zur Landeskunde aus den D-A-CH-L\u00e4ndern Deutschland, \u00d6sterreich und Schweiz. Kurze authentische St\u00e4dte- und Landschaftsportr\u00e4ts, Interviews und historische Besonderheiten vermitteln ein lebendiges Bild der deutschsprachigen L\u00e4nder. Zu allen Themen gibt es auf der DVD zus\u00e4tzlich zwei bis drei Aufgaben f\u00fcr das H\u00f6r-Seh-Verstehen.<\/p>\n","protected":false},"excerpt":{"rendered":"<p>Der Bilderbogen D-A-CH richtet sich an jugendliche und erwachsene Lerner auf dem Niveau A1\/A2 und kann kursbegleitend zu allen Grundstufenlehrwerken eingesetzt werden. Die DVD enth\u00e4lt 12 Themen zur Landeskunde aus den D-A-CH-L\u00e4ndern Deutschland, \u00d6sterreich und Schweiz. Kurze authentische St\u00e4dte- und&#8230;<\/p>\n","protected":false},"featured_media":55132,"template":"","meta":{"_acf_changed":false,"inline_featured_image":false},"product_brand":[],"product_cat":[490],"product_tag":[],"series":[{"id":491,"name":"Landeskunde","slug":"landeskunde"}],"publisher":[{"id":473,"name":"Klett Verlag","slug":"klett-verlag"}],"class_list":{"0":"post-20822","1":"product","2":"type-product","3":"status-publish","4":"has-post-thumbnail","6":"product_cat-landeskunde","7":"series-landeskunde","8":"publisher-klett-verlag","10":"first","11":"onbackorder","12":"taxable","13":"shipping-taxable","14":"purchasable","15":"product-type-simple"},"acf":[],"_links":{"self":[{"href":"https:\/\/exlibris.ee\/en\/wp-json\/wp\/v2\/product\/20822","targetHints":{"allow":["GET"]}}],"collection":[{"href":"https:\/\/exlibris.ee\/en\/wp-json\/wp\/v2\/product"}],"about":[{"href":"https:\/\/exlibris.ee\/en\/wp-json\/wp\/v2\/types\/product"}],"wp:featuredmedia":[{"embeddable":true,"href":"https:\/\/exlibris.ee\/en\/wp-json\/wp\/v2\/media\/55132"}],"wp:attachment":[{"href":"https:\/\/exlibris.ee\/en\/wp-json\/wp\/v2\/media?parent=20822"}],"wp:term":[{"taxonomy":"product_brand","embeddable":true,"href":"https:\/\/exlibris.ee\/en\/wp-json\/wp\/v2\/product_brand?post=20822"},{"taxonomy":"product_cat","embeddable":true,"href":"https:\/\/exlibris.ee\/en\/wp-json\/wp\/v2\/product_cat?post=20822"},{"taxonomy":"product_tag","embeddable":true,"href":"https:\/\/exlibris.ee\/en\/wp-json\/wp\/v2\/product_tag?post=20822"},{"taxonomy":"series","embeddable":true,"href":"https:\/\/exlibris.ee\/en\/wp-json\/wp\/v2\/series?post=20822"},{"taxonomy":"publisher","embeddable":true,"href":"https:\/\/exlibris.ee\/en\/wp-json\/wp\/v2\/publisher?post=20822"}],"curies":[{"name":"wp","href":"https:\/\/api.w.org\/{rel}","templated":true}]}}