{"id":20834,"date":"2023-02-27T13:40:42","date_gmt":"2023-02-27T11:40:42","guid":{"rendered":"https:\/\/exlibris.ee\/toode\/netzwerk-neu-b1-ubungsbuch\/"},"modified":"2026-04-09T09:18:50","modified_gmt":"2026-04-09T06:18:50","slug":"netzwerk-neu-b1-ubungsbuch","status":"publish","type":"product","link":"https:\/\/exlibris.ee\/en\/product\/netzwerk-neu-b1-ubungsbuch\/","title":{"rendered":"Netzwerk neu \u00dcbungsbuch B1  mit Audios"},"content":{"rendered":"<p>Netzwerk neu f\u00fchrt junge Erwachsene lebendig und zielsicher zu den Niveaus A1, A2 und B1 und bereitet auf die Pr\u00fcfungen Start Deutsch 1 und 2, Goethe-Zertifikat A2, telc Deutsch A2, Deutsch-Test f\u00fcr Zuwanderer, \u00d6SD A1, A2, Goethe-\/\u00d6SD-Zertifikat B1 und Zertifikat Deutsch vor.<\/p>\n","protected":false},"excerpt":{"rendered":"<p>Netzwerk neu f\u00fchrt junge Erwachsene lebendig und zielsicher zu den Niveaus A1, A2 und B1 und bereitet auf die Pr\u00fcfungen Start Deutsch 1 und 2, Goethe-Zertifikat A2, telc Deutsch A2, Deutsch-Test f\u00fcr Zuwanderer, \u00d6SD A1, A2, Goethe-\/\u00d6SD-Zertifikat B1 und Zertifikat&#8230;<\/p>\n","protected":false},"featured_media":89676,"template":"","meta":{"_acf_changed":false,"inline_featured_image":false},"product_brand":[],"product_cat":[538],"product_tag":[],"series":[{"id":500,"name":"Netzwerk Neu B1","slug":"netzwerk-neu-b1"}],"publisher":[{"id":473,"name":"Klett Verlag","slug":"klett-verlag"}],"class_list":{"0":"post-20834","1":"product","2":"type-product","3":"status-publish","4":"has-post-thumbnail","6":"product_cat-lehrwerke-fur-erwachsene","7":"series-netzwerk-neu-b1","8":"publisher-klett-verlag","10":"first","11":"onbackorder","12":"taxable","13":"shipping-taxable","14":"purchasable","15":"product-type-simple"},"acf":[],"_links":{"self":[{"href":"https:\/\/exlibris.ee\/en\/wp-json\/wp\/v2\/product\/20834","targetHints":{"allow":["GET"]}}],"collection":[{"href":"https:\/\/exlibris.ee\/en\/wp-json\/wp\/v2\/product"}],"about":[{"href":"https:\/\/exlibris.ee\/en\/wp-json\/wp\/v2\/types\/product"}],"wp:featuredmedia":[{"embeddable":true,"href":"https:\/\/exlibris.ee\/en\/wp-json\/wp\/v2\/media\/89676"}],"wp:attachment":[{"href":"https:\/\/exlibris.ee\/en\/wp-json\/wp\/v2\/media?parent=20834"}],"wp:term":[{"taxonomy":"product_brand","embeddable":true,"href":"https:\/\/exlibris.ee\/en\/wp-json\/wp\/v2\/product_brand?post=20834"},{"taxonomy":"product_cat","embeddable":true,"href":"https:\/\/exlibris.ee\/en\/wp-json\/wp\/v2\/product_cat?post=20834"},{"taxonomy":"product_tag","embeddable":true,"href":"https:\/\/exlibris.ee\/en\/wp-json\/wp\/v2\/product_tag?post=20834"},{"taxonomy":"series","embeddable":true,"href":"https:\/\/exlibris.ee\/en\/wp-json\/wp\/v2\/series?post=20834"},{"taxonomy":"publisher","embeddable":true,"href":"https:\/\/exlibris.ee\/en\/wp-json\/wp\/v2\/publisher?post=20834"}],"curies":[{"name":"wp","href":"https:\/\/api.w.org\/{rel}","templated":true}]}}