{"id":20835,"date":"2023-02-27T13:40:42","date_gmt":"2023-02-27T11:40:42","guid":{"rendered":"https:\/\/exlibris.ee\/toode\/netzwerk-neu-b1-lehrerhandbuch\/"},"modified":"2026-04-09T09:18:50","modified_gmt":"2026-04-09T06:18:50","slug":"netzwerk-neu-b1-lehrerhandbuch","status":"publish","type":"product","link":"https:\/\/exlibris.ee\/en\/product\/netzwerk-neu-b1-lehrerhandbuch\/","title":{"rendered":"Netzwerk neu Lehrerhandbuch B1 mit Audio-CDs und Video-DVD"},"content":{"rendered":"<p>Ausf\u00fchrliche Darstellung des Lehrwerkkonzepts von Netzwerk neu; Erl\u00e4uterungen und Unterrichtsvorschl\u00e4ge \u2013 oft mit Alternativen und Erweiterungen \u2013 zu den Aufgaben in Kurs- und \u00dcbungsbuch; Kopiervorlagen zur Wiederholung und Vertiefung mit Spielen und weiterf\u00fchrenden Angeboten;  Hinweise zur Landeskunde;  Didaktisches Glossar mit Ideen und Tipps zur Unterrichtsgestaltung;  Didaktisierungen zu den Filmseiten und den interaktiven Tafelbildern;  Video-DVD mit authentischen Filmen und Reportagen sowie den Grammatik-, Redemittel- und Phonetikclips; 4 Audio-CDs mit den H\u00f6rtexten zu Kurs- und \u00dcbungsbuch.<\/p>\n","protected":false},"excerpt":{"rendered":"<p>Ausf\u00fchrliche Darstellung des Lehrwerkkonzepts von Netzwerk neu; Erl\u00e4uterungen und Unterrichtsvorschl\u00e4ge \u2013 oft mit Alternativen und Erweiterungen \u2013 zu den Aufgaben in Kurs- und \u00dcbungsbuch; Kopiervorlagen zur Wiederholung und Vertiefung mit Spielen und weiterf\u00fchrenden Angeboten; Hinweise zur Landeskunde; Didaktisches Glossar mit&#8230;<\/p>\n","protected":false},"featured_media":89685,"template":"","meta":{"_acf_changed":false,"inline_featured_image":false},"product_brand":[],"product_cat":[538],"product_tag":[],"series":[{"id":500,"name":"Netzwerk Neu B1","slug":"netzwerk-neu-b1"}],"publisher":[{"id":473,"name":"Klett Verlag","slug":"klett-verlag"}],"class_list":{"0":"post-20835","1":"product","2":"type-product","3":"status-publish","4":"has-post-thumbnail","6":"product_cat-lehrwerke-fur-erwachsene","7":"series-netzwerk-neu-b1","8":"publisher-klett-verlag","10":"first","11":"onbackorder","12":"taxable","13":"shipping-taxable","14":"purchasable","15":"product-type-simple"},"acf":[],"_links":{"self":[{"href":"https:\/\/exlibris.ee\/en\/wp-json\/wp\/v2\/product\/20835","targetHints":{"allow":["GET"]}}],"collection":[{"href":"https:\/\/exlibris.ee\/en\/wp-json\/wp\/v2\/product"}],"about":[{"href":"https:\/\/exlibris.ee\/en\/wp-json\/wp\/v2\/types\/product"}],"wp:featuredmedia":[{"embeddable":true,"href":"https:\/\/exlibris.ee\/en\/wp-json\/wp\/v2\/media\/89685"}],"wp:attachment":[{"href":"https:\/\/exlibris.ee\/en\/wp-json\/wp\/v2\/media?parent=20835"}],"wp:term":[{"taxonomy":"product_brand","embeddable":true,"href":"https:\/\/exlibris.ee\/en\/wp-json\/wp\/v2\/product_brand?post=20835"},{"taxonomy":"product_cat","embeddable":true,"href":"https:\/\/exlibris.ee\/en\/wp-json\/wp\/v2\/product_cat?post=20835"},{"taxonomy":"product_tag","embeddable":true,"href":"https:\/\/exlibris.ee\/en\/wp-json\/wp\/v2\/product_tag?post=20835"},{"taxonomy":"series","embeddable":true,"href":"https:\/\/exlibris.ee\/en\/wp-json\/wp\/v2\/series?post=20835"},{"taxonomy":"publisher","embeddable":true,"href":"https:\/\/exlibris.ee\/en\/wp-json\/wp\/v2\/publisher?post=20835"}],"curies":[{"name":"wp","href":"https:\/\/api.w.org\/{rel}","templated":true}]}}