{"id":20841,"date":"2023-02-27T13:40:43","date_gmt":"2023-02-27T11:40:43","guid":{"rendered":"https:\/\/exlibris.ee\/toode\/sprachspiele-und-mehr-schon-mal-gehort-musik-fur-deutschlerner\/"},"modified":"2026-04-06T09:09:12","modified_gmt":"2026-04-06T06:09:12","slug":"sprachspiele-und-mehr-schon-mal-gehort-musik-fur-deutschlerner","status":"publish","type":"product","link":"https:\/\/exlibris.ee\/en\/product\/sprachspiele-und-mehr-schon-mal-gehort-musik-fur-deutschlerner\/","title":{"rendered":"Schon mal geh\u00f6rt? Musik f\u00fcr Deutschlerner"},"content":{"rendered":"<p>10 Lieder unterschiedlicher K\u00fcnstler und Musikrichtungen auf einer Audio-CD und als Kopiervorlagen Zu jedem Lied Aufgaben zu H\u00f6rverstehen, Wortschatz, Grammatik, Arbeit mit dem Internet Empfehlungen zum Einsatz der Aufgaben in den jeweiligen Niveaustufen Tests L\u00f6sungen zu allen Aufgaben Viele zus\u00e4tzliche Tipps und Anregungen.<\/p>\n","protected":false},"excerpt":{"rendered":"<p>10 Lieder unterschiedlicher K\u00fcnstler und Musikrichtungen auf einer Audio-CD und als Kopiervorlagen Zu jedem Lied Aufgaben zu H\u00f6rverstehen, Wortschatz, Grammatik, Arbeit mit dem Internet Empfehlungen zum Einsatz der Aufgaben in den jeweiligen Niveaustufen Tests L\u00f6sungen zu allen Aufgaben Viele zus\u00e4tzliche&#8230;<\/p>\n","protected":false},"featured_media":25032,"template":"","meta":{"_acf_changed":false,"inline_featured_image":false},"product_brand":[],"product_cat":[503],"product_tag":[],"series":[{"id":504,"name":"Sprachspiele und Mehr","slug":"sprachspiele-und-mehr"}],"publisher":[{"id":473,"name":"Klett Verlag","slug":"klett-verlag"}],"class_list":{"0":"post-20841","1":"product","2":"type-product","3":"status-publish","4":"has-post-thumbnail","6":"product_cat-lernen-mit-bildern-und-spielen","7":"series-sprachspiele-und-mehr","8":"publisher-klett-verlag","10":"first","11":"instock","12":"taxable","13":"shipping-taxable","14":"purchasable","15":"product-type-simple"},"acf":[],"_links":{"self":[{"href":"https:\/\/exlibris.ee\/en\/wp-json\/wp\/v2\/product\/20841","targetHints":{"allow":["GET"]}}],"collection":[{"href":"https:\/\/exlibris.ee\/en\/wp-json\/wp\/v2\/product"}],"about":[{"href":"https:\/\/exlibris.ee\/en\/wp-json\/wp\/v2\/types\/product"}],"wp:featuredmedia":[{"embeddable":true,"href":"https:\/\/exlibris.ee\/en\/wp-json\/wp\/v2\/media\/25032"}],"wp:attachment":[{"href":"https:\/\/exlibris.ee\/en\/wp-json\/wp\/v2\/media?parent=20841"}],"wp:term":[{"taxonomy":"product_brand","embeddable":true,"href":"https:\/\/exlibris.ee\/en\/wp-json\/wp\/v2\/product_brand?post=20841"},{"taxonomy":"product_cat","embeddable":true,"href":"https:\/\/exlibris.ee\/en\/wp-json\/wp\/v2\/product_cat?post=20841"},{"taxonomy":"product_tag","embeddable":true,"href":"https:\/\/exlibris.ee\/en\/wp-json\/wp\/v2\/product_tag?post=20841"},{"taxonomy":"series","embeddable":true,"href":"https:\/\/exlibris.ee\/en\/wp-json\/wp\/v2\/series?post=20841"},{"taxonomy":"publisher","embeddable":true,"href":"https:\/\/exlibris.ee\/en\/wp-json\/wp\/v2\/publisher?post=20841"}],"curies":[{"name":"wp","href":"https:\/\/api.w.org\/{rel}","templated":true}]}}