{"id":20844,"date":"2023-02-27T13:40:43","date_gmt":"2023-02-27T11:40:43","guid":{"rendered":"https:\/\/exlibris.ee\/toode\/dreimal-deutsch-neu-arbeitsbuch-audiocd\/"},"modified":"2026-04-05T15:22:55","modified_gmt":"2026-04-05T12:22:55","slug":"dreimal-deutsch-neu-arbeitsbuch-audiocd","status":"publish","type":"product","link":"https:\/\/exlibris.ee\/en\/product\/dreimal-deutsch-neu-arbeitsbuch-audiocd\/","title":{"rendered":"Dreimal Deutsch Arbeitsbuch"},"content":{"rendered":"<p>Das Arbeitsbuch zur Landeskunde Deutschlands, \u00d6sterreichs und der Schweiz bietet vielf\u00e4ltige \u00dcbungen zum H\u00f6r- und Leseverst\u00e4ndnis sowie abwechslungsreiche Aufgaben zur F\u00f6rderung von Sprechen und Schreiben (auch im Pr\u00fcfungsformat Zertifikat Deutsch). Au\u00dferdem enthalten sind Anleitungen zu selbstst\u00e4ndiger Recherche und interkulturellem Vergleich sowie Ideen f\u00fcr weiterf\u00fchrende Projekte. Das Arbeitsbuch ist die ideale Erg\u00e4nzung zum Lesebuch, kann aber auch unabh\u00e4ngig davon eingesetzt werden.<\/p>\n","protected":false},"excerpt":{"rendered":"<p>Das Arbeitsbuch zur Landeskunde Deutschlands, \u00d6sterreichs und der Schweiz bietet vielf\u00e4ltige \u00dcbungen zum H\u00f6r- und Leseverst\u00e4ndnis sowie abwechslungsreiche Aufgaben zur F\u00f6rderung von Sprechen und Schreiben (auch im Pr\u00fcfungsformat Zertifikat Deutsch). Au\u00dferdem enthalten sind Anleitungen zu selbstst\u00e4ndiger Recherche und interkulturellem Vergleich&#8230;<\/p>\n","protected":false},"featured_media":55261,"template":"","meta":{"_acf_changed":false,"inline_featured_image":false},"product_brand":[],"product_cat":[490],"product_tag":[],"series":[{"id":505,"name":"Dreimal Deutsch Neu","slug":"dreimal-deutsch-neu"}],"publisher":[{"id":473,"name":"Klett Verlag","slug":"klett-verlag"}],"class_list":{"0":"post-20844","1":"product","2":"type-product","3":"status-publish","4":"has-post-thumbnail","6":"product_cat-landeskunde","7":"series-dreimal-deutsch-neu","8":"publisher-klett-verlag","10":"first","11":"instock","12":"taxable","13":"shipping-taxable","14":"purchasable","15":"product-type-simple"},"acf":[],"_links":{"self":[{"href":"https:\/\/exlibris.ee\/en\/wp-json\/wp\/v2\/product\/20844","targetHints":{"allow":["GET"]}}],"collection":[{"href":"https:\/\/exlibris.ee\/en\/wp-json\/wp\/v2\/product"}],"about":[{"href":"https:\/\/exlibris.ee\/en\/wp-json\/wp\/v2\/types\/product"}],"wp:featuredmedia":[{"embeddable":true,"href":"https:\/\/exlibris.ee\/en\/wp-json\/wp\/v2\/media\/55261"}],"wp:attachment":[{"href":"https:\/\/exlibris.ee\/en\/wp-json\/wp\/v2\/media?parent=20844"}],"wp:term":[{"taxonomy":"product_brand","embeddable":true,"href":"https:\/\/exlibris.ee\/en\/wp-json\/wp\/v2\/product_brand?post=20844"},{"taxonomy":"product_cat","embeddable":true,"href":"https:\/\/exlibris.ee\/en\/wp-json\/wp\/v2\/product_cat?post=20844"},{"taxonomy":"product_tag","embeddable":true,"href":"https:\/\/exlibris.ee\/en\/wp-json\/wp\/v2\/product_tag?post=20844"},{"taxonomy":"series","embeddable":true,"href":"https:\/\/exlibris.ee\/en\/wp-json\/wp\/v2\/series?post=20844"},{"taxonomy":"publisher","embeddable":true,"href":"https:\/\/exlibris.ee\/en\/wp-json\/wp\/v2\/publisher?post=20844"}],"curies":[{"name":"wp","href":"https:\/\/api.w.org\/{rel}","templated":true}]}}