{"id":20848,"date":"2023-02-27T13:40:44","date_gmt":"2023-02-27T11:40:44","guid":{"rendered":"https:\/\/exlibris.ee\/toode\/so-gehts-noch-besser-zu-b1-lesen\/"},"modified":"2026-04-04T03:12:46","modified_gmt":"2026-04-04T00:12:46","slug":"so-gehts-noch-besser-zu-b1-lesen","status":"publish","type":"product","link":"https:\/\/exlibris.ee\/en\/product\/so-gehts-noch-besser-zu-b1-lesen\/","title":{"rendered":"So geht\u2019s noch besser zu B1 &#8211; Lesen"},"content":{"rendered":"<p>Gezielte Vorbereitung auf den Pr\u00fcfungsteil Lesen des Goethe-\/\u00d6SD-Zertifikats B1. Detailliertes Training der Fertigkeit Lesen ab (Ende) Niveau A2. 10 thematische Einheiten, die zum Goethe-\/\u00d6SD-Zertifikat B1 f\u00fchren. Verbindliche Themenfelder des Pr\u00fcfungsformats. Vielf\u00e4ltige \u00dcbungen zu Wortschatz, Redemitteln und Sprachstrukturen. Aufgabentypen entsprechen den Pr\u00fcfungsvorgaben \u201eModul Lesen\u201c.<\/p>\n","protected":false},"excerpt":{"rendered":"<p>Gezielte Vorbereitung auf den Pr\u00fcfungsteil Lesen des Goethe-\/\u00d6SD-Zertifikats B1. Detailliertes Training der Fertigkeit Lesen ab (Ende) Niveau A2. 10 thematische Einheiten, die zum Goethe-\/\u00d6SD-Zertifikat B1 f\u00fchren. Verbindliche Themenfelder des Pr\u00fcfungsformats. Vielf\u00e4ltige \u00dcbungen zu Wortschatz, Redemitteln und Sprachstrukturen. Aufgabentypen entsprechen den&#8230;<\/p>\n","protected":false},"featured_media":55273,"template":"","meta":{"_acf_changed":false,"inline_featured_image":false},"product_brand":[],"product_cat":[507],"product_tag":[],"series":[{"id":509,"name":"So Geht\u00b4s","slug":"so-gehts"}],"publisher":[{"id":473,"name":"Klett Verlag","slug":"klett-verlag"}],"class_list":{"0":"post-20848","1":"product","2":"type-product","3":"status-publish","4":"has-post-thumbnail","6":"product_cat-prufungsvorbereitung","7":"series-so-gehts","8":"publisher-klett-verlag","10":"first","11":"onbackorder","12":"taxable","13":"shipping-taxable","14":"purchasable","15":"product-type-simple"},"acf":[],"_links":{"self":[{"href":"https:\/\/exlibris.ee\/en\/wp-json\/wp\/v2\/product\/20848","targetHints":{"allow":["GET"]}}],"collection":[{"href":"https:\/\/exlibris.ee\/en\/wp-json\/wp\/v2\/product"}],"about":[{"href":"https:\/\/exlibris.ee\/en\/wp-json\/wp\/v2\/types\/product"}],"wp:featuredmedia":[{"embeddable":true,"href":"https:\/\/exlibris.ee\/en\/wp-json\/wp\/v2\/media\/55273"}],"wp:attachment":[{"href":"https:\/\/exlibris.ee\/en\/wp-json\/wp\/v2\/media?parent=20848"}],"wp:term":[{"taxonomy":"product_brand","embeddable":true,"href":"https:\/\/exlibris.ee\/en\/wp-json\/wp\/v2\/product_brand?post=20848"},{"taxonomy":"product_cat","embeddable":true,"href":"https:\/\/exlibris.ee\/en\/wp-json\/wp\/v2\/product_cat?post=20848"},{"taxonomy":"product_tag","embeddable":true,"href":"https:\/\/exlibris.ee\/en\/wp-json\/wp\/v2\/product_tag?post=20848"},{"taxonomy":"series","embeddable":true,"href":"https:\/\/exlibris.ee\/en\/wp-json\/wp\/v2\/series?post=20848"},{"taxonomy":"publisher","embeddable":true,"href":"https:\/\/exlibris.ee\/en\/wp-json\/wp\/v2\/publisher?post=20848"}],"curies":[{"name":"wp","href":"https:\/\/api.w.org\/{rel}","templated":true}]}}