{"id":20849,"date":"2023-02-27T13:40:45","date_gmt":"2023-02-27T11:40:45","guid":{"rendered":"https:\/\/exlibris.ee\/toode\/mit-erfolg-zum-goethe-zertif-b1-ubcd\/"},"modified":"2026-04-05T15:22:59","modified_gmt":"2026-04-05T12:22:59","slug":"mit-erfolg-zum-goethe-zertif-b1-ubcd","status":"publish","type":"product","link":"https:\/\/exlibris.ee\/en\/product\/mit-erfolg-zum-goethe-zertif-b1-ubcd\/","title":{"rendered":"Mit Erf. z. Goethe-Zertif. B1, \u00dcB+CD"},"content":{"rendered":"<p>Mit Erfolg zum Goethe-\/\u00d6SD-Zertifikat B1 Gezielte Vorbereitung auf die B1-Pr\u00fcfung von Goethe-Institut und \u00d6SD. F\u00fcr Ihren Deutschkurs und f\u00fcr Selbstlerner.<\/p>\n","protected":false},"excerpt":{"rendered":"<p>Mit Erfolg zum Goethe-\/\u00d6SD-Zertifikat B1 Gezielte Vorbereitung auf die B1-Pr\u00fcfung von Goethe-Institut und \u00d6SD. F\u00fcr Ihren Deutschkurs und f\u00fcr Selbstlerner.<\/p>\n","protected":false},"featured_media":25047,"template":"","meta":{"_acf_changed":false,"inline_featured_image":false},"product_brand":[],"product_cat":[507],"product_tag":[],"series":[{"id":508,"name":"Mit Erfolg zum...","slug":"mit-erfolg-zum"}],"publisher":[{"id":473,"name":"Klett Verlag","slug":"klett-verlag"}],"class_list":{"0":"post-20849","1":"product","2":"type-product","3":"status-publish","4":"has-post-thumbnail","6":"product_cat-prufungsvorbereitung","7":"series-mit-erfolg-zum","8":"publisher-klett-verlag","10":"first","11":"onbackorder","12":"taxable","13":"shipping-taxable","14":"purchasable","15":"product-type-simple"},"acf":[],"_links":{"self":[{"href":"https:\/\/exlibris.ee\/en\/wp-json\/wp\/v2\/product\/20849","targetHints":{"allow":["GET"]}}],"collection":[{"href":"https:\/\/exlibris.ee\/en\/wp-json\/wp\/v2\/product"}],"about":[{"href":"https:\/\/exlibris.ee\/en\/wp-json\/wp\/v2\/types\/product"}],"wp:featuredmedia":[{"embeddable":true,"href":"https:\/\/exlibris.ee\/en\/wp-json\/wp\/v2\/media\/25047"}],"wp:attachment":[{"href":"https:\/\/exlibris.ee\/en\/wp-json\/wp\/v2\/media?parent=20849"}],"wp:term":[{"taxonomy":"product_brand","embeddable":true,"href":"https:\/\/exlibris.ee\/en\/wp-json\/wp\/v2\/product_brand?post=20849"},{"taxonomy":"product_cat","embeddable":true,"href":"https:\/\/exlibris.ee\/en\/wp-json\/wp\/v2\/product_cat?post=20849"},{"taxonomy":"product_tag","embeddable":true,"href":"https:\/\/exlibris.ee\/en\/wp-json\/wp\/v2\/product_tag?post=20849"},{"taxonomy":"series","embeddable":true,"href":"https:\/\/exlibris.ee\/en\/wp-json\/wp\/v2\/series?post=20849"},{"taxonomy":"publisher","embeddable":true,"href":"https:\/\/exlibris.ee\/en\/wp-json\/wp\/v2\/publisher?post=20849"}],"curies":[{"name":"wp","href":"https:\/\/api.w.org\/{rel}","templated":true}]}}