{"id":20850,"date":"2023-02-27T13:40:45","date_gmt":"2023-02-27T11:40:45","guid":{"rendered":"https:\/\/exlibris.ee\/toode\/mit-erfolg-zum-goethe-zertif-b1-tbcd\/"},"modified":"2026-04-05T15:22:59","modified_gmt":"2026-04-05T12:22:59","slug":"mit-erfolg-zum-goethe-zertif-b1-tbcd","status":"publish","type":"product","link":"https:\/\/exlibris.ee\/en\/product\/mit-erfolg-zum-goethe-zertif-b1-tbcd\/","title":{"rendered":"Mit Erf. z. Goethe-Zertif. B1, TB+CD"},"content":{"rendered":"<p>Das Testbuch enth\u00e4lt ausf\u00fchrliche Erl\u00e4uterungen zu den Pr\u00fcfungszielen und Pr\u00fcfungsbedingungen, Erl\u00e4uterungen zu den Bewertungskriterien, komplette Pr\u00fcfungen zum \u00dcben unter Pr\u00fcfungsbedingungen mit Tipps und L\u00f6sungsstrategien, L\u00f6sungen zur Selbstkontrolle.<\/p>\n","protected":false},"excerpt":{"rendered":"<p>Das Testbuch enth\u00e4lt ausf\u00fchrliche Erl\u00e4uterungen zu den Pr\u00fcfungszielen und Pr\u00fcfungsbedingungen, Erl\u00e4uterungen zu den Bewertungskriterien, komplette Pr\u00fcfungen zum \u00dcben unter Pr\u00fcfungsbedingungen mit Tipps und L\u00f6sungsstrategien, L\u00f6sungen zur Selbstkontrolle.<\/p>\n","protected":false},"featured_media":71122,"template":"","meta":{"_acf_changed":false,"inline_featured_image":false},"product_brand":[],"product_cat":[507],"product_tag":[],"series":[{"id":508,"name":"Mit Erfolg zum...","slug":"mit-erfolg-zum"}],"publisher":[{"id":473,"name":"Klett Verlag","slug":"klett-verlag"}],"class_list":{"0":"post-20850","1":"product","2":"type-product","3":"status-publish","4":"has-post-thumbnail","6":"product_cat-prufungsvorbereitung","7":"series-mit-erfolg-zum","8":"publisher-klett-verlag","10":"first","11":"onbackorder","12":"taxable","13":"shipping-taxable","14":"purchasable","15":"product-type-simple"},"acf":[],"_links":{"self":[{"href":"https:\/\/exlibris.ee\/en\/wp-json\/wp\/v2\/product\/20850","targetHints":{"allow":["GET"]}}],"collection":[{"href":"https:\/\/exlibris.ee\/en\/wp-json\/wp\/v2\/product"}],"about":[{"href":"https:\/\/exlibris.ee\/en\/wp-json\/wp\/v2\/types\/product"}],"wp:featuredmedia":[{"embeddable":true,"href":"https:\/\/exlibris.ee\/en\/wp-json\/wp\/v2\/media\/71122"}],"wp:attachment":[{"href":"https:\/\/exlibris.ee\/en\/wp-json\/wp\/v2\/media?parent=20850"}],"wp:term":[{"taxonomy":"product_brand","embeddable":true,"href":"https:\/\/exlibris.ee\/en\/wp-json\/wp\/v2\/product_brand?post=20850"},{"taxonomy":"product_cat","embeddable":true,"href":"https:\/\/exlibris.ee\/en\/wp-json\/wp\/v2\/product_cat?post=20850"},{"taxonomy":"product_tag","embeddable":true,"href":"https:\/\/exlibris.ee\/en\/wp-json\/wp\/v2\/product_tag?post=20850"},{"taxonomy":"series","embeddable":true,"href":"https:\/\/exlibris.ee\/en\/wp-json\/wp\/v2\/series?post=20850"},{"taxonomy":"publisher","embeddable":true,"href":"https:\/\/exlibris.ee\/en\/wp-json\/wp\/v2\/publisher?post=20850"}],"curies":[{"name":"wp","href":"https:\/\/api.w.org\/{rel}","templated":true}]}}