{"id":20852,"date":"2023-02-27T13:40:45","date_gmt":"2023-02-27T11:40:45","guid":{"rendered":"https:\/\/exlibris.ee\/toode\/so-gehts-z-goethe-osd-zertlehrerhandbuch\/"},"modified":"2026-04-04T03:12:47","modified_gmt":"2026-04-04T00:12:47","slug":"so-gehts-z-goethe-osd-zertlehrerhandbuch","status":"publish","type":"product","link":"https:\/\/exlibris.ee\/en\/product\/so-gehts-z-goethe-osd-zertlehrerhandbuch\/","title":{"rendered":"So geht\u00b4s z. Goethe\/\u00d6SD-Zert,Lehrerhandbuch"},"content":{"rendered":"<p>Gezielte Vorbereitung auf das Goethe-\/\u00d6SD-Zertifikat B1. F\u00fcr Ihren Deutschkurs und f\u00fcr Selbstlerner.<\/p>\n","protected":false},"excerpt":{"rendered":"<p>Gezielte Vorbereitung auf das Goethe-\/\u00d6SD-Zertifikat B1. F\u00fcr Ihren Deutschkurs und f\u00fcr Selbstlerner.<\/p>\n","protected":false},"featured_media":25023,"template":"","meta":{"_acf_changed":false,"inline_featured_image":false},"product_brand":[],"product_cat":[507],"product_tag":[],"series":[{"id":509,"name":"So Geht\u00b4s","slug":"so-gehts"}],"publisher":[{"id":473,"name":"Klett Verlag","slug":"klett-verlag"}],"class_list":{"0":"post-20852","1":"product","2":"type-product","3":"status-publish","4":"has-post-thumbnail","6":"product_cat-prufungsvorbereitung","7":"series-so-gehts","8":"publisher-klett-verlag","10":"first","11":"onbackorder","12":"taxable","13":"shipping-taxable","14":"purchasable","15":"product-type-simple"},"acf":[],"_links":{"self":[{"href":"https:\/\/exlibris.ee\/en\/wp-json\/wp\/v2\/product\/20852","targetHints":{"allow":["GET"]}}],"collection":[{"href":"https:\/\/exlibris.ee\/en\/wp-json\/wp\/v2\/product"}],"about":[{"href":"https:\/\/exlibris.ee\/en\/wp-json\/wp\/v2\/types\/product"}],"wp:featuredmedia":[{"embeddable":true,"href":"https:\/\/exlibris.ee\/en\/wp-json\/wp\/v2\/media\/25023"}],"wp:attachment":[{"href":"https:\/\/exlibris.ee\/en\/wp-json\/wp\/v2\/media?parent=20852"}],"wp:term":[{"taxonomy":"product_brand","embeddable":true,"href":"https:\/\/exlibris.ee\/en\/wp-json\/wp\/v2\/product_brand?post=20852"},{"taxonomy":"product_cat","embeddable":true,"href":"https:\/\/exlibris.ee\/en\/wp-json\/wp\/v2\/product_cat?post=20852"},{"taxonomy":"product_tag","embeddable":true,"href":"https:\/\/exlibris.ee\/en\/wp-json\/wp\/v2\/product_tag?post=20852"},{"taxonomy":"series","embeddable":true,"href":"https:\/\/exlibris.ee\/en\/wp-json\/wp\/v2\/series?post=20852"},{"taxonomy":"publisher","embeddable":true,"href":"https:\/\/exlibris.ee\/en\/wp-json\/wp\/v2\/publisher?post=20852"}],"curies":[{"name":"wp","href":"https:\/\/api.w.org\/{rel}","templated":true}]}}