{"id":20871,"date":"2023-02-27T13:40:48","date_gmt":"2023-02-27T11:40:48","guid":{"rendered":"https:\/\/exlibris.ee\/toode\/wir-neu-b1-digital\/"},"modified":"2026-04-06T09:09:18","modified_gmt":"2026-04-06T06:09:18","slug":"wir-neu-b1-digital","status":"publish","type":"product","link":"https:\/\/exlibris.ee\/en\/product\/wir-neu-b1-digital\/","title":{"rendered":"Wir Neu B1 digital"},"content":{"rendered":"<p>Die DVD-ROM enth\u00e4lt: Lehr- und Arbeitsbuch zur Pr\u00e4sentation per Whiteboard oder Beamer Lehrerhandbuch Kopiervorlagen Integrierte H\u00f6rdateien Interaktive Querverweise Praktisch: Details vergr\u00f6\u00dfern, Wichtiges markieren, Texte eingeben Zeitsparend: H\u00f6rdateien direkt abspielen, mit einem Klick zwischen den Komponenten wechseln Flexibel: Passende Kopiervorlagen ausw\u00e4hlen, eigene Notizen festhalten Bitte beachten Sie die aktuellen Systemvoraussetzungen.<\/p>\n","protected":false},"excerpt":{"rendered":"<p>Die DVD-ROM enth\u00e4lt: Lehr- und Arbeitsbuch zur Pr\u00e4sentation per Whiteboard oder Beamer Lehrerhandbuch Kopiervorlagen Integrierte H\u00f6rdateien Interaktive Querverweise Praktisch: Details vergr\u00f6\u00dfern, Wichtiges markieren, Texte eingeben Zeitsparend: H\u00f6rdateien direkt abspielen, mit einem Klick zwischen den Komponenten wechseln Flexibel: Passende Kopiervorlagen ausw\u00e4hlen,&#8230;<\/p>\n","protected":false},"featured_media":55318,"template":"","meta":{"_acf_changed":false,"inline_featured_image":false},"product_brand":[],"product_cat":[477],"product_tag":[],"series":[{"id":512,"name":"Wir Neu B1","slug":"wir-neu-b1"}],"publisher":[{"id":497,"name":"Hueber Verlag","slug":"hueber-verlag"}],"class_list":{"0":"post-20871","1":"product","2":"type-product","3":"status-publish","4":"has-post-thumbnail","6":"product_cat-lehrwerke-fur-jugendliche","7":"series-wir-neu-b1","8":"publisher-hueber-verlag","10":"first","11":"instock","12":"taxable","13":"shipping-taxable","14":"purchasable","15":"product-type-simple"},"acf":[],"_links":{"self":[{"href":"https:\/\/exlibris.ee\/en\/wp-json\/wp\/v2\/product\/20871","targetHints":{"allow":["GET"]}}],"collection":[{"href":"https:\/\/exlibris.ee\/en\/wp-json\/wp\/v2\/product"}],"about":[{"href":"https:\/\/exlibris.ee\/en\/wp-json\/wp\/v2\/types\/product"}],"wp:featuredmedia":[{"embeddable":true,"href":"https:\/\/exlibris.ee\/en\/wp-json\/wp\/v2\/media\/55318"}],"wp:attachment":[{"href":"https:\/\/exlibris.ee\/en\/wp-json\/wp\/v2\/media?parent=20871"}],"wp:term":[{"taxonomy":"product_brand","embeddable":true,"href":"https:\/\/exlibris.ee\/en\/wp-json\/wp\/v2\/product_brand?post=20871"},{"taxonomy":"product_cat","embeddable":true,"href":"https:\/\/exlibris.ee\/en\/wp-json\/wp\/v2\/product_cat?post=20871"},{"taxonomy":"product_tag","embeddable":true,"href":"https:\/\/exlibris.ee\/en\/wp-json\/wp\/v2\/product_tag?post=20871"},{"taxonomy":"series","embeddable":true,"href":"https:\/\/exlibris.ee\/en\/wp-json\/wp\/v2\/series?post=20871"},{"taxonomy":"publisher","embeddable":true,"href":"https:\/\/exlibris.ee\/en\/wp-json\/wp\/v2\/publisher?post=20871"}],"curies":[{"name":"wp","href":"https:\/\/api.w.org\/{rel}","templated":true}]}}