{"id":20873,"date":"2023-02-27T13:40:48","date_gmt":"2023-02-27T11:40:48","guid":{"rendered":"https:\/\/exlibris.ee\/toode\/so-gehts-zum-dsd-i-lehrerhandbuch-cd-dvd\/"},"modified":"2026-04-15T13:26:45","modified_gmt":"2026-04-15T10:26:45","slug":"so-gehts-zum-dsd-i-lehrerhandbuch-cd-dvd","status":"publish","type":"product","link":"https:\/\/exlibris.ee\/en\/product\/so-gehts-zum-dsd-i-lehrerhandbuch-cd-dvd\/","title":{"rendered":"So geht\u00b4s zum DSD I, Lehrerhandbuch + CD + DVD"},"content":{"rendered":"<p>Die ideale Vorbereitung auf das Deutsche Sprachdiplom Stufe 1 im Unterricht. Diese Unterrichtshandreichung enth\u00e4lt: hilfreiche Unterrichtstipps und -hinweise zur Pr\u00fcfung, die L\u00f6sungen der Aufgaben im \u00dcbungs- und Testbuch, eine DVD mit drei m\u00fcndlichen Pr\u00fcfungen.<\/p>\n","protected":false},"excerpt":{"rendered":"<p>Die ideale Vorbereitung auf das Deutsche Sprachdiplom Stufe 1 im Unterricht. Diese Unterrichtshandreichung enth\u00e4lt: hilfreiche Unterrichtstipps und -hinweise zur Pr\u00fcfung, die L\u00f6sungen der Aufgaben im \u00dcbungs- und Testbuch, eine DVD mit drei m\u00fcndlichen Pr\u00fcfungen.<\/p>\n","protected":false},"featured_media":55324,"template":"","meta":{"_acf_changed":false,"inline_featured_image":false},"product_brand":[],"product_cat":[507],"product_tag":[],"series":[{"id":509,"name":"So Geht\u00b4s","slug":"so-gehts"}],"publisher":[{"id":473,"name":"Klett Verlag","slug":"klett-verlag"}],"class_list":{"0":"post-20873","1":"product","2":"type-product","3":"status-publish","4":"has-post-thumbnail","6":"product_cat-prufungsvorbereitung","7":"series-so-gehts","8":"publisher-klett-verlag","10":"first","11":"instock","12":"taxable","13":"shipping-taxable","14":"purchasable","15":"product-type-simple"},"acf":[],"_links":{"self":[{"href":"https:\/\/exlibris.ee\/en\/wp-json\/wp\/v2\/product\/20873","targetHints":{"allow":["GET"]}}],"collection":[{"href":"https:\/\/exlibris.ee\/en\/wp-json\/wp\/v2\/product"}],"about":[{"href":"https:\/\/exlibris.ee\/en\/wp-json\/wp\/v2\/types\/product"}],"wp:featuredmedia":[{"embeddable":true,"href":"https:\/\/exlibris.ee\/en\/wp-json\/wp\/v2\/media\/55324"}],"wp:attachment":[{"href":"https:\/\/exlibris.ee\/en\/wp-json\/wp\/v2\/media?parent=20873"}],"wp:term":[{"taxonomy":"product_brand","embeddable":true,"href":"https:\/\/exlibris.ee\/en\/wp-json\/wp\/v2\/product_brand?post=20873"},{"taxonomy":"product_cat","embeddable":true,"href":"https:\/\/exlibris.ee\/en\/wp-json\/wp\/v2\/product_cat?post=20873"},{"taxonomy":"product_tag","embeddable":true,"href":"https:\/\/exlibris.ee\/en\/wp-json\/wp\/v2\/product_tag?post=20873"},{"taxonomy":"series","embeddable":true,"href":"https:\/\/exlibris.ee\/en\/wp-json\/wp\/v2\/series?post=20873"},{"taxonomy":"publisher","embeddable":true,"href":"https:\/\/exlibris.ee\/en\/wp-json\/wp\/v2\/publisher?post=20873"}],"curies":[{"name":"wp","href":"https:\/\/api.w.org\/{rel}","templated":true}]}}