{"id":20875,"date":"2023-02-27T13:40:49","date_gmt":"2023-02-27T11:40:49","guid":{"rendered":"https:\/\/exlibris.ee\/toode\/so-gehts-z-dsd-ii-testbuch-leifaden-mundl-pr\/"},"modified":"2026-04-04T03:12:49","modified_gmt":"2026-04-04T00:12:49","slug":"so-gehts-z-dsd-ii-testbuch-leifaden-mundl-pr","status":"publish","type":"product","link":"https:\/\/exlibris.ee\/en\/product\/so-gehts-z-dsd-ii-testbuch-leifaden-mundl-pr\/","title":{"rendered":"So geht\u2019s zum DSD II (B2\/C1) Neue Ausgabe"},"content":{"rendered":"<p>Das Testbuch mit Leitfaden f\u00fcr die m\u00fcndliche Pr\u00fcfung: bietet 3 komplette Modelltests, bereitet Schritt f\u00fcr Schritt auf alle Teile der m\u00fcndlichen Pr\u00fcfung vor, gibt Informationen zu Pr\u00e4sentationstechniken f\u00fcr die m\u00fcndliche Pr\u00fcfung und Hinweise zur Bewertung. Was ist neu? Die Seiten zur Schriftlichen und M\u00fcndliche Kommunikation wurden leicht angepasst und passend zur Pr\u00fcfung aktualisiert.<\/p>\n","protected":false},"excerpt":{"rendered":"<p>Das Testbuch mit Leitfaden f\u00fcr die m\u00fcndliche Pr\u00fcfung: bietet 3 komplette Modelltests, bereitet Schritt f\u00fcr Schritt auf alle Teile der m\u00fcndlichen Pr\u00fcfung vor, gibt Informationen zu Pr\u00e4sentationstechniken f\u00fcr die m\u00fcndliche Pr\u00fcfung und Hinweise zur Bewertung. Was ist neu? Die Seiten&#8230;<\/p>\n","protected":false},"featured_media":55333,"template":"","meta":{"_acf_changed":false,"inline_featured_image":false},"product_brand":[],"product_cat":[507],"product_tag":[],"series":[{"id":509,"name":"So Geht\u00b4s","slug":"so-gehts"}],"publisher":[{"id":473,"name":"Klett Verlag","slug":"klett-verlag"}],"class_list":{"0":"post-20875","1":"product","2":"type-product","3":"status-publish","4":"has-post-thumbnail","6":"product_cat-prufungsvorbereitung","7":"series-so-gehts","8":"publisher-klett-verlag","10":"first","11":"instock","12":"taxable","13":"shipping-taxable","14":"purchasable","15":"product-type-simple"},"acf":[],"_links":{"self":[{"href":"https:\/\/exlibris.ee\/en\/wp-json\/wp\/v2\/product\/20875","targetHints":{"allow":["GET"]}}],"collection":[{"href":"https:\/\/exlibris.ee\/en\/wp-json\/wp\/v2\/product"}],"about":[{"href":"https:\/\/exlibris.ee\/en\/wp-json\/wp\/v2\/types\/product"}],"wp:featuredmedia":[{"embeddable":true,"href":"https:\/\/exlibris.ee\/en\/wp-json\/wp\/v2\/media\/55333"}],"wp:attachment":[{"href":"https:\/\/exlibris.ee\/en\/wp-json\/wp\/v2\/media?parent=20875"}],"wp:term":[{"taxonomy":"product_brand","embeddable":true,"href":"https:\/\/exlibris.ee\/en\/wp-json\/wp\/v2\/product_brand?post=20875"},{"taxonomy":"product_cat","embeddable":true,"href":"https:\/\/exlibris.ee\/en\/wp-json\/wp\/v2\/product_cat?post=20875"},{"taxonomy":"product_tag","embeddable":true,"href":"https:\/\/exlibris.ee\/en\/wp-json\/wp\/v2\/product_tag?post=20875"},{"taxonomy":"series","embeddable":true,"href":"https:\/\/exlibris.ee\/en\/wp-json\/wp\/v2\/series?post=20875"},{"taxonomy":"publisher","embeddable":true,"href":"https:\/\/exlibris.ee\/en\/wp-json\/wp\/v2\/publisher?post=20875"}],"curies":[{"name":"wp","href":"https:\/\/api.w.org\/{rel}","templated":true}]}}