{"id":20884,"date":"2023-02-27T13:40:50","date_gmt":"2023-02-27T11:40:50","guid":{"rendered":"https:\/\/exlibris.ee\/toode\/magnet-neu-b1-lehrerhandbuch\/"},"modified":"2026-04-04T03:13:45","modified_gmt":"2026-04-04T00:13:45","slug":"magnet-neu-b1-lehrerhandbuch","status":"publish","type":"product","link":"https:\/\/exlibris.ee\/en\/product\/magnet-neu-b1-lehrerhandbuch\/","title":{"rendered":"Magnet neu B1, Lehrerhandbuch"},"content":{"rendered":"<p>Magnet neu &#8230; jetzt noch anziehender! ist klar aufgebaut und einfach zu handhaben zeigt noch mehr vom Leben junger Leute in Deutschland bereitet auf die Pr\u00fcfungen Fit in Deutsch 1, 2 und das Goethe-\/\u00d6SD-Zertifikat B1 vor enth\u00e4lt aktualisierte Texte und Aufgaben pr\u00e4sentiert sich in frischem Layout mit neuen Fotos.<\/p>\n","protected":false},"excerpt":{"rendered":"<p>Magnet neu &#8230; jetzt noch anziehender! ist klar aufgebaut und einfach zu handhaben zeigt noch mehr vom Leben junger Leute in Deutschland bereitet auf die Pr\u00fcfungen Fit in Deutsch 1, 2 und das Goethe-\/\u00d6SD-Zertifikat B1 vor enth\u00e4lt aktualisierte Texte und&#8230;<\/p>\n","protected":false},"featured_media":81046,"template":"","meta":{"_acf_changed":false,"inline_featured_image":false},"product_brand":[],"product_cat":[477],"product_tag":[],"series":[{"id":515,"name":"Magnet Neu B1","slug":"magnet-neu-b1"}],"publisher":[{"id":473,"name":"Klett Verlag","slug":"klett-verlag"}],"class_list":{"0":"post-20884","1":"product","2":"type-product","3":"status-publish","4":"has-post-thumbnail","6":"product_cat-lehrwerke-fur-jugendliche","7":"series-magnet-neu-b1","8":"publisher-klett-verlag","10":"first","11":"onbackorder","12":"taxable","13":"shipping-taxable","14":"purchasable","15":"product-type-simple"},"acf":[],"_links":{"self":[{"href":"https:\/\/exlibris.ee\/en\/wp-json\/wp\/v2\/product\/20884","targetHints":{"allow":["GET"]}}],"collection":[{"href":"https:\/\/exlibris.ee\/en\/wp-json\/wp\/v2\/product"}],"about":[{"href":"https:\/\/exlibris.ee\/en\/wp-json\/wp\/v2\/types\/product"}],"wp:featuredmedia":[{"embeddable":true,"href":"https:\/\/exlibris.ee\/en\/wp-json\/wp\/v2\/media\/81046"}],"wp:attachment":[{"href":"https:\/\/exlibris.ee\/en\/wp-json\/wp\/v2\/media?parent=20884"}],"wp:term":[{"taxonomy":"product_brand","embeddable":true,"href":"https:\/\/exlibris.ee\/en\/wp-json\/wp\/v2\/product_brand?post=20884"},{"taxonomy":"product_cat","embeddable":true,"href":"https:\/\/exlibris.ee\/en\/wp-json\/wp\/v2\/product_cat?post=20884"},{"taxonomy":"product_tag","embeddable":true,"href":"https:\/\/exlibris.ee\/en\/wp-json\/wp\/v2\/product_tag?post=20884"},{"taxonomy":"series","embeddable":true,"href":"https:\/\/exlibris.ee\/en\/wp-json\/wp\/v2\/series?post=20884"},{"taxonomy":"publisher","embeddable":true,"href":"https:\/\/exlibris.ee\/en\/wp-json\/wp\/v2\/publisher?post=20884"}],"curies":[{"name":"wp","href":"https:\/\/api.w.org\/{rel}","templated":true}]}}