{"id":20895,"date":"2023-02-27T13:40:53","date_gmt":"2023-02-27T11:40:53","guid":{"rendered":"https:\/\/exlibris.ee\/toode\/sprachspiele-und-mehr-einfach-sprechen\/"},"modified":"2026-04-03T09:14:22","modified_gmt":"2026-04-03T06:14:22","slug":"sprachspiele-und-mehr-einfach-sprechen","status":"publish","type":"product","link":"https:\/\/exlibris.ee\/en\/product\/sprachspiele-und-mehr-einfach-sprechen\/","title":{"rendered":"Einfach sprechen! A2-B1+CD"},"content":{"rendered":"<p>Das bew\u00e4hrte \u00dcbungsmaterial zum Erwerb einer (sehr) guten deutschen Aussprache und zur Korrektur von Ausspracheabweichungen steht in \u00fcberarbeiteter Form \u2013 gestrafft, erg\u00e4nzt, aktualisiert, mit zahlreichen zus\u00e4tzlichen Aufgaben und neuen Tonaufnahmen \u2013 zur Verf\u00fcgung. Phonothek intensiv bietet systematische und methodisch vielf\u00e4ltige \u00dcbungsm\u00f6glichkeiten und enth\u00e4lt imitative und kognitive Elemente. Wortschatz, Grammatik und Phonetik sind situations- und themenbezogen miteinander verkn\u00fcpft. Das Material eignet sich f\u00fcr den Einsatz im Gruppen- und Selbstlernunterricht ab dem Zertifikat Deutsch bzw. ab Niveaustufe B1. Es ist au\u00dferdem in der Lehreraus- und -fortbildung verwendbar.<\/p>\n","protected":false},"excerpt":{"rendered":"<p>Das bew\u00e4hrte \u00dcbungsmaterial zum Erwerb einer (sehr) guten deutschen Aussprache und zur Korrektur von Ausspracheabweichungen steht in \u00fcberarbeiteter Form \u2013 gestrafft, erg\u00e4nzt, aktualisiert, mit zahlreichen zus\u00e4tzlichen Aufgaben und neuen Tonaufnahmen \u2013 zur Verf\u00fcgung. Phonothek intensiv bietet systematische und methodisch vielf\u00e4ltige&#8230;<\/p>\n","protected":false},"featured_media":55351,"template":"","meta":{"_acf_changed":false,"inline_featured_image":false},"product_brand":[],"product_cat":[538],"product_tag":[],"series":[{"id":504,"name":"Sprachspiele und Mehr","slug":"sprachspiele-und-mehr"}],"publisher":[{"id":473,"name":"Klett Verlag","slug":"klett-verlag"}],"class_list":{"0":"post-20895","1":"product","2":"type-product","3":"status-publish","4":"has-post-thumbnail","6":"product_cat-lehrwerke-fur-erwachsene","7":"series-sprachspiele-und-mehr","8":"publisher-klett-verlag","10":"first","11":"instock","12":"taxable","13":"shipping-taxable","14":"purchasable","15":"product-type-simple"},"acf":[],"_links":{"self":[{"href":"https:\/\/exlibris.ee\/en\/wp-json\/wp\/v2\/product\/20895","targetHints":{"allow":["GET"]}}],"collection":[{"href":"https:\/\/exlibris.ee\/en\/wp-json\/wp\/v2\/product"}],"about":[{"href":"https:\/\/exlibris.ee\/en\/wp-json\/wp\/v2\/types\/product"}],"wp:featuredmedia":[{"embeddable":true,"href":"https:\/\/exlibris.ee\/en\/wp-json\/wp\/v2\/media\/55351"}],"wp:attachment":[{"href":"https:\/\/exlibris.ee\/en\/wp-json\/wp\/v2\/media?parent=20895"}],"wp:term":[{"taxonomy":"product_brand","embeddable":true,"href":"https:\/\/exlibris.ee\/en\/wp-json\/wp\/v2\/product_brand?post=20895"},{"taxonomy":"product_cat","embeddable":true,"href":"https:\/\/exlibris.ee\/en\/wp-json\/wp\/v2\/product_cat?post=20895"},{"taxonomy":"product_tag","embeddable":true,"href":"https:\/\/exlibris.ee\/en\/wp-json\/wp\/v2\/product_tag?post=20895"},{"taxonomy":"series","embeddable":true,"href":"https:\/\/exlibris.ee\/en\/wp-json\/wp\/v2\/series?post=20895"},{"taxonomy":"publisher","embeddable":true,"href":"https:\/\/exlibris.ee\/en\/wp-json\/wp\/v2\/publisher?post=20895"}],"curies":[{"name":"wp","href":"https:\/\/api.w.org\/{rel}","templated":true}]}}