{"id":20900,"date":"2023-02-27T13:40:54","date_gmt":"2023-02-27T11:40:54","guid":{"rendered":"https:\/\/exlibris.ee\/toode\/deutsch-echt-einfach-a2-lehrerhandbuch\/"},"modified":"2026-04-05T15:24:22","modified_gmt":"2026-04-05T12:24:22","slug":"deutsch-echt-einfach-a2-lehrerhandbuch","status":"publish","type":"product","link":"https:\/\/exlibris.ee\/en\/product\/deutsch-echt-einfach-a2-lehrerhandbuch\/","title":{"rendered":"Deutsch echt einfach! A2 Lehrerhandbuch"},"content":{"rendered":"<p>Deutsch einfach und sicher lernen: Mit dem Kursbuch Deutsch echt einfach f\u00c3\u00bcr Jugendliche.Das Lehrwerk \u00c3\u00bcberzeugt durch eine klare und einfache Lektionsstruktur, jugendgerechte Themen, originelle Illustrationen und didaktisierte Videos. Deutsch echt einfach bietet ein intensives Fertigkeitentraining, viele \u00c3\u0153bungen vermitteln die Grammatik in kleinen Schritten.Es bereitet gezielt auf folgende Pr\u00c3\u00bcfungen vor: Fit in Deutsch 1, Goethe-Zertifikat A2: Fit in Deutsch und Goethe-Zertifikat B1 f\u00c3\u00bcr Jugendliche<\/p>\n","protected":false},"excerpt":{"rendered":"<p>Deutsch einfach und sicher lernen: Mit dem Kursbuch Deutsch echt einfach f\u00c3\u00bcr Jugendliche.Das Lehrwerk \u00c3\u00bcberzeugt durch eine klare und einfache Lektionsstruktur, jugendgerechte Themen, originelle Illustrationen und didaktisierte Videos. Deutsch echt einfach bietet ein intensives Fertigkeitentraining, viele \u00c3\u0153bungen vermitteln die Grammatik&#8230;<\/p>\n","protected":false},"featured_media":41118,"template":"","meta":{"_acf_changed":false,"inline_featured_image":false},"product_brand":[],"product_cat":[477],"product_tag":[],"series":[{"id":518,"name":"Deutsch echt einfach! A2","slug":"deutsch-echt-einfach-a2"}],"publisher":[{"id":497,"name":"Hueber Verlag","slug":"hueber-verlag"}],"class_list":{"0":"post-20900","1":"product","2":"type-product","3":"status-publish","4":"has-post-thumbnail","6":"product_cat-lehrwerke-fur-jugendliche","7":"series-deutsch-echt-einfach-a2","8":"publisher-hueber-verlag","10":"first","11":"onbackorder","12":"taxable","13":"shipping-taxable","14":"purchasable","15":"product-type-simple"},"acf":[],"_links":{"self":[{"href":"https:\/\/exlibris.ee\/en\/wp-json\/wp\/v2\/product\/20900","targetHints":{"allow":["GET"]}}],"collection":[{"href":"https:\/\/exlibris.ee\/en\/wp-json\/wp\/v2\/product"}],"about":[{"href":"https:\/\/exlibris.ee\/en\/wp-json\/wp\/v2\/types\/product"}],"wp:featuredmedia":[{"embeddable":true,"href":"https:\/\/exlibris.ee\/en\/wp-json\/wp\/v2\/media\/41118"}],"wp:attachment":[{"href":"https:\/\/exlibris.ee\/en\/wp-json\/wp\/v2\/media?parent=20900"}],"wp:term":[{"taxonomy":"product_brand","embeddable":true,"href":"https:\/\/exlibris.ee\/en\/wp-json\/wp\/v2\/product_brand?post=20900"},{"taxonomy":"product_cat","embeddable":true,"href":"https:\/\/exlibris.ee\/en\/wp-json\/wp\/v2\/product_cat?post=20900"},{"taxonomy":"product_tag","embeddable":true,"href":"https:\/\/exlibris.ee\/en\/wp-json\/wp\/v2\/product_tag?post=20900"},{"taxonomy":"series","embeddable":true,"href":"https:\/\/exlibris.ee\/en\/wp-json\/wp\/v2\/series?post=20900"},{"taxonomy":"publisher","embeddable":true,"href":"https:\/\/exlibris.ee\/en\/wp-json\/wp\/v2\/publisher?post=20900"}],"curies":[{"name":"wp","href":"https:\/\/api.w.org\/{rel}","templated":true}]}}