{"id":20908,"date":"2023-02-27T13:40:55","date_gmt":"2023-02-27T11:40:55","guid":{"rendered":"https:\/\/exlibris.ee\/toode\/mittelpunkt-neu-b1-lehrerhandbuch\/"},"modified":"2026-04-05T15:24:24","modified_gmt":"2026-04-05T12:24:24","slug":"mittelpunkt-neu-b1-lehrerhandbuch","status":"publish","type":"product","link":"https:\/\/exlibris.ee\/en\/product\/mittelpunkt-neu-b1-lehrerhandbuch\/","title":{"rendered":"Mittelpunkt neu B1+: Lehrerhandbuch"},"content":{"rendered":"<p>Das Lehrerhandbuch enth\u00e4lt Tipps f\u00fcr die Arbeit mit Mittelpunkt neu; Ideen f\u00fcr zus\u00e4tzliche Unterrichtsprojekte und Spiele; 6 Lektionstests; L\u00f6sungen und Transkriptionen zum Lehrbuchteil.<\/p>\n","protected":false},"excerpt":{"rendered":"<p>Das Lehrerhandbuch enth\u00e4lt Tipps f\u00fcr die Arbeit mit Mittelpunkt neu; Ideen f\u00fcr zus\u00e4tzliche Unterrichtsprojekte und Spiele; 6 Lektionstests; L\u00f6sungen und Transkriptionen zum Lehrbuchteil.<\/p>\n","protected":false},"featured_media":22770,"template":"","meta":{"_acf_changed":false,"inline_featured_image":false},"product_brand":[],"product_cat":[538],"product_tag":[],"series":[{"id":520,"name":"Mittelpunkt Neu B1+","slug":"mittelpunkt-neu-b1"}],"publisher":[{"id":473,"name":"Klett Verlag","slug":"klett-verlag"}],"class_list":{"0":"post-20908","1":"product","2":"type-product","3":"status-publish","4":"has-post-thumbnail","6":"product_cat-lehrwerke-fur-erwachsene","7":"series-mittelpunkt-neu-b1","8":"publisher-klett-verlag","10":"first","11":"instock","12":"taxable","13":"shipping-taxable","14":"purchasable","15":"product-type-simple"},"acf":[],"_links":{"self":[{"href":"https:\/\/exlibris.ee\/en\/wp-json\/wp\/v2\/product\/20908","targetHints":{"allow":["GET"]}}],"collection":[{"href":"https:\/\/exlibris.ee\/en\/wp-json\/wp\/v2\/product"}],"about":[{"href":"https:\/\/exlibris.ee\/en\/wp-json\/wp\/v2\/types\/product"}],"wp:featuredmedia":[{"embeddable":true,"href":"https:\/\/exlibris.ee\/en\/wp-json\/wp\/v2\/media\/22770"}],"wp:attachment":[{"href":"https:\/\/exlibris.ee\/en\/wp-json\/wp\/v2\/media?parent=20908"}],"wp:term":[{"taxonomy":"product_brand","embeddable":true,"href":"https:\/\/exlibris.ee\/en\/wp-json\/wp\/v2\/product_brand?post=20908"},{"taxonomy":"product_cat","embeddable":true,"href":"https:\/\/exlibris.ee\/en\/wp-json\/wp\/v2\/product_cat?post=20908"},{"taxonomy":"product_tag","embeddable":true,"href":"https:\/\/exlibris.ee\/en\/wp-json\/wp\/v2\/product_tag?post=20908"},{"taxonomy":"series","embeddable":true,"href":"https:\/\/exlibris.ee\/en\/wp-json\/wp\/v2\/series?post=20908"},{"taxonomy":"publisher","embeddable":true,"href":"https:\/\/exlibris.ee\/en\/wp-json\/wp\/v2\/publisher?post=20908"}],"curies":[{"name":"wp","href":"https:\/\/api.w.org\/{rel}","templated":true}]}}