{"id":20924,"date":"2023-02-27T13:40:58","date_gmt":"2023-02-27T11:40:58","guid":{"rendered":"https:\/\/exlibris.ee\/toode\/sprachspiele-und-mehr-22-brettspiele\/"},"modified":"2026-04-06T09:10:22","modified_gmt":"2026-04-06T06:10:22","slug":"sprachspiele-und-mehr-22-brettspiele","status":"publish","type":"product","link":"https:\/\/exlibris.ee\/en\/product\/sprachspiele-und-mehr-22-brettspiele\/","title":{"rendered":"22 Brettspiele DaF"},"content":{"rendered":"<p>Spannende Unterhaltung mit konkreten Lernzielen Motivierende Spiele erleichtern das Ein\u00fcben von Grammatik und Wortschatz, f\u00f6rdern freies Sprechen in Alltagssituationen, Brettspiele tragen zur Verbesserung der Teamf\u00e4higkeit unter den Lernenden bei, Ideal zum Einstieg in den Kurs, zur Wiederholung des Lernstoffes oder zum Ausklang des Unterrichts, Ideal f\u00fcr Lernende unterschiedlicher Niveaus, Mit Kopiervorlagen.<\/p>\n","protected":false},"excerpt":{"rendered":"<p>Spannende Unterhaltung mit konkreten Lernzielen Motivierende Spiele erleichtern das Ein\u00fcben von Grammatik und Wortschatz, f\u00f6rdern freies Sprechen in Alltagssituationen, Brettspiele tragen zur Verbesserung der Teamf\u00e4higkeit unter den Lernenden bei, Ideal zum Einstieg in den Kurs, zur Wiederholung des Lernstoffes oder&#8230;<\/p>\n","protected":false},"featured_media":55432,"template":"","meta":{"_acf_changed":false,"inline_featured_image":false},"product_brand":[],"product_cat":[503],"product_tag":[],"series":[{"id":504,"name":"Sprachspiele und Mehr","slug":"sprachspiele-und-mehr"}],"publisher":[{"id":473,"name":"Klett Verlag","slug":"klett-verlag"}],"class_list":{"0":"post-20924","1":"product","2":"type-product","3":"status-publish","4":"has-post-thumbnail","6":"product_cat-lernen-mit-bildern-und-spielen","7":"series-sprachspiele-und-mehr","8":"publisher-klett-verlag","10":"first","11":"onbackorder","12":"taxable","13":"shipping-taxable","14":"purchasable","15":"product-type-simple"},"acf":[],"_links":{"self":[{"href":"https:\/\/exlibris.ee\/en\/wp-json\/wp\/v2\/product\/20924","targetHints":{"allow":["GET"]}}],"collection":[{"href":"https:\/\/exlibris.ee\/en\/wp-json\/wp\/v2\/product"}],"about":[{"href":"https:\/\/exlibris.ee\/en\/wp-json\/wp\/v2\/types\/product"}],"wp:featuredmedia":[{"embeddable":true,"href":"https:\/\/exlibris.ee\/en\/wp-json\/wp\/v2\/media\/55432"}],"wp:attachment":[{"href":"https:\/\/exlibris.ee\/en\/wp-json\/wp\/v2\/media?parent=20924"}],"wp:term":[{"taxonomy":"product_brand","embeddable":true,"href":"https:\/\/exlibris.ee\/en\/wp-json\/wp\/v2\/product_brand?post=20924"},{"taxonomy":"product_cat","embeddable":true,"href":"https:\/\/exlibris.ee\/en\/wp-json\/wp\/v2\/product_cat?post=20924"},{"taxonomy":"product_tag","embeddable":true,"href":"https:\/\/exlibris.ee\/en\/wp-json\/wp\/v2\/product_tag?post=20924"},{"taxonomy":"series","embeddable":true,"href":"https:\/\/exlibris.ee\/en\/wp-json\/wp\/v2\/series?post=20924"},{"taxonomy":"publisher","embeddable":true,"href":"https:\/\/exlibris.ee\/en\/wp-json\/wp\/v2\/publisher?post=20924"}],"curies":[{"name":"wp","href":"https:\/\/api.w.org\/{rel}","templated":true}]}}