{"id":20935,"date":"2023-02-27T13:41:01","date_gmt":"2023-02-27T11:41:01","guid":{"rendered":"https:\/\/exlibris.ee\/toode\/fit-fur-tipps-und-ubungen-ubungsbuch-mit-audio-cd-extra\/"},"modified":"2026-04-05T15:25:46","modified_gmt":"2026-04-05T12:25:46","slug":"fit-fur-tipps-und-ubungen-ubungsbuch-mit-audio-cd-extra","status":"publish","type":"product","link":"https:\/\/exlibris.ee\/en\/product\/fit-fur-tipps-und-ubungen-ubungsbuch-mit-audio-cd-extra\/","title":{"rendered":"Fit f\u00fcr die DSH  Tipps und \u00dcbungen \/ \u00dcbungsbuch mit Audio-CD-Extra"},"content":{"rendered":"<p>Das Buch wendet sich an Lernende mit Kenntnissen auf der Niveaustufe C1, mindestens aber sehr guten Kenntnissen auf Niveau B2, die an einer deutschsprachigen Universit\u00e4t studieren wollen und dazu die Deutsche Sprachpr\u00fcfung f\u00fcr den Hochschulzugang (DSH) ablegen m\u00fcssen. Die CD-Extra enth\u00e4lt die Audio-Dateien f\u00fcr den CD-Player und die L\u00f6sungen und Transkriptionen als PDF-Dateien f\u00fcr den Computer.<\/p>\n","protected":false},"excerpt":{"rendered":"<p>Das Buch wendet sich an Lernende mit Kenntnissen auf der Niveaustufe C1, mindestens aber sehr guten Kenntnissen auf Niveau B2, die an einer deutschsprachigen Universit\u00e4t studieren wollen und dazu die Deutsche Sprachpr\u00fcfung f\u00fcr den Hochschulzugang (DSH) ablegen m\u00fcssen. Die CD-Extra&#8230;<\/p>\n","protected":false},"featured_media":55513,"template":"","meta":{"_acf_changed":false,"inline_featured_image":false},"product_brand":[],"product_cat":[507],"product_tag":[],"series":[{"id":531,"name":"Fit F\u00fcr","slug":"fit-fur"}],"publisher":[{"id":497,"name":"Hueber Verlag","slug":"hueber-verlag"}],"class_list":{"0":"post-20935","1":"product","2":"type-product","3":"status-publish","4":"has-post-thumbnail","6":"product_cat-prufungsvorbereitung","7":"series-fit-fur","8":"publisher-hueber-verlag","10":"first","11":"instock","12":"taxable","13":"shipping-taxable","14":"purchasable","15":"product-type-simple"},"acf":[],"_links":{"self":[{"href":"https:\/\/exlibris.ee\/en\/wp-json\/wp\/v2\/product\/20935","targetHints":{"allow":["GET"]}}],"collection":[{"href":"https:\/\/exlibris.ee\/en\/wp-json\/wp\/v2\/product"}],"about":[{"href":"https:\/\/exlibris.ee\/en\/wp-json\/wp\/v2\/types\/product"}],"wp:featuredmedia":[{"embeddable":true,"href":"https:\/\/exlibris.ee\/en\/wp-json\/wp\/v2\/media\/55513"}],"wp:attachment":[{"href":"https:\/\/exlibris.ee\/en\/wp-json\/wp\/v2\/media?parent=20935"}],"wp:term":[{"taxonomy":"product_brand","embeddable":true,"href":"https:\/\/exlibris.ee\/en\/wp-json\/wp\/v2\/product_brand?post=20935"},{"taxonomy":"product_cat","embeddable":true,"href":"https:\/\/exlibris.ee\/en\/wp-json\/wp\/v2\/product_cat?post=20935"},{"taxonomy":"product_tag","embeddable":true,"href":"https:\/\/exlibris.ee\/en\/wp-json\/wp\/v2\/product_tag?post=20935"},{"taxonomy":"series","embeddable":true,"href":"https:\/\/exlibris.ee\/en\/wp-json\/wp\/v2\/series?post=20935"},{"taxonomy":"publisher","embeddable":true,"href":"https:\/\/exlibris.ee\/en\/wp-json\/wp\/v2\/publisher?post=20935"}],"curies":[{"name":"wp","href":"https:\/\/api.w.org\/{rel}","templated":true}]}}