{"id":20938,"date":"2023-02-27T13:41:01","date_gmt":"2023-02-27T11:41:01","guid":{"rendered":"https:\/\/exlibris.ee\/toode\/planet-plus-a2-1-kursbuch\/"},"modified":"2026-04-04T03:14:57","modified_gmt":"2026-04-04T00:14:57","slug":"planet-plus-a2-1-kursbuch","status":"publish","type":"product","link":"https:\/\/exlibris.ee\/en\/product\/planet-plus-a2-1-kursbuch\/","title":{"rendered":"Planet Plus A2.1  Deutsch f\u00fcr Jugendliche \/ Kursbuch"},"content":{"rendered":"<p>Planet Plus \u2013 die erfolgreiche Neubearbeitung des Klassikers Das bew\u00e4hrte Autorenteam von Planet hat das beliebte Lehrwerk jetzt noch attraktiver gemacht: Planet Plus bietet neue Inhalte, kurze Lektionen und eine moderne, jugendgerechte Optik mit vielen ansprechenden Fotos \u2013 gleichzeitig machen die gewohnte Progression und der transparente Aufbau des Lehrwerks die Unterrichtsvorbereitung fast schon zum \u201eKinderspiel\u201c! Lernen in kleinen Etappen Planet Plus umfasst pro Niveaustufe je zwei Halbb\u00e4nde und bietet pro Halbband vier Module mit jeweils drei kurzen Lektionen: So wird der Lernstoff in noch \u00fcberschaubarere Portionen verteilt \u2013 und die kleinen Geschichten pro Modul bilden wie gewohnt die inhaltliche Klammer. Noch ein besonderes Plus: Die vorgeschalteten Seiten zu Beginn beider Halbb\u00e4nde erm\u00f6glichen einen besonders sanften Einstieg in die neue Sprache. Transparente Optik f\u00f6rdert die Lernerautonomie Ganz neu im ansprechenden modernen Layout ist die Pr\u00e4sentation des Lernstoffs in einer Extra-Spalte. So wissen Ihre Sch\u00fcler und Sch\u00fclerinnen jederzeit, was in welcher Aufgabe ansteht \u2013 und das f\u00f6rdert die Lernerautonomie in Ihrer Klasse!.<\/p>\n","protected":false},"excerpt":{"rendered":"<p>Planet Plus \u2013 die erfolgreiche Neubearbeitung des Klassikers Das bew\u00e4hrte Autorenteam von Planet hat das beliebte Lehrwerk jetzt noch attraktiver gemacht: Planet Plus bietet neue Inhalte, kurze Lektionen und eine moderne, jugendgerechte Optik mit vielen ansprechenden Fotos \u2013 gleichzeitig machen&#8230;<\/p>\n","protected":false},"featured_media":55522,"template":"","meta":{"_acf_changed":false,"inline_featured_image":false},"product_brand":[],"product_cat":[477],"product_tag":[],"series":[{"id":534,"name":"Planet Plus A2.1","slug":"planet-plus-a2-1"}],"publisher":[{"id":497,"name":"Hueber Verlag","slug":"hueber-verlag"}],"class_list":{"0":"post-20938","1":"product","2":"type-product","3":"status-publish","4":"has-post-thumbnail","6":"product_cat-lehrwerke-fur-jugendliche","7":"series-planet-plus-a2-1","8":"publisher-hueber-verlag","10":"first","11":"instock","12":"taxable","13":"shipping-taxable","14":"purchasable","15":"product-type-simple"},"acf":[],"_links":{"self":[{"href":"https:\/\/exlibris.ee\/en\/wp-json\/wp\/v2\/product\/20938","targetHints":{"allow":["GET"]}}],"collection":[{"href":"https:\/\/exlibris.ee\/en\/wp-json\/wp\/v2\/product"}],"about":[{"href":"https:\/\/exlibris.ee\/en\/wp-json\/wp\/v2\/types\/product"}],"wp:featuredmedia":[{"embeddable":true,"href":"https:\/\/exlibris.ee\/en\/wp-json\/wp\/v2\/media\/55522"}],"wp:attachment":[{"href":"https:\/\/exlibris.ee\/en\/wp-json\/wp\/v2\/media?parent=20938"}],"wp:term":[{"taxonomy":"product_brand","embeddable":true,"href":"https:\/\/exlibris.ee\/en\/wp-json\/wp\/v2\/product_brand?post=20938"},{"taxonomy":"product_cat","embeddable":true,"href":"https:\/\/exlibris.ee\/en\/wp-json\/wp\/v2\/product_cat?post=20938"},{"taxonomy":"product_tag","embeddable":true,"href":"https:\/\/exlibris.ee\/en\/wp-json\/wp\/v2\/product_tag?post=20938"},{"taxonomy":"series","embeddable":true,"href":"https:\/\/exlibris.ee\/en\/wp-json\/wp\/v2\/series?post=20938"},{"taxonomy":"publisher","embeddable":true,"href":"https:\/\/exlibris.ee\/en\/wp-json\/wp\/v2\/publisher?post=20938"}],"curies":[{"name":"wp","href":"https:\/\/api.w.org\/{rel}","templated":true}]}}