{"id":20944,"date":"2023-02-27T13:41:02","date_gmt":"2023-02-27T11:41:02","guid":{"rendered":"https:\/\/exlibris.ee\/toode\/ideen-sprachniveau-1-kursbuch\/"},"modified":"2026-04-13T23:31:15","modified_gmt":"2026-04-13T20:31:15","slug":"ideen-sprachniveau-1-kursbuch","status":"publish","type":"product","link":"https:\/\/exlibris.ee\/en\/product\/ideen-sprachniveau-1-kursbuch\/","title":{"rendered":"Ideen 1  Kursbuch"},"content":{"rendered":"<p>Zielgruppe: Jugendliche und junge Erwachsene im In- und Ausland ohne Vorkenntnisse. Lernziel: F\u00fchrt zur Niveaustufe A1 des Europ\u00e4ischen Referenzrahmens und bereitet auf die Pr\u00fcfung Fit in Deutsch 1 vor. Neue Ideen f\u00fcr den Unterricht mit Jugendlichen! Jugendliche zu unterrichten ist eine interessante, aber nicht immer leichte Aufgabe. Die Ursachen f\u00fcr viele Probleme liegen oft in der komplexen entwicklungsbedingten Situation, in der sich die Jugendlichen in diesem Alter befinden. In der \u00dcbergangsphase von der Kindheit zum Erwachsenenleben m\u00fcssen sie ihre eigene Identit\u00e4t neu definieren. Ideen ist ein Lehrwerk, das f\u00fcr die besonderen Herausforderungen dieser Zielgruppe professionelles Material anbietet. Die Struktur der Einheiten, die Auswahl der Texte, die \u00dcbungstypologie, die Illustrationen und das Layout \u2013 alles passt sich diesen Erfordernissen an. Themen: Vom Au\u00dfergew\u00f6hnlichen zur eigenen Erfahrungswelt  Jugendliche sind nicht ohne Weiteres bereit, \u00fcber sich selbst zu sprechen und pers\u00f6nliche Dinge preiszugeben. Je weiter die Inhalte entfernt sind von ihrer eigenen Lebenssituation, desto motivierender und stimulierender wirken sie meist. Die Vorliebe f\u00fcr au\u00dfergew\u00f6hnliche Inhalte geht Hand in Hand mit der Faszination an Extremen und an realistischen Detailinformationen. Gerne identifizieren sie sich mit Idolen, in denen sie jene Qualit\u00e4ten vermuten, die f\u00fcr das \u00dcberleben in einer bedrohlichen Welt notwendig sind &#8211; Mut, Genialit\u00e4t, Kreativit\u00e4t und Liebe. Ideen baut auf Texten auf, die weit von der Alltagsrealit\u00e4t der Jugendlichen entfernt sind, und macht es damit f\u00fcr die Jugendlichen einfacher, Interesse f\u00fcr das Thema zu zeigen. In den Folgeschritten werden solche Themen aber mit der Erfahrungswelt der Jugendlichen in Verbindung gebracht und zugleich mit wichtigen Unterrichtsinhalten verkn\u00fcpft. So wird das Deutschlernen f\u00fcr die Jugendlichen motivierend und effektiv. Methodik Ideen folgt einem aufgabenorientierten, kommunikativen Ansatz, bei dem sprachliche Fertigkei<\/p>\n","protected":false},"excerpt":{"rendered":"<p>Zielgruppe: Jugendliche und junge Erwachsene im In- und Ausland ohne Vorkenntnisse. Lernziel: F\u00fchrt zur Niveaustufe A1 des Europ\u00e4ischen Referenzrahmens und bereitet auf die Pr\u00fcfung Fit in Deutsch 1 vor. Neue Ideen f\u00fcr den Unterricht mit Jugendlichen! Jugendliche zu unterrichten ist&#8230;<\/p>\n","protected":false},"featured_media":55537,"template":"","meta":{"_acf_changed":false,"inline_featured_image":false},"product_brand":[],"product_cat":[1121],"product_tag":[],"series":[{"id":541,"name":"Ideen Sprachniveau 1","slug":"ideen-sprachniveau-1"}],"publisher":[{"id":497,"name":"Hueber Verlag","slug":"hueber-verlag"}],"class_list":{"0":"post-20944","1":"product","2":"type-product","3":"status-publish","4":"has-post-thumbnail","6":"product_cat-lehrwerke-fur-jugendliche-und-erwachsene","7":"series-ideen-sprachniveau-1","8":"publisher-hueber-verlag","10":"first","11":"onbackorder","12":"taxable","13":"shipping-taxable","14":"purchasable","15":"product-type-simple"},"acf":[],"_links":{"self":[{"href":"https:\/\/exlibris.ee\/en\/wp-json\/wp\/v2\/product\/20944","targetHints":{"allow":["GET"]}}],"collection":[{"href":"https:\/\/exlibris.ee\/en\/wp-json\/wp\/v2\/product"}],"about":[{"href":"https:\/\/exlibris.ee\/en\/wp-json\/wp\/v2\/types\/product"}],"wp:featuredmedia":[{"embeddable":true,"href":"https:\/\/exlibris.ee\/en\/wp-json\/wp\/v2\/media\/55537"}],"wp:attachment":[{"href":"https:\/\/exlibris.ee\/en\/wp-json\/wp\/v2\/media?parent=20944"}],"wp:term":[{"taxonomy":"product_brand","embeddable":true,"href":"https:\/\/exlibris.ee\/en\/wp-json\/wp\/v2\/product_brand?post=20944"},{"taxonomy":"product_cat","embeddable":true,"href":"https:\/\/exlibris.ee\/en\/wp-json\/wp\/v2\/product_cat?post=20944"},{"taxonomy":"product_tag","embeddable":true,"href":"https:\/\/exlibris.ee\/en\/wp-json\/wp\/v2\/product_tag?post=20944"},{"taxonomy":"series","embeddable":true,"href":"https:\/\/exlibris.ee\/en\/wp-json\/wp\/v2\/series?post=20944"},{"taxonomy":"publisher","embeddable":true,"href":"https:\/\/exlibris.ee\/en\/wp-json\/wp\/v2\/publisher?post=20944"}],"curies":[{"name":"wp","href":"https:\/\/api.w.org\/{rel}","templated":true}]}}