{"id":20948,"date":"2023-02-27T13:41:03","date_gmt":"2023-02-27T11:41:03","guid":{"rendered":"https:\/\/exlibris.ee\/toode\/ausblick-sprachniveau-2-kursbuch\/"},"modified":"2026-04-06T09:10:27","modified_gmt":"2026-04-06T06:10:27","slug":"ausblick-sprachniveau-2-kursbuch","status":"publish","type":"product","link":"https:\/\/exlibris.ee\/en\/product\/ausblick-sprachniveau-2-kursbuch\/","title":{"rendered":"AusBlick 2  \/ Kursbuch"},"content":{"rendered":"<p>AusBlick 2 f\u00fchrt u.a. zum Goethe-Zertifikat B2 sowie zu den Abschlusspr\u00fcfungen Deutsch (Niveau B2) an Schulen in verschiedenen L\u00e4ndern.<\/p>\n","protected":false},"excerpt":{"rendered":"<p>AusBlick 2 f\u00fchrt u.a. zum Goethe-Zertifikat B2 sowie zu den Abschlusspr\u00fcfungen Deutsch (Niveau B2) an Schulen in verschiedenen L\u00e4ndern.<\/p>\n","protected":false},"featured_media":55549,"template":"","meta":{"_acf_changed":false,"inline_featured_image":false},"product_brand":[],"product_cat":[1121],"product_tag":[],"series":[{"id":545,"name":"Ausblick Sprachniveau 2","slug":"ausblick-sprachniveau-2"}],"publisher":[{"id":497,"name":"Hueber Verlag","slug":"hueber-verlag"}],"class_list":{"0":"post-20948","1":"product","2":"type-product","3":"status-publish","4":"has-post-thumbnail","6":"product_cat-lehrwerke-fur-jugendliche-und-erwachsene","7":"series-ausblick-sprachniveau-2","8":"publisher-hueber-verlag","10":"first","11":"instock","12":"taxable","13":"shipping-taxable","14":"purchasable","15":"product-type-simple"},"acf":[],"_links":{"self":[{"href":"https:\/\/exlibris.ee\/en\/wp-json\/wp\/v2\/product\/20948","targetHints":{"allow":["GET"]}}],"collection":[{"href":"https:\/\/exlibris.ee\/en\/wp-json\/wp\/v2\/product"}],"about":[{"href":"https:\/\/exlibris.ee\/en\/wp-json\/wp\/v2\/types\/product"}],"wp:featuredmedia":[{"embeddable":true,"href":"https:\/\/exlibris.ee\/en\/wp-json\/wp\/v2\/media\/55549"}],"wp:attachment":[{"href":"https:\/\/exlibris.ee\/en\/wp-json\/wp\/v2\/media?parent=20948"}],"wp:term":[{"taxonomy":"product_brand","embeddable":true,"href":"https:\/\/exlibris.ee\/en\/wp-json\/wp\/v2\/product_brand?post=20948"},{"taxonomy":"product_cat","embeddable":true,"href":"https:\/\/exlibris.ee\/en\/wp-json\/wp\/v2\/product_cat?post=20948"},{"taxonomy":"product_tag","embeddable":true,"href":"https:\/\/exlibris.ee\/en\/wp-json\/wp\/v2\/product_tag?post=20948"},{"taxonomy":"series","embeddable":true,"href":"https:\/\/exlibris.ee\/en\/wp-json\/wp\/v2\/series?post=20948"},{"taxonomy":"publisher","embeddable":true,"href":"https:\/\/exlibris.ee\/en\/wp-json\/wp\/v2\/publisher?post=20948"}],"curies":[{"name":"wp","href":"https:\/\/api.w.org\/{rel}","templated":true}]}}