{"id":20958,"date":"2023-02-27T13:41:05","date_gmt":"2023-02-27T11:41:05","guid":{"rendered":"https:\/\/exlibris.ee\/toode\/schritte-neu-grammatik\/"},"modified":"2026-04-13T23:32:29","modified_gmt":"2026-04-13T20:32:29","slug":"schritte-neu-grammatik","status":"publish","type":"product","link":"https:\/\/exlibris.ee\/en\/product\/schritte-neu-grammatik\/","title":{"rendered":"Schritte neu Grammatik  \u00dcbungsgrammatik"},"content":{"rendered":"<p>die ideale Erg\u00e4nzung zu Schritte plus Neu und Schritte international Neu &#8211; auch lehrwerksunabh\u00e4ngig einsetzbar &#8211; \u00dcberblick \u00fcber grundlegende Grammatikph\u00e4nomene des Deutschen &#8211; Doppelseitenprinzip: links einpr\u00e4gsame Einstiegssituation und einfache Erkl\u00e4rungen der Grammatikstrukturen und Regeln, rechts vielf\u00e4ltiges \u00dcbungsangebot &#8211; mit integriertem L\u00f6sungsschl\u00fcssel &#8211; geeignet f\u00fcr den Einsatz im Unterricht und das Selbststudium zu Hause &#8211; inklusive kostenloser App: H\u00f6rtexte auf dem Smartphone abrufen.<\/p>\n","protected":false},"excerpt":{"rendered":"<p>die ideale Erg\u00e4nzung zu Schritte plus Neu und Schritte international Neu &#8211; auch lehrwerksunabh\u00e4ngig einsetzbar &#8211; \u00dcberblick \u00fcber grundlegende Grammatikph\u00e4nomene des Deutschen &#8211; Doppelseitenprinzip: links einpr\u00e4gsame Einstiegssituation und einfache Erkl\u00e4rungen der Grammatikstrukturen und Regeln, rechts vielf\u00e4ltiges \u00dcbungsangebot &#8211; mit integriertem&#8230;<\/p>\n","protected":false},"featured_media":55687,"template":"","meta":{"_acf_changed":false,"inline_featured_image":false},"product_brand":[],"product_cat":[480],"product_tag":[],"series":[{"id":481,"name":"Grammatik","slug":"grammatik"}],"publisher":[{"id":497,"name":"Hueber Verlag","slug":"hueber-verlag"}],"class_list":{"0":"post-20958","1":"product","2":"type-product","3":"status-publish","4":"has-post-thumbnail","6":"product_cat-grammatiken","7":"series-grammatik","8":"publisher-hueber-verlag","10":"first","11":"instock","12":"taxable","13":"shipping-taxable","14":"purchasable","15":"product-type-simple"},"acf":[],"_links":{"self":[{"href":"https:\/\/exlibris.ee\/en\/wp-json\/wp\/v2\/product\/20958","targetHints":{"allow":["GET"]}}],"collection":[{"href":"https:\/\/exlibris.ee\/en\/wp-json\/wp\/v2\/product"}],"about":[{"href":"https:\/\/exlibris.ee\/en\/wp-json\/wp\/v2\/types\/product"}],"wp:featuredmedia":[{"embeddable":true,"href":"https:\/\/exlibris.ee\/en\/wp-json\/wp\/v2\/media\/55687"}],"wp:attachment":[{"href":"https:\/\/exlibris.ee\/en\/wp-json\/wp\/v2\/media?parent=20958"}],"wp:term":[{"taxonomy":"product_brand","embeddable":true,"href":"https:\/\/exlibris.ee\/en\/wp-json\/wp\/v2\/product_brand?post=20958"},{"taxonomy":"product_cat","embeddable":true,"href":"https:\/\/exlibris.ee\/en\/wp-json\/wp\/v2\/product_cat?post=20958"},{"taxonomy":"product_tag","embeddable":true,"href":"https:\/\/exlibris.ee\/en\/wp-json\/wp\/v2\/product_tag?post=20958"},{"taxonomy":"series","embeddable":true,"href":"https:\/\/exlibris.ee\/en\/wp-json\/wp\/v2\/series?post=20958"},{"taxonomy":"publisher","embeddable":true,"href":"https:\/\/exlibris.ee\/en\/wp-json\/wp\/v2\/publisher?post=20958"}],"curies":[{"name":"wp","href":"https:\/\/api.w.org\/{rel}","templated":true}]}}