{"id":20960,"date":"2023-02-27T13:41:05","date_gmt":"2023-02-27T11:41:05","guid":{"rendered":"https:\/\/exlibris.ee\/toode\/sicher-b2-arbeitsbuch-cd-zum-arbeitsbuch\/"},"modified":"2026-04-22T09:45:32","modified_gmt":"2026-04-22T06:45:32","slug":"sicher-b2-arbeitsbuch-cd-zum-arbeitsbuch","status":"publish","type":"product","link":"https:\/\/exlibris.ee\/en\/product\/sicher-b2-arbeitsbuch-cd-zum-arbeitsbuch\/","title":{"rendered":"Sicher! B2  Arbeitsbuch mit CD-ROM"},"content":{"rendered":"<p>Vollband B2 &#8211; vertiefende \u00dcbungen zu Wortschatz, Grammatik und allen Fertigkeiten &#8211; zu Beginn jeder Lektion Wiederholung wichtiger Wortfelder aus den vorhergehenden Stufen &#8211; Vorentlastung komplexer Grammatikthemen durch wiederholende Aufgaben &#8211; Selbsttest am Ende jeder Lektion &#8211; mit integrierter CD-ROM &#8211; enge Verzahnung mit einem breiten und vielf\u00e4ltigen \u00dcbungsangebot im Internet \u00fcber Zugangscode im Buch.<\/p>\n","protected":false},"excerpt":{"rendered":"<p>Vollband B2 &#8211; vertiefende \u00dcbungen zu Wortschatz, Grammatik und allen Fertigkeiten &#8211; zu Beginn jeder Lektion Wiederholung wichtiger Wortfelder aus den vorhergehenden Stufen &#8211; Vorentlastung komplexer Grammatikthemen durch wiederholende Aufgaben &#8211; Selbsttest am Ende jeder Lektion &#8211; mit integrierter CD-ROM&#8230;<\/p>\n","protected":false},"featured_media":22728,"template":"","meta":{"_acf_changed":false,"inline_featured_image":false},"product_brand":[],"product_cat":[885],"product_tag":[],"series":[{"id":525,"name":"Sicher! B2","slug":"sicher-b2"}],"publisher":[{"id":497,"name":"Hueber Verlag","slug":"hueber-verlag"}],"class_list":{"0":"post-20960","1":"product","2":"type-product","3":"status-publish","4":"has-post-thumbnail","6":"product_cat-berufssprache","7":"series-sicher-b2","8":"publisher-hueber-verlag","10":"first","11":"instock","12":"taxable","13":"shipping-taxable","14":"purchasable","15":"product-type-simple"},"acf":[],"_links":{"self":[{"href":"https:\/\/exlibris.ee\/en\/wp-json\/wp\/v2\/product\/20960","targetHints":{"allow":["GET"]}}],"collection":[{"href":"https:\/\/exlibris.ee\/en\/wp-json\/wp\/v2\/product"}],"about":[{"href":"https:\/\/exlibris.ee\/en\/wp-json\/wp\/v2\/types\/product"}],"wp:featuredmedia":[{"embeddable":true,"href":"https:\/\/exlibris.ee\/en\/wp-json\/wp\/v2\/media\/22728"}],"wp:attachment":[{"href":"https:\/\/exlibris.ee\/en\/wp-json\/wp\/v2\/media?parent=20960"}],"wp:term":[{"taxonomy":"product_brand","embeddable":true,"href":"https:\/\/exlibris.ee\/en\/wp-json\/wp\/v2\/product_brand?post=20960"},{"taxonomy":"product_cat","embeddable":true,"href":"https:\/\/exlibris.ee\/en\/wp-json\/wp\/v2\/product_cat?post=20960"},{"taxonomy":"product_tag","embeddable":true,"href":"https:\/\/exlibris.ee\/en\/wp-json\/wp\/v2\/product_tag?post=20960"},{"taxonomy":"series","embeddable":true,"href":"https:\/\/exlibris.ee\/en\/wp-json\/wp\/v2\/series?post=20960"},{"taxonomy":"publisher","embeddable":true,"href":"https:\/\/exlibris.ee\/en\/wp-json\/wp\/v2\/publisher?post=20960"}],"curies":[{"name":"wp","href":"https:\/\/api.w.org\/{rel}","templated":true}]}}