{"id":20963,"date":"2023-02-27T13:41:05","date_gmt":"2023-02-27T11:41:05","guid":{"rendered":"https:\/\/exlibris.ee\/toode\/paul-lisa-co-anfangerniveau-arbeitsbuch\/"},"modified":"2026-04-23T05:40:27","modified_gmt":"2026-04-23T02:40:27","slug":"paul-lisa-co-anfangerniveau-arbeitsbuch","status":"publish","type":"product","link":"https:\/\/exlibris.ee\/en\/product\/paul-lisa-co-anfangerniveau-arbeitsbuch\/","title":{"rendered":"Paul, Lisa &amp; Co Starter  Deutsch f\u00fcr Kinder \/ Arbeitsbuch"},"content":{"rendered":"<p>Paul, Lisa &amp; Co Starter \u2013 Arbeitsbuch Printtitel Paul, Lisa &amp; Co richtet sich an Sch\u00fcler\/innen der Primarstufe. &#8211; vierfarbige Seiten &#8211; vielf\u00e4ltiges \u00dcbungsangebot zu Grammatik, Wortschatz und Redemittel f\u00fcr die Arbeit im Unterricht oder zum selbstst\u00e4ndigen Lernen zu Hause &#8211; kreative \u00dcbungen zum Spielen, R\u00e4tseln, Ausmalen, Schneiden und Kleben &#8211; inklusive vier Seiten mit bunten Stickern als \u00dcbungselement &#8211; klares wechselseitiges Verweissystem zwischen Kurs- und Arbeitsbuch &#8211; \u00fcbersichtliche Pr\u00e4sentation des Lernwortschatzes &#8211; eine Seite Selbstevaluation zum spielerischen Abfragen und Wiederholen der Lernziele.<\/p>\n","protected":false},"excerpt":{"rendered":"<p>Paul, Lisa &amp; Co Starter \u2013 Arbeitsbuch Printtitel Paul, Lisa &amp; Co richtet sich an Sch\u00fcler\/innen der Primarstufe. &#8211; vierfarbige Seiten &#8211; vielf\u00e4ltiges \u00dcbungsangebot zu Grammatik, Wortschatz und Redemittel f\u00fcr die Arbeit im Unterricht oder zum selbstst\u00e4ndigen Lernen zu Hause&#8230;<\/p>\n","protected":false},"featured_media":24729,"template":"","meta":{"_acf_changed":false,"inline_featured_image":false},"product_brand":[],"product_cat":[471],"product_tag":[],"series":[{"id":527,"name":"Paul, Lisa &amp; Co Anf\u00e4ngerniveau","slug":"paul-lisa-co-anfangerniveau"}],"publisher":[{"id":497,"name":"Hueber Verlag","slug":"hueber-verlag"}],"class_list":{"0":"post-20963","1":"product","2":"type-product","3":"status-publish","4":"has-post-thumbnail","6":"product_cat-lehrwerke-fur-kinder","7":"series-paul-lisa-co-anfangerniveau","8":"publisher-hueber-verlag","10":"first","11":"onbackorder","12":"taxable","13":"shipping-taxable","14":"purchasable","15":"product-type-simple"},"acf":[],"_links":{"self":[{"href":"https:\/\/exlibris.ee\/en\/wp-json\/wp\/v2\/product\/20963","targetHints":{"allow":["GET"]}}],"collection":[{"href":"https:\/\/exlibris.ee\/en\/wp-json\/wp\/v2\/product"}],"about":[{"href":"https:\/\/exlibris.ee\/en\/wp-json\/wp\/v2\/types\/product"}],"wp:featuredmedia":[{"embeddable":true,"href":"https:\/\/exlibris.ee\/en\/wp-json\/wp\/v2\/media\/24729"}],"wp:attachment":[{"href":"https:\/\/exlibris.ee\/en\/wp-json\/wp\/v2\/media?parent=20963"}],"wp:term":[{"taxonomy":"product_brand","embeddable":true,"href":"https:\/\/exlibris.ee\/en\/wp-json\/wp\/v2\/product_brand?post=20963"},{"taxonomy":"product_cat","embeddable":true,"href":"https:\/\/exlibris.ee\/en\/wp-json\/wp\/v2\/product_cat?post=20963"},{"taxonomy":"product_tag","embeddable":true,"href":"https:\/\/exlibris.ee\/en\/wp-json\/wp\/v2\/product_tag?post=20963"},{"taxonomy":"series","embeddable":true,"href":"https:\/\/exlibris.ee\/en\/wp-json\/wp\/v2\/series?post=20963"},{"taxonomy":"publisher","embeddable":true,"href":"https:\/\/exlibris.ee\/en\/wp-json\/wp\/v2\/publisher?post=20963"}],"curies":[{"name":"wp","href":"https:\/\/api.w.org\/{rel}","templated":true}]}}