{"id":20964,"date":"2023-02-27T13:41:06","date_gmt":"2023-02-27T11:41:06","guid":{"rendered":"https:\/\/exlibris.ee\/toode\/deutsch-com-sprachniveau-1-arbeitsbuch-mit-audiocd-zum-ab\/"},"modified":"2026-04-12T11:27:06","modified_gmt":"2026-04-12T08:27:06","slug":"deutsch-com-sprachniveau-1-arbeitsbuch-mit-audiocd-zum-ab","status":"publish","type":"product","link":"https:\/\/exlibris.ee\/en\/product\/deutsch-com-sprachniveau-1-arbeitsbuch-mit-audiocd-zum-ab\/","title":{"rendered":"deutsch.com 1  Arbeitsbuch mit Audio-CD zum Arbeitsbuch"},"content":{"rendered":"<p>Digitales Arbeitsbuch mit integrierten MP3-Dateien Das Arbeitsbuch dient dem Vertiefen und Wiederholen des Lernstoffs aus dem Kursbuch. Das breite \u00dcbungsangebot umfasst neben den \u00dcbungen zu Grammatik, Wortschatz und Redemitteln zus\u00e4tzliche kontrastive \u00dcbungen, die den Vergleich mit einer schon gelernten Fremdsprache und mit der Muttersprache erm\u00f6glichen. Au\u00dferdem gibt es \u00dcbungen zu Phonetik und Lernwortschatz sowie Aufgaben zur Selbstkontrolle und Selbstevaluation. Mit letzteren wird dem Portfolio-Gedanken des Europ\u00e4ischen Referenzrahmens Rechnung getragen. Ein vierseitiges Plateau am Ende jedes Moduls kann entweder zum Selbststudium oder im Unterricht eingesetzt werden. Hier werden die Themen und der Lernstoff des gesamten Moduls noch einmal wiederholt \u2013 mit dem Fokus auf Fertigkeitentraining und zus\u00e4tzlichen landeskundlichen Informationen. Ein Projektvorschlag, der zeitlich und inhaltlich so konzipiert wurde, dass er in den Unterrichtsprozess integriert werden kann, schlie\u00dft jedes Modul ab. Inklusive MP3-Dateien mit den H\u00f6rtexten zum Arbeitsbuch.<\/p>\n","protected":false},"excerpt":{"rendered":"<p>Digitales Arbeitsbuch mit integrierten MP3-Dateien Das Arbeitsbuch dient dem Vertiefen und Wiederholen des Lernstoffs aus dem Kursbuch. Das breite \u00dcbungsangebot umfasst neben den \u00dcbungen zu Grammatik, Wortschatz und Redemitteln zus\u00e4tzliche kontrastive \u00dcbungen, die den Vergleich mit einer schon gelernten Fremdsprache&#8230;<\/p>\n","protected":false},"featured_media":55711,"template":"","meta":{"_acf_changed":false,"inline_featured_image":false},"product_brand":[],"product_cat":[477],"product_tag":[],"series":[{"id":528,"name":"Deutsch.com Sprachniveau 1","slug":"deutsch-com-sprachniveau-1"}],"publisher":[{"id":497,"name":"Hueber Verlag","slug":"hueber-verlag"}],"class_list":{"0":"post-20964","1":"product","2":"type-product","3":"status-publish","4":"has-post-thumbnail","6":"product_cat-lehrwerke-fur-jugendliche","7":"series-deutsch-com-sprachniveau-1","8":"publisher-hueber-verlag","10":"first","11":"instock","12":"taxable","13":"shipping-taxable","14":"purchasable","15":"product-type-simple"},"acf":[],"_links":{"self":[{"href":"https:\/\/exlibris.ee\/en\/wp-json\/wp\/v2\/product\/20964","targetHints":{"allow":["GET"]}}],"collection":[{"href":"https:\/\/exlibris.ee\/en\/wp-json\/wp\/v2\/product"}],"about":[{"href":"https:\/\/exlibris.ee\/en\/wp-json\/wp\/v2\/types\/product"}],"wp:featuredmedia":[{"embeddable":true,"href":"https:\/\/exlibris.ee\/en\/wp-json\/wp\/v2\/media\/55711"}],"wp:attachment":[{"href":"https:\/\/exlibris.ee\/en\/wp-json\/wp\/v2\/media?parent=20964"}],"wp:term":[{"taxonomy":"product_brand","embeddable":true,"href":"https:\/\/exlibris.ee\/en\/wp-json\/wp\/v2\/product_brand?post=20964"},{"taxonomy":"product_cat","embeddable":true,"href":"https:\/\/exlibris.ee\/en\/wp-json\/wp\/v2\/product_cat?post=20964"},{"taxonomy":"product_tag","embeddable":true,"href":"https:\/\/exlibris.ee\/en\/wp-json\/wp\/v2\/product_tag?post=20964"},{"taxonomy":"series","embeddable":true,"href":"https:\/\/exlibris.ee\/en\/wp-json\/wp\/v2\/series?post=20964"},{"taxonomy":"publisher","embeddable":true,"href":"https:\/\/exlibris.ee\/en\/wp-json\/wp\/v2\/publisher?post=20964"}],"curies":[{"name":"wp","href":"https:\/\/api.w.org\/{rel}","templated":true}]}}