{"id":20966,"date":"2023-02-27T13:41:07","date_gmt":"2023-02-27T11:41:07","guid":{"rendered":"https:\/\/exlibris.ee\/toode\/deutsch-com-sprachniveau-3-arbeitsbuch-mit-audiocd-zum-ab\/"},"modified":"2026-04-07T03:30:12","modified_gmt":"2026-04-07T00:30:12","slug":"deutsch-com-sprachniveau-3-arbeitsbuch-mit-audiocd-zum-ab","status":"publish","type":"product","link":"https:\/\/exlibris.ee\/en\/product\/deutsch-com-sprachniveau-3-arbeitsbuch-mit-audiocd-zum-ab\/","title":{"rendered":"deutsch.com 3  Arbeitsbuch mit Audio-CD zum Arbeitsbuch"},"content":{"rendered":"<p>Der neue \u201eSachs\u201c &#8211; die bew\u00e4hrte Handelskorrespondenz in einer neuen Auflage: &#8211; systematische und umfassende Einf\u00fchrung in die deutsche Handelskorrespondenz &#8211; die Vermittlung kaufm\u00e4nnischer Kenntnisse, die f\u00fcr das Au\u00dfenhandelsgesch\u00e4ft von Bedeutung sind &#8211; das W\u00f6rterverzeichnis im Anhang mit den Sprachen Englisch, Franz\u00f6sisch, Italienisch und Spanisch &#8211; moderne Kommunikationsformen im Unternehmen wie E-Mail und Internet &#8211; moderne Formen der Gesch\u00e4ftsbeziehungen wie E-Commerce.<\/p>\n","protected":false},"excerpt":{"rendered":"<p>Der neue \u201eSachs\u201c &#8211; die bew\u00e4hrte Handelskorrespondenz in einer neuen Auflage: &#8211; systematische und umfassende Einf\u00fchrung in die deutsche Handelskorrespondenz &#8211; die Vermittlung kaufm\u00e4nnischer Kenntnisse, die f\u00fcr das Au\u00dfenhandelsgesch\u00e4ft von Bedeutung sind &#8211; das W\u00f6rterverzeichnis im Anhang mit den Sprachen&#8230;<\/p>\n","protected":false},"featured_media":55717,"template":"","meta":{"_acf_changed":false,"inline_featured_image":false},"product_brand":[],"product_cat":[477],"product_tag":[],"series":[{"id":530,"name":"Deutsch.com Sprachniveau 3","slug":"deutsch-com-sprachniveau-3"}],"publisher":[{"id":497,"name":"Hueber Verlag","slug":"hueber-verlag"}],"class_list":{"0":"post-20966","1":"product","2":"type-product","3":"status-publish","4":"has-post-thumbnail","6":"product_cat-lehrwerke-fur-jugendliche","7":"series-deutsch-com-sprachniveau-3","8":"publisher-hueber-verlag","10":"first","11":"instock","12":"taxable","13":"shipping-taxable","14":"purchasable","15":"product-type-simple"},"acf":[],"_links":{"self":[{"href":"https:\/\/exlibris.ee\/en\/wp-json\/wp\/v2\/product\/20966","targetHints":{"allow":["GET"]}}],"collection":[{"href":"https:\/\/exlibris.ee\/en\/wp-json\/wp\/v2\/product"}],"about":[{"href":"https:\/\/exlibris.ee\/en\/wp-json\/wp\/v2\/types\/product"}],"wp:featuredmedia":[{"embeddable":true,"href":"https:\/\/exlibris.ee\/en\/wp-json\/wp\/v2\/media\/55717"}],"wp:attachment":[{"href":"https:\/\/exlibris.ee\/en\/wp-json\/wp\/v2\/media?parent=20966"}],"wp:term":[{"taxonomy":"product_brand","embeddable":true,"href":"https:\/\/exlibris.ee\/en\/wp-json\/wp\/v2\/product_brand?post=20966"},{"taxonomy":"product_cat","embeddable":true,"href":"https:\/\/exlibris.ee\/en\/wp-json\/wp\/v2\/product_cat?post=20966"},{"taxonomy":"product_tag","embeddable":true,"href":"https:\/\/exlibris.ee\/en\/wp-json\/wp\/v2\/product_tag?post=20966"},{"taxonomy":"series","embeddable":true,"href":"https:\/\/exlibris.ee\/en\/wp-json\/wp\/v2\/series?post=20966"},{"taxonomy":"publisher","embeddable":true,"href":"https:\/\/exlibris.ee\/en\/wp-json\/wp\/v2\/publisher?post=20966"}],"curies":[{"name":"wp","href":"https:\/\/api.w.org\/{rel}","templated":true}]}}