{"id":20976,"date":"2023-02-27T13:41:09","date_gmt":"2023-02-27T11:41:09","guid":{"rendered":"https:\/\/exlibris.ee\/toode\/ideen-sprachniveau-1-arbeitsbuch-mit-audio-cd-zum-arbeitsbuch\/"},"modified":"2026-04-17T15:34:36","modified_gmt":"2026-04-17T12:34:36","slug":"ideen-sprachniveau-1-arbeitsbuch-mit-audio-cd-zum-arbeitsbuch","status":"publish","type":"product","link":"https:\/\/exlibris.ee\/en\/product\/ideen-sprachniveau-1-arbeitsbuch-mit-audio-cd-zum-arbeitsbuch\/","title":{"rendered":"Ideen 1  Arbeitsbuch mit Audio-CD zum Arbeitsbuch"},"content":{"rendered":"<p>Arbeitsbuch mit Audio-CD: Eine Vielfalt unterschiedlicher Aktivit\u00e4ten und Aufgabenstellungen gibt den Lernenden zus\u00e4tzliche M\u00f6glichkeiten f\u00fcr ein erweitertes \u00dcben und Festigen der sprachlichen Mittel, die sie in der Lektion gelernt haben. Das Arbeitsbuch kann im Unterricht oder zu Hause im Selbststudium (z.B. als Hausaufgabe) verwendet werden. Da bekanntlich die meisten Lehrpersonen mit sehr heterogenen Lerngruppen konfrontiert sind, sind die Aufgabenstellungen im Arbeitsbuch so konzipiert, dass sie Lernenden auf sehr unterschiedlichen Kompetenzniveaus Erfolgserlebnisse vermitteln k\u00f6nnen. Das Arbeitsbuch enth\u00e4lt eine Audio-CD mit den H\u00f6rtexten.<\/p>\n","protected":false},"excerpt":{"rendered":"<p>Arbeitsbuch mit Audio-CD: Eine Vielfalt unterschiedlicher Aktivit\u00e4ten und Aufgabenstellungen gibt den Lernenden zus\u00e4tzliche M\u00f6glichkeiten f\u00fcr ein erweitertes \u00dcben und Festigen der sprachlichen Mittel, die sie in der Lektion gelernt haben. Das Arbeitsbuch kann im Unterricht oder zu Hause im Selbststudium&#8230;<\/p>\n","protected":false},"featured_media":55753,"template":"","meta":{"_acf_changed":false,"inline_featured_image":false},"product_brand":[],"product_cat":[1121],"product_tag":[],"series":[{"id":541,"name":"Ideen Sprachniveau 1","slug":"ideen-sprachniveau-1"}],"publisher":[{"id":497,"name":"Hueber Verlag","slug":"hueber-verlag"}],"class_list":{"0":"post-20976","1":"product","2":"type-product","3":"status-publish","4":"has-post-thumbnail","6":"product_cat-lehrwerke-fur-jugendliche-und-erwachsene","7":"series-ideen-sprachniveau-1","8":"publisher-hueber-verlag","10":"first","11":"instock","12":"taxable","13":"shipping-taxable","14":"purchasable","15":"product-type-simple"},"acf":[],"_links":{"self":[{"href":"https:\/\/exlibris.ee\/en\/wp-json\/wp\/v2\/product\/20976","targetHints":{"allow":["GET"]}}],"collection":[{"href":"https:\/\/exlibris.ee\/en\/wp-json\/wp\/v2\/product"}],"about":[{"href":"https:\/\/exlibris.ee\/en\/wp-json\/wp\/v2\/types\/product"}],"wp:featuredmedia":[{"embeddable":true,"href":"https:\/\/exlibris.ee\/en\/wp-json\/wp\/v2\/media\/55753"}],"wp:attachment":[{"href":"https:\/\/exlibris.ee\/en\/wp-json\/wp\/v2\/media?parent=20976"}],"wp:term":[{"taxonomy":"product_brand","embeddable":true,"href":"https:\/\/exlibris.ee\/en\/wp-json\/wp\/v2\/product_brand?post=20976"},{"taxonomy":"product_cat","embeddable":true,"href":"https:\/\/exlibris.ee\/en\/wp-json\/wp\/v2\/product_cat?post=20976"},{"taxonomy":"product_tag","embeddable":true,"href":"https:\/\/exlibris.ee\/en\/wp-json\/wp\/v2\/product_tag?post=20976"},{"taxonomy":"series","embeddable":true,"href":"https:\/\/exlibris.ee\/en\/wp-json\/wp\/v2\/series?post=20976"},{"taxonomy":"publisher","embeddable":true,"href":"https:\/\/exlibris.ee\/en\/wp-json\/wp\/v2\/publisher?post=20976"}],"curies":[{"name":"wp","href":"https:\/\/api.w.org\/{rel}","templated":true}]}}