{"id":20978,"date":"2023-02-27T13:41:09","date_gmt":"2023-02-27T11:41:09","guid":{"rendered":"https:\/\/exlibris.ee\/toode\/ideen-sprachniveau-3-arbeitsbuch-mit-2-audio-cds-zum-arbeitsbuch\/"},"modified":"2026-04-06T09:11:02","modified_gmt":"2026-04-06T06:11:02","slug":"ideen-sprachniveau-3-arbeitsbuch-mit-2-audio-cds-zum-arbeitsbuch","status":"publish","type":"product","link":"https:\/\/exlibris.ee\/en\/product\/ideen-sprachniveau-3-arbeitsbuch-mit-2-audio-cds-zum-arbeitsbuch\/","title":{"rendered":"Ideen 3  Arbeitsbuch mit 2 Audio-CDs zum Arbeitsbuch"},"content":{"rendered":"<p>Das Arbeitsbuch dient zum selbstst\u00e4ndigen \u00dcben und Vertiefen des Lernstoffs im Kursbuch Ideen. Es gibt \u00dcbungsteile zur Textarbeit, zu Grammatik und Wortschatz, zur Aussprache, zu alltagssprachlichen Wendungen sowie ein Fertigkeitentraining zu den Fertigkeiten H\u00f6ren, Lesen und Schreiben. Nach jedem Modul befindet sich ein Modul-Test mit der M\u00f6glichkeit zur Selbstkontrolle. Die L\u00f6sungen hierzu befinden sich im Anhang des Arbeitsbuchs. Zwei Audio-CDs mit dem H\u00f6rtexten zum Arbeitsbuch f\u00fcr das Selbststudium sind eingelegt.<\/p>\n","protected":false},"excerpt":{"rendered":"<p>Das Arbeitsbuch dient zum selbstst\u00e4ndigen \u00dcben und Vertiefen des Lernstoffs im Kursbuch Ideen. Es gibt \u00dcbungsteile zur Textarbeit, zu Grammatik und Wortschatz, zur Aussprache, zu alltagssprachlichen Wendungen sowie ein Fertigkeitentraining zu den Fertigkeiten H\u00f6ren, Lesen und Schreiben. Nach jedem Modul&#8230;<\/p>\n","protected":false},"featured_media":55759,"template":"","meta":{"_acf_changed":false,"inline_featured_image":false},"product_brand":[],"product_cat":[1121],"product_tag":[],"series":[{"id":543,"name":"Ideen Sprachniveau 3","slug":"ideen-sprachniveau-3"}],"publisher":[{"id":497,"name":"Hueber Verlag","slug":"hueber-verlag"}],"class_list":{"0":"post-20978","1":"product","2":"type-product","3":"status-publish","4":"has-post-thumbnail","6":"product_cat-lehrwerke-fur-jugendliche-und-erwachsene","7":"series-ideen-sprachniveau-3","8":"publisher-hueber-verlag","10":"first","11":"onbackorder","12":"taxable","13":"shipping-taxable","14":"purchasable","15":"product-type-simple"},"acf":[],"_links":{"self":[{"href":"https:\/\/exlibris.ee\/en\/wp-json\/wp\/v2\/product\/20978","targetHints":{"allow":["GET"]}}],"collection":[{"href":"https:\/\/exlibris.ee\/en\/wp-json\/wp\/v2\/product"}],"about":[{"href":"https:\/\/exlibris.ee\/en\/wp-json\/wp\/v2\/types\/product"}],"wp:featuredmedia":[{"embeddable":true,"href":"https:\/\/exlibris.ee\/en\/wp-json\/wp\/v2\/media\/55759"}],"wp:attachment":[{"href":"https:\/\/exlibris.ee\/en\/wp-json\/wp\/v2\/media?parent=20978"}],"wp:term":[{"taxonomy":"product_brand","embeddable":true,"href":"https:\/\/exlibris.ee\/en\/wp-json\/wp\/v2\/product_brand?post=20978"},{"taxonomy":"product_cat","embeddable":true,"href":"https:\/\/exlibris.ee\/en\/wp-json\/wp\/v2\/product_cat?post=20978"},{"taxonomy":"product_tag","embeddable":true,"href":"https:\/\/exlibris.ee\/en\/wp-json\/wp\/v2\/product_tag?post=20978"},{"taxonomy":"series","embeddable":true,"href":"https:\/\/exlibris.ee\/en\/wp-json\/wp\/v2\/series?post=20978"},{"taxonomy":"publisher","embeddable":true,"href":"https:\/\/exlibris.ee\/en\/wp-json\/wp\/v2\/publisher?post=20978"}],"curies":[{"name":"wp","href":"https:\/\/api.w.org\/{rel}","templated":true}]}}