{"id":20997,"date":"2023-02-27T13:41:12","date_gmt":"2023-02-27T11:41:12","guid":{"rendered":"https:\/\/exlibris.ee\/toode\/ausblick-sprachniveau-2-lehrerhandbuch\/"},"modified":"2026-04-06T09:11:31","modified_gmt":"2026-04-06T06:11:31","slug":"ausblick-sprachniveau-2-lehrerhandbuch","status":"publish","type":"product","link":"https:\/\/exlibris.ee\/en\/product\/ausblick-sprachniveau-2-lehrerhandbuch\/","title":{"rendered":"AusBlick 2  \/ Lehrerhandbuch"},"content":{"rendered":"<p>Das Lehrerhandbuch enth\u00e4lt &#8211; eine allgemeine Einf\u00fchrung in die Konzeption des Lehrwerks &#8211; einen detaillierten Fahrplan durch die Lektionen &#8211; weiteres Spielmaterial f\u00fcr den Unterricht als Kopiervorlage &#8211; zus\u00e4tzliche Hinweise, Informationen und Texte zu einzelnen Themen &#8211; Vorschl\u00e4ge f\u00fcr die Projektarbeit &#8211; Tests zu jeder Lektion als Kopiervorlage &#8211; die Transkriptionen aller H\u00f6rtexte im Kursbuch und im Arbeitsbuch &#8211; alle L\u00f6sungen zu Kursbuch und Arbeitsbuch<\/p>\n","protected":false},"excerpt":{"rendered":"<p>Das Lehrerhandbuch enth\u00e4lt &#8211; eine allgemeine Einf\u00fchrung in die Konzeption des Lehrwerks &#8211; einen detaillierten Fahrplan durch die Lektionen &#8211; weiteres Spielmaterial f\u00fcr den Unterricht als Kopiervorlage &#8211; zus\u00e4tzliche Hinweise, Informationen und Texte zu einzelnen Themen &#8211; Vorschl\u00e4ge f\u00fcr die&#8230;<\/p>\n","protected":false},"featured_media":55891,"template":"","meta":{"_acf_changed":false,"inline_featured_image":false},"product_brand":[],"product_cat":[1121],"product_tag":[],"series":[{"id":545,"name":"Ausblick Sprachniveau 2","slug":"ausblick-sprachniveau-2"}],"publisher":[{"id":497,"name":"Hueber Verlag","slug":"hueber-verlag"}],"class_list":{"0":"post-20997","1":"product","2":"type-product","3":"status-publish","4":"has-post-thumbnail","6":"product_cat-lehrwerke-fur-jugendliche-und-erwachsene","7":"series-ausblick-sprachniveau-2","8":"publisher-hueber-verlag","10":"first","11":"instock","12":"taxable","13":"shipping-taxable","14":"purchasable","15":"product-type-simple"},"acf":[],"_links":{"self":[{"href":"https:\/\/exlibris.ee\/en\/wp-json\/wp\/v2\/product\/20997","targetHints":{"allow":["GET"]}}],"collection":[{"href":"https:\/\/exlibris.ee\/en\/wp-json\/wp\/v2\/product"}],"about":[{"href":"https:\/\/exlibris.ee\/en\/wp-json\/wp\/v2\/types\/product"}],"wp:featuredmedia":[{"embeddable":true,"href":"https:\/\/exlibris.ee\/en\/wp-json\/wp\/v2\/media\/55891"}],"wp:attachment":[{"href":"https:\/\/exlibris.ee\/en\/wp-json\/wp\/v2\/media?parent=20997"}],"wp:term":[{"taxonomy":"product_brand","embeddable":true,"href":"https:\/\/exlibris.ee\/en\/wp-json\/wp\/v2\/product_brand?post=20997"},{"taxonomy":"product_cat","embeddable":true,"href":"https:\/\/exlibris.ee\/en\/wp-json\/wp\/v2\/product_cat?post=20997"},{"taxonomy":"product_tag","embeddable":true,"href":"https:\/\/exlibris.ee\/en\/wp-json\/wp\/v2\/product_tag?post=20997"},{"taxonomy":"series","embeddable":true,"href":"https:\/\/exlibris.ee\/en\/wp-json\/wp\/v2\/series?post=20997"},{"taxonomy":"publisher","embeddable":true,"href":"https:\/\/exlibris.ee\/en\/wp-json\/wp\/v2\/publisher?post=20997"}],"curies":[{"name":"wp","href":"https:\/\/api.w.org\/{rel}","templated":true}]}}