{"id":20998,"date":"2023-02-27T13:41:12","date_gmt":"2023-02-27T11:41:12","guid":{"rendered":"https:\/\/exlibris.ee\/toode\/ausblick-sprachniveau-3-lehrerhandbuch\/"},"modified":"2026-04-05T15:28:35","modified_gmt":"2026-04-05T12:28:35","slug":"ausblick-sprachniveau-3-lehrerhandbuch","status":"publish","type":"product","link":"https:\/\/exlibris.ee\/en\/product\/ausblick-sprachniveau-3-lehrerhandbuch\/","title":{"rendered":"AusBlick 3 \/ Lehrerhandbuch"},"content":{"rendered":"<p>Das Lehrerhandbuch enth\u00e4lt &#8211; eine allgemeine Einf\u00fchrung in die Konzeption des Lehrwerks &#8211; einen detaillierten Fahrplan durch die Lektionen &#8211; weiteres Spielmaterial f\u00fcr den Unterricht als Kopiervorlage &#8211; zus\u00e4tzliche Hinweise, Informationen und Texte zu einzelnen Themen &#8211; Vorschl\u00e4ge f\u00fcr die Projektarbeit &#8211; Tests zu jeder Lektion als Kopiervorlage &#8211; die Transkriptionen aller H\u00f6rtexte im Kursbuch und im Arbeitsbuch &#8211; alle L\u00f6sungen zu Kursbuch und Arbeitsbuch &#8211; \u00dcbersicht \u00fcber die pr\u00fcfungs\u00e4hnlichen Aufgaben der Pr\u00fcfungen DSD II und Goethe-Zertifikat C1 im Kursbuch und im Arbeitsbuch.<\/p>\n","protected":false},"excerpt":{"rendered":"<p>Das Lehrerhandbuch enth\u00e4lt &#8211; eine allgemeine Einf\u00fchrung in die Konzeption des Lehrwerks &#8211; einen detaillierten Fahrplan durch die Lektionen &#8211; weiteres Spielmaterial f\u00fcr den Unterricht als Kopiervorlage &#8211; zus\u00e4tzliche Hinweise, Informationen und Texte zu einzelnen Themen &#8211; Vorschl\u00e4ge f\u00fcr die&#8230;<\/p>\n","protected":false},"featured_media":55894,"template":"","meta":{"_acf_changed":false,"inline_featured_image":false},"product_brand":[],"product_cat":[897],"product_tag":[],"series":[{"id":546,"name":"Ausblick Sprachniveau 3","slug":"ausblick-sprachniveau-3"}],"publisher":[{"id":497,"name":"Hueber Verlag","slug":"hueber-verlag"}],"class_list":{"0":"post-20998","1":"product","2":"type-product","3":"status-publish","4":"has-post-thumbnail","6":"product_cat-keeleope-leiunurk","7":"series-ausblick-sprachniveau-3","8":"publisher-hueber-verlag","10":"first","11":"instock","12":"taxable","13":"shipping-taxable","14":"purchasable","15":"product-type-simple"},"acf":[],"_links":{"self":[{"href":"https:\/\/exlibris.ee\/en\/wp-json\/wp\/v2\/product\/20998","targetHints":{"allow":["GET"]}}],"collection":[{"href":"https:\/\/exlibris.ee\/en\/wp-json\/wp\/v2\/product"}],"about":[{"href":"https:\/\/exlibris.ee\/en\/wp-json\/wp\/v2\/types\/product"}],"wp:featuredmedia":[{"embeddable":true,"href":"https:\/\/exlibris.ee\/en\/wp-json\/wp\/v2\/media\/55894"}],"wp:attachment":[{"href":"https:\/\/exlibris.ee\/en\/wp-json\/wp\/v2\/media?parent=20998"}],"wp:term":[{"taxonomy":"product_brand","embeddable":true,"href":"https:\/\/exlibris.ee\/en\/wp-json\/wp\/v2\/product_brand?post=20998"},{"taxonomy":"product_cat","embeddable":true,"href":"https:\/\/exlibris.ee\/en\/wp-json\/wp\/v2\/product_cat?post=20998"},{"taxonomy":"product_tag","embeddable":true,"href":"https:\/\/exlibris.ee\/en\/wp-json\/wp\/v2\/product_tag?post=20998"},{"taxonomy":"series","embeddable":true,"href":"https:\/\/exlibris.ee\/en\/wp-json\/wp\/v2\/series?post=20998"},{"taxonomy":"publisher","embeddable":true,"href":"https:\/\/exlibris.ee\/en\/wp-json\/wp\/v2\/publisher?post=20998"}],"curies":[{"name":"wp","href":"https:\/\/api.w.org\/{rel}","templated":true}]}}