{"id":21000,"date":"2023-02-27T13:41:13","date_gmt":"2023-02-27T11:41:13","guid":{"rendered":"https:\/\/exlibris.ee\/toode\/starten-wir-a1-arbeitsbuch\/"},"modified":"2026-04-26T11:46:25","modified_gmt":"2026-04-26T08:46:25","slug":"starten-wir-a1-arbeitsbuch","status":"publish","type":"product","link":"https:\/\/exlibris.ee\/en\/product\/starten-wir-a1-arbeitsbuch\/","title":{"rendered":"Starten Wir! A1 Arbeitsbuch"},"content":{"rendered":"<p>&#8211; \u00c3\u0153bungen zu Wortschatz, Grammatik, Redemitteln und Aussprache<\/p>\n<p>&#8211; Diktate<\/p>\n<p>&#8211; sprachvergleichende \u00c3\u0153bungen nutzen die Mehrsprachigkeit der Lernenden<\/p>\n<p>&#8211; pro Lektion \u00c3\u0153bersicht von Lernwortschatz und Redemitteln<\/p>\n<p>&#8211; intensives Aussprachetraining<\/p>\n","protected":false},"excerpt":{"rendered":"<p>&#8211; \u00c3\u0153bungen zu Wortschatz, Grammatik, Redemitteln und Aussprache &#8211; Diktate &#8211; sprachvergleichende \u00c3\u0153bungen nutzen die Mehrsprachigkeit der Lernenden &#8211; pro Lektion \u00c3\u0153bersicht von Lernwortschatz und Redemitteln &#8211; intensives Aussprachetraining<\/p>\n","protected":false},"featured_media":58342,"template":"","meta":{"_acf_changed":false,"inline_featured_image":false},"product_brand":[],"product_cat":[538],"product_tag":[],"series":[{"id":552,"name":"Starten Wir! A1","slug":"starten-wir-a1"}],"publisher":[{"id":497,"name":"Hueber Verlag","slug":"hueber-verlag"}],"class_list":{"0":"post-21000","1":"product","2":"type-product","3":"status-publish","4":"has-post-thumbnail","6":"product_cat-lehrwerke-fur-erwachsene","7":"series-starten-wir-a1","8":"publisher-hueber-verlag","10":"first","11":"instock","12":"taxable","13":"shipping-taxable","14":"purchasable","15":"product-type-simple"},"acf":[],"_links":{"self":[{"href":"https:\/\/exlibris.ee\/en\/wp-json\/wp\/v2\/product\/21000","targetHints":{"allow":["GET"]}}],"collection":[{"href":"https:\/\/exlibris.ee\/en\/wp-json\/wp\/v2\/product"}],"about":[{"href":"https:\/\/exlibris.ee\/en\/wp-json\/wp\/v2\/types\/product"}],"wp:featuredmedia":[{"embeddable":true,"href":"https:\/\/exlibris.ee\/en\/wp-json\/wp\/v2\/media\/58342"}],"wp:attachment":[{"href":"https:\/\/exlibris.ee\/en\/wp-json\/wp\/v2\/media?parent=21000"}],"wp:term":[{"taxonomy":"product_brand","embeddable":true,"href":"https:\/\/exlibris.ee\/en\/wp-json\/wp\/v2\/product_brand?post=21000"},{"taxonomy":"product_cat","embeddable":true,"href":"https:\/\/exlibris.ee\/en\/wp-json\/wp\/v2\/product_cat?post=21000"},{"taxonomy":"product_tag","embeddable":true,"href":"https:\/\/exlibris.ee\/en\/wp-json\/wp\/v2\/product_tag?post=21000"},{"taxonomy":"series","embeddable":true,"href":"https:\/\/exlibris.ee\/en\/wp-json\/wp\/v2\/series?post=21000"},{"taxonomy":"publisher","embeddable":true,"href":"https:\/\/exlibris.ee\/en\/wp-json\/wp\/v2\/publisher?post=21000"}],"curies":[{"name":"wp","href":"https:\/\/api.w.org\/{rel}","templated":true}]}}