{"id":21006,"date":"2023-02-27T13:41:14","date_gmt":"2023-02-27T11:41:14","guid":{"rendered":"https:\/\/exlibris.ee\/toode\/ausblick-sprachniveau-3-2-cds\/"},"modified":"2026-04-05T15:28:39","modified_gmt":"2026-04-05T12:28:39","slug":"ausblick-sprachniveau-3-2-cds","status":"publish","type":"product","link":"https:\/\/exlibris.ee\/en\/product\/ausblick-sprachniveau-3-2-cds\/","title":{"rendered":"AusBlick 3  \/ 2 Audio-CDs zum Kursbuch"},"content":{"rendered":"<p>Enth\u00e4lt alle H\u00f6rtexte aus dem Kursbuch. Zus\u00e4tzlich: &#8211; alle Transkripte als Word-Datei mit Hinweisen zur Erstellung von \u00dcbungen mit dem PC-Programm \u00dcbungsbl\u00e4tter per Mausklick &#8211; alle Einstiegsseiten aus dem Kursbuch (Format PDF) zur Projektion dieser Seiten mit einem Beamer.<\/p>\n","protected":false},"excerpt":{"rendered":"<p>Enth\u00e4lt alle H\u00f6rtexte aus dem Kursbuch. Zus\u00e4tzlich: &#8211; alle Transkripte als Word-Datei mit Hinweisen zur Erstellung von \u00dcbungen mit dem PC-Programm \u00dcbungsbl\u00e4tter per Mausklick &#8211; alle Einstiegsseiten aus dem Kursbuch (Format PDF) zur Projektion dieser Seiten mit einem Beamer.<\/p>\n","protected":false},"featured_media":55954,"template":"","meta":{"_acf_changed":false,"inline_featured_image":false},"product_brand":[],"product_cat":[1121],"product_tag":[],"series":[{"id":546,"name":"Ausblick Sprachniveau 3","slug":"ausblick-sprachniveau-3"}],"publisher":[{"id":497,"name":"Hueber Verlag","slug":"hueber-verlag"}],"class_list":{"0":"post-21006","1":"product","2":"type-product","3":"status-publish","4":"has-post-thumbnail","6":"product_cat-lehrwerke-fur-jugendliche-und-erwachsene","7":"series-ausblick-sprachniveau-3","8":"publisher-hueber-verlag","10":"first","11":"instock","12":"taxable","13":"shipping-taxable","14":"purchasable","15":"product-type-simple"},"acf":[],"_links":{"self":[{"href":"https:\/\/exlibris.ee\/en\/wp-json\/wp\/v2\/product\/21006","targetHints":{"allow":["GET"]}}],"collection":[{"href":"https:\/\/exlibris.ee\/en\/wp-json\/wp\/v2\/product"}],"about":[{"href":"https:\/\/exlibris.ee\/en\/wp-json\/wp\/v2\/types\/product"}],"wp:featuredmedia":[{"embeddable":true,"href":"https:\/\/exlibris.ee\/en\/wp-json\/wp\/v2\/media\/55954"}],"wp:attachment":[{"href":"https:\/\/exlibris.ee\/en\/wp-json\/wp\/v2\/media?parent=21006"}],"wp:term":[{"taxonomy":"product_brand","embeddable":true,"href":"https:\/\/exlibris.ee\/en\/wp-json\/wp\/v2\/product_brand?post=21006"},{"taxonomy":"product_cat","embeddable":true,"href":"https:\/\/exlibris.ee\/en\/wp-json\/wp\/v2\/product_cat?post=21006"},{"taxonomy":"product_tag","embeddable":true,"href":"https:\/\/exlibris.ee\/en\/wp-json\/wp\/v2\/product_tag?post=21006"},{"taxonomy":"series","embeddable":true,"href":"https:\/\/exlibris.ee\/en\/wp-json\/wp\/v2\/series?post=21006"},{"taxonomy":"publisher","embeddable":true,"href":"https:\/\/exlibris.ee\/en\/wp-json\/wp\/v2\/publisher?post=21006"}],"curies":[{"name":"wp","href":"https:\/\/api.w.org\/{rel}","templated":true}]}}