{"id":21008,"date":"2023-02-27T13:41:14","date_gmt":"2023-02-27T11:41:14","guid":{"rendered":"https:\/\/exlibris.ee\/toode\/motive-a2-lektion-9-18-arbeitsbuch\/"},"modified":"2026-04-12T11:28:26","modified_gmt":"2026-04-12T08:28:26","slug":"motive-a2-lektion-9-18-arbeitsbuch","status":"publish","type":"product","link":"https:\/\/exlibris.ee\/en\/product\/motive-a2-lektion-9-18-arbeitsbuch\/","title":{"rendered":"Motive A2:  Kompaktkurs DaF \/ Arbeitsbuch, Lektion 9\u201318 mit MP3-Audio-CD"},"content":{"rendered":"<p>\u00dcbungen zum selbstst\u00e4ndigen Arbeiten zu Hause &#8211; Wiederholungsaufgaben zu den Inhalten der H\u00f6r- und Lesetexte im Kursbuch &#8211; zus\u00e4tzliche H\u00f6rtexte &#8211; Aussprachetraining &#8211; systematisches Training der Fertigkeit Schreiben in der Schreibwerkstatt &#8211; Lernwortschatz jeder Lektion mit Angaben zum Sprachgebrauch in der Schweiz und in \u00d6sterreich &#8211; integrierte MP3-CD mit allen H\u00f6rtexten und allen Sprech\u00fcbungen des Arbeitsbuches.<\/p>\n","protected":false},"excerpt":{"rendered":"<p>\u00dcbungen zum selbstst\u00e4ndigen Arbeiten zu Hause &#8211; Wiederholungsaufgaben zu den Inhalten der H\u00f6r- und Lesetexte im Kursbuch &#8211; zus\u00e4tzliche H\u00f6rtexte &#8211; Aussprachetraining &#8211; systematisches Training der Fertigkeit Schreiben in der Schreibwerkstatt &#8211; Lernwortschatz jeder Lektion mit Angaben zum Sprachgebrauch in&#8230;<\/p>\n","protected":false},"featured_media":55963,"template":"","meta":{"_acf_changed":false,"inline_featured_image":false},"product_brand":[],"product_cat":[1121],"product_tag":[],"series":[{"id":548,"name":"Motive A2 Lektion 9-18","slug":"motive-a2-lektion-9-18"}],"publisher":[{"id":497,"name":"Hueber Verlag","slug":"hueber-verlag"}],"class_list":{"0":"post-21008","1":"product","2":"type-product","3":"status-publish","4":"has-post-thumbnail","6":"product_cat-lehrwerke-fur-jugendliche-und-erwachsene","7":"series-motive-a2-lektion-9-18","8":"publisher-hueber-verlag","10":"first","11":"instock","12":"taxable","13":"shipping-taxable","14":"purchasable","15":"product-type-simple"},"acf":[],"_links":{"self":[{"href":"https:\/\/exlibris.ee\/en\/wp-json\/wp\/v2\/product\/21008","targetHints":{"allow":["GET"]}}],"collection":[{"href":"https:\/\/exlibris.ee\/en\/wp-json\/wp\/v2\/product"}],"about":[{"href":"https:\/\/exlibris.ee\/en\/wp-json\/wp\/v2\/types\/product"}],"wp:featuredmedia":[{"embeddable":true,"href":"https:\/\/exlibris.ee\/en\/wp-json\/wp\/v2\/media\/55963"}],"wp:attachment":[{"href":"https:\/\/exlibris.ee\/en\/wp-json\/wp\/v2\/media?parent=21008"}],"wp:term":[{"taxonomy":"product_brand","embeddable":true,"href":"https:\/\/exlibris.ee\/en\/wp-json\/wp\/v2\/product_brand?post=21008"},{"taxonomy":"product_cat","embeddable":true,"href":"https:\/\/exlibris.ee\/en\/wp-json\/wp\/v2\/product_cat?post=21008"},{"taxonomy":"product_tag","embeddable":true,"href":"https:\/\/exlibris.ee\/en\/wp-json\/wp\/v2\/product_tag?post=21008"},{"taxonomy":"series","embeddable":true,"href":"https:\/\/exlibris.ee\/en\/wp-json\/wp\/v2\/series?post=21008"},{"taxonomy":"publisher","embeddable":true,"href":"https:\/\/exlibris.ee\/en\/wp-json\/wp\/v2\/publisher?post=21008"}],"curies":[{"name":"wp","href":"https:\/\/api.w.org\/{rel}","templated":true}]}}