{"id":21018,"date":"2023-02-27T13:41:15","date_gmt":"2023-02-27T11:41:15","guid":{"rendered":"https:\/\/exlibris.ee\/toode\/deutsch-com-sprachniveau-3-lehrerhandbuch\/"},"modified":"2026-04-06T09:11:38","modified_gmt":"2026-04-06T06:11:38","slug":"deutsch-com-sprachniveau-3-lehrerhandbuch","status":"publish","type":"product","link":"https:\/\/exlibris.ee\/en\/product\/deutsch-com-sprachniveau-3-lehrerhandbuch\/","title":{"rendered":"deutsch.com 3  Lehrerhandbuch"},"content":{"rendered":"<p>Zielgruppe: Jugendliche und erwachsene Leser mit Grundkenntnissen Deutsch auf Niveaustufe B1 Was wissen wir \u00fcber die Menschen in unserer N\u00e4he? \u2013 So wenig, dass es unheimlich werden kann. Der Detektiv Carsten Tsara denkt \u00fcber das Leben nach und \u00fcber den Tod. Auf einmal sieht er seine Umwelt mit anderen Augen. Seine Nachbarin bittet ihn um einen kleinen Gefallen. Er betritt in ihrer Abwesenheit ihre Wohnung und macht eine unheimliche Entdeckung &#8230; Der Krimi ist in kurze, \u00fcberschaubare &#8220;Kapitel&#8221; untergliedert und enth\u00e4lt im Anhang einsprachige Worterkl\u00e4rungen und \u00dcbungen zum Leseverstehen und zur Entwicklung von Lesestrategien.<\/p>\n","protected":false},"excerpt":{"rendered":"<p>Zielgruppe: Jugendliche und erwachsene Leser mit Grundkenntnissen Deutsch auf Niveaustufe B1 Was wissen wir \u00fcber die Menschen in unserer N\u00e4he? \u2013 So wenig, dass es unheimlich werden kann. Der Detektiv Carsten Tsara denkt \u00fcber das Leben nach und \u00fcber den&#8230;<\/p>\n","protected":false},"featured_media":56044,"template":"","meta":{"_acf_changed":false,"inline_featured_image":false},"product_brand":[],"product_cat":[477],"product_tag":[],"series":[{"id":530,"name":"Deutsch.com Sprachniveau 3","slug":"deutsch-com-sprachniveau-3"}],"publisher":[{"id":497,"name":"Hueber Verlag","slug":"hueber-verlag"}],"class_list":{"0":"post-21018","1":"product","2":"type-product","3":"status-publish","4":"has-post-thumbnail","6":"product_cat-lehrwerke-fur-jugendliche","7":"series-deutsch-com-sprachniveau-3","8":"publisher-hueber-verlag","10":"first","11":"instock","12":"taxable","13":"shipping-taxable","14":"purchasable","15":"product-type-simple"},"acf":[],"_links":{"self":[{"href":"https:\/\/exlibris.ee\/en\/wp-json\/wp\/v2\/product\/21018","targetHints":{"allow":["GET"]}}],"collection":[{"href":"https:\/\/exlibris.ee\/en\/wp-json\/wp\/v2\/product"}],"about":[{"href":"https:\/\/exlibris.ee\/en\/wp-json\/wp\/v2\/types\/product"}],"wp:featuredmedia":[{"embeddable":true,"href":"https:\/\/exlibris.ee\/en\/wp-json\/wp\/v2\/media\/56044"}],"wp:attachment":[{"href":"https:\/\/exlibris.ee\/en\/wp-json\/wp\/v2\/media?parent=21018"}],"wp:term":[{"taxonomy":"product_brand","embeddable":true,"href":"https:\/\/exlibris.ee\/en\/wp-json\/wp\/v2\/product_brand?post=21018"},{"taxonomy":"product_cat","embeddable":true,"href":"https:\/\/exlibris.ee\/en\/wp-json\/wp\/v2\/product_cat?post=21018"},{"taxonomy":"product_tag","embeddable":true,"href":"https:\/\/exlibris.ee\/en\/wp-json\/wp\/v2\/product_tag?post=21018"},{"taxonomy":"series","embeddable":true,"href":"https:\/\/exlibris.ee\/en\/wp-json\/wp\/v2\/series?post=21018"},{"taxonomy":"publisher","embeddable":true,"href":"https:\/\/exlibris.ee\/en\/wp-json\/wp\/v2\/publisher?post=21018"}],"curies":[{"name":"wp","href":"https:\/\/api.w.org\/{rel}","templated":true}]}}