{"id":21019,"date":"2023-02-27T13:41:16","date_gmt":"2023-02-27T11:41:16","guid":{"rendered":"https:\/\/exlibris.ee\/toode\/fit-fur-goethe-zertifikat-ubungsbuch-mit-audios-online\/"},"modified":"2026-04-04T03:17:04","modified_gmt":"2026-04-04T00:17:04","slug":"fit-fur-goethe-zertifikat-ubungsbuch-mit-audios-online","status":"publish","type":"product","link":"https:\/\/exlibris.ee\/en\/product\/fit-fur-goethe-zertifikat-ubungsbuch-mit-audios-online\/","title":{"rendered":"Fit f\u00fcrs Goethe-Zertifikat B2  Deutschpr\u00fcfung f\u00fcr Erwachsene \/ \u00dcbungsbuch mit Audios online"},"content":{"rendered":"<p>Zielgruppe: Richtet sich an alle Lernenden mit Sprachkenntnissen auf dem Niveau B2, die sich auf die neue Pr\u00fcfung Goethe-Zertifikat B2, Deutschpr\u00fcfung f\u00fcr Erwachsene (ab Fr\u00fchjahr 2019) vorbereiten wollen. Das Material macht mit den Inhalten und dem Format der Pr\u00fcfung vertraut, vermittelt Pr\u00fcfungsstrategien, erkl\u00e4rt, worauf es in der Pr\u00fcfung ankommt, und gibt authentisches \u00dcbungsmaterial an die Hand. Zu jedem Modul (Fertigkeit) gibt es ein Programm in vier Schritten: &#8211; Einstieg mit hinf\u00fchrenden Aufgaben &#8211; \u00dcbungen mit pr\u00fcfungsvorbereitenden Aufgaben &#8211; Training f\u00fcr die Pr\u00fcfung &#8211; Pr\u00fcfungssimulation &#8211; Tipps zu jeder Pr\u00fcfungsaufgabe &#8211; ausf\u00fchrlicher L\u00f6sungsschl\u00fcssel zu allen Aufgaben &#8211; mit integrierten Audiodateien.<\/p>\n","protected":false},"excerpt":{"rendered":"<p>Zielgruppe: Richtet sich an alle Lernenden mit Sprachkenntnissen auf dem Niveau B2, die sich auf die neue Pr\u00fcfung Goethe-Zertifikat B2, Deutschpr\u00fcfung f\u00fcr Erwachsene (ab Fr\u00fchjahr 2019) vorbereiten wollen. Das Material macht mit den Inhalten und dem Format der Pr\u00fcfung vertraut,&#8230;<\/p>\n","protected":false},"featured_media":56056,"template":"","meta":{"_acf_changed":false,"inline_featured_image":false},"product_brand":[],"product_cat":[507],"product_tag":[],"series":[{"id":531,"name":"Fit F\u00fcr","slug":"fit-fur"}],"publisher":[{"id":497,"name":"Hueber Verlag","slug":"hueber-verlag"}],"class_list":{"0":"post-21019","1":"product","2":"type-product","3":"status-publish","4":"has-post-thumbnail","6":"product_cat-prufungsvorbereitung","7":"series-fit-fur","8":"publisher-hueber-verlag","10":"first","11":"instock","12":"taxable","13":"shipping-taxable","14":"purchasable","15":"product-type-simple"},"acf":[],"_links":{"self":[{"href":"https:\/\/exlibris.ee\/en\/wp-json\/wp\/v2\/product\/21019","targetHints":{"allow":["GET"]}}],"collection":[{"href":"https:\/\/exlibris.ee\/en\/wp-json\/wp\/v2\/product"}],"about":[{"href":"https:\/\/exlibris.ee\/en\/wp-json\/wp\/v2\/types\/product"}],"wp:featuredmedia":[{"embeddable":true,"href":"https:\/\/exlibris.ee\/en\/wp-json\/wp\/v2\/media\/56056"}],"wp:attachment":[{"href":"https:\/\/exlibris.ee\/en\/wp-json\/wp\/v2\/media?parent=21019"}],"wp:term":[{"taxonomy":"product_brand","embeddable":true,"href":"https:\/\/exlibris.ee\/en\/wp-json\/wp\/v2\/product_brand?post=21019"},{"taxonomy":"product_cat","embeddable":true,"href":"https:\/\/exlibris.ee\/en\/wp-json\/wp\/v2\/product_cat?post=21019"},{"taxonomy":"product_tag","embeddable":true,"href":"https:\/\/exlibris.ee\/en\/wp-json\/wp\/v2\/product_tag?post=21019"},{"taxonomy":"series","embeddable":true,"href":"https:\/\/exlibris.ee\/en\/wp-json\/wp\/v2\/series?post=21019"},{"taxonomy":"publisher","embeddable":true,"href":"https:\/\/exlibris.ee\/en\/wp-json\/wp\/v2\/publisher?post=21019"}],"curies":[{"name":"wp","href":"https:\/\/api.w.org\/{rel}","templated":true}]}}