{"id":21020,"date":"2023-02-27T13:41:16","date_gmt":"2023-02-27T11:41:16","guid":{"rendered":"https:\/\/exlibris.ee\/toode\/menschen-a1-intensivtrainer-mit-audiocd\/"},"modified":"2026-04-04T03:17:04","modified_gmt":"2026-04-04T00:17:04","slug":"menschen-a1-intensivtrainer-mit-audiocd","status":"publish","type":"product","link":"https:\/\/exlibris.ee\/en\/product\/menschen-a1-intensivtrainer-mit-audiocd\/","title":{"rendered":"Menschen A1  Intensivtrainer mit Audio-CD"},"content":{"rendered":"<p>Der Intensivtrainer erm\u00f6glicht das selbstst\u00e4ndige \u00dcben und Wiederholen des Lernstoffs. Passend zu jeder Kursbuchlektion gibt es auf drei Seiten \u00dcbungen zu Grammatik, Wortschatz und Redemittel und am Lektionsende wird abwechselnd jeweils eine der Fertigkeiten H\u00f6ren, Lesen und Schreiben trainiert. Nach jedem Modul bieten Lese- oder H\u00f6rtexte landeskundliche Informationen und Aufgaben zum Alltag. Die integrierte Audio-CD enth\u00e4lt die H\u00f6rtexte.<\/p>\n","protected":false},"excerpt":{"rendered":"<p>Der Intensivtrainer erm\u00f6glicht das selbstst\u00e4ndige \u00dcben und Wiederholen des Lernstoffs. Passend zu jeder Kursbuchlektion gibt es auf drei Seiten \u00dcbungen zu Grammatik, Wortschatz und Redemittel und am Lektionsende wird abwechselnd jeweils eine der Fertigkeiten H\u00f6ren, Lesen und Schreiben trainiert. Nach&#8230;<\/p>\n","protected":false},"featured_media":56065,"template":"","meta":{"_acf_changed":false,"inline_featured_image":false},"product_brand":[],"product_cat":[1121],"product_tag":[],"series":[{"id":554,"name":"Menschen A1","slug":"menschen-a1"}],"publisher":[{"id":497,"name":"Hueber Verlag","slug":"hueber-verlag"}],"class_list":{"0":"post-21020","1":"product","2":"type-product","3":"status-publish","4":"has-post-thumbnail","6":"product_cat-lehrwerke-fur-jugendliche-und-erwachsene","7":"series-menschen-a1","8":"publisher-hueber-verlag","10":"first","11":"onbackorder","12":"taxable","13":"shipping-taxable","14":"purchasable","15":"product-type-simple"},"acf":[],"_links":{"self":[{"href":"https:\/\/exlibris.ee\/en\/wp-json\/wp\/v2\/product\/21020","targetHints":{"allow":["GET"]}}],"collection":[{"href":"https:\/\/exlibris.ee\/en\/wp-json\/wp\/v2\/product"}],"about":[{"href":"https:\/\/exlibris.ee\/en\/wp-json\/wp\/v2\/types\/product"}],"wp:featuredmedia":[{"embeddable":true,"href":"https:\/\/exlibris.ee\/en\/wp-json\/wp\/v2\/media\/56065"}],"wp:attachment":[{"href":"https:\/\/exlibris.ee\/en\/wp-json\/wp\/v2\/media?parent=21020"}],"wp:term":[{"taxonomy":"product_brand","embeddable":true,"href":"https:\/\/exlibris.ee\/en\/wp-json\/wp\/v2\/product_brand?post=21020"},{"taxonomy":"product_cat","embeddable":true,"href":"https:\/\/exlibris.ee\/en\/wp-json\/wp\/v2\/product_cat?post=21020"},{"taxonomy":"product_tag","embeddable":true,"href":"https:\/\/exlibris.ee\/en\/wp-json\/wp\/v2\/product_tag?post=21020"},{"taxonomy":"series","embeddable":true,"href":"https:\/\/exlibris.ee\/en\/wp-json\/wp\/v2\/series?post=21020"},{"taxonomy":"publisher","embeddable":true,"href":"https:\/\/exlibris.ee\/en\/wp-json\/wp\/v2\/publisher?post=21020"}],"curies":[{"name":"wp","href":"https:\/\/api.w.org\/{rel}","templated":true}]}}