{"id":21023,"date":"2023-02-27T13:41:16","date_gmt":"2023-02-27T11:41:16","guid":{"rendered":"https:\/\/exlibris.ee\/toode\/menschen-a2-2-digitalisiertes-arbeitsbuch\/"},"modified":"2026-04-06T09:12:06","modified_gmt":"2026-04-06T06:12:06","slug":"menschen-a2-2-digitalisiertes-arbeitsbuch","status":"publish","type":"product","link":"https:\/\/exlibris.ee\/en\/product\/menschen-a2-2-digitalisiertes-arbeitsbuch\/","title":{"rendered":"Menschen A2.2 \u2013 Interaktive digitale Ausgabe  Digitalisiertes Arbeitsbuch mit integrierten Audiodateien und interaktiven \u00dcbungen"},"content":{"rendered":"<p>Digitales Arbeitsbuch mit integrierten MP3-Dateien und zahlreichen interaktiven \u00dcbungen Teilband Niveau A2.2 &#8211; zum selbstst\u00e4ndigen Vertiefen von Grammatik, Wortschatz, Redemitteln &#8211; gezieltes Training der vier Fertigkeiten &#8211; Aussprachetraining, Selbsttests, Selbsteinsch\u00e4tzung und Lernwortschatz &#8211; Literaturseite mit einer interessanten Fortsetzungsgeschichte &#8211; MP3-Dateien mit H\u00f6rtexten zu den Aufgaben im Arbeitsbuch Zus\u00e4tzliche Funktionen auf der Lern-Plattform BlinkLearning In der Sch\u00fclerversion: Notenanzeige und Leistungsstandspeicherung bei den interaktiven \u00dcbungen. In der Version f\u00fcr Lehrkr\u00e4fte: Der Leistungsstand Ihrer einzelnen Sch\u00fcler\/innen und Ihrer Klasse wird Ihnen \u00fcbersichtlich angezeigt. Mit einem Klick k\u00f6nnen Sie Ihren Sch\u00fcler\/innen eine passende \u00dcbung zuweisen. \u00dcber den Hueber-Shop erhalten Sie derzeit automatisch die BlinkLearning-Version f\u00fcr Sch\u00fcler\/innen. F\u00fcr die Lehrerversion f\u00fcllen Sie bitte unser Kontaktformular aus.<\/p>\n","protected":false},"excerpt":{"rendered":"<p>Digitales Arbeitsbuch mit integrierten MP3-Dateien und zahlreichen interaktiven \u00dcbungen Teilband Niveau A2.2 &#8211; zum selbstst\u00e4ndigen Vertiefen von Grammatik, Wortschatz, Redemitteln &#8211; gezieltes Training der vier Fertigkeiten &#8211; Aussprachetraining, Selbsttests, Selbsteinsch\u00e4tzung und Lernwortschatz &#8211; Literaturseite mit einer interessanten Fortsetzungsgeschichte &#8211; MP3-Dateien&#8230;<\/p>\n","protected":false},"featured_media":56083,"template":"","meta":{"_acf_changed":false,"inline_featured_image":false},"product_brand":[],"product_cat":[1121],"product_tag":[],"series":[{"id":556,"name":"Menschen A2.2","slug":"menschen-a2-2"}],"publisher":[{"id":497,"name":"Hueber Verlag","slug":"hueber-verlag"}],"class_list":{"0":"post-21023","1":"product","2":"type-product","3":"status-publish","4":"has-post-thumbnail","6":"product_cat-lehrwerke-fur-jugendliche-und-erwachsene","7":"series-menschen-a2-2","8":"publisher-hueber-verlag","10":"first","11":"onbackorder","12":"taxable","13":"shipping-taxable","14":"purchasable","15":"product-type-simple"},"acf":[],"_links":{"self":[{"href":"https:\/\/exlibris.ee\/en\/wp-json\/wp\/v2\/product\/21023","targetHints":{"allow":["GET"]}}],"collection":[{"href":"https:\/\/exlibris.ee\/en\/wp-json\/wp\/v2\/product"}],"about":[{"href":"https:\/\/exlibris.ee\/en\/wp-json\/wp\/v2\/types\/product"}],"wp:featuredmedia":[{"embeddable":true,"href":"https:\/\/exlibris.ee\/en\/wp-json\/wp\/v2\/media\/56083"}],"wp:attachment":[{"href":"https:\/\/exlibris.ee\/en\/wp-json\/wp\/v2\/media?parent=21023"}],"wp:term":[{"taxonomy":"product_brand","embeddable":true,"href":"https:\/\/exlibris.ee\/en\/wp-json\/wp\/v2\/product_brand?post=21023"},{"taxonomy":"product_cat","embeddable":true,"href":"https:\/\/exlibris.ee\/en\/wp-json\/wp\/v2\/product_cat?post=21023"},{"taxonomy":"product_tag","embeddable":true,"href":"https:\/\/exlibris.ee\/en\/wp-json\/wp\/v2\/product_tag?post=21023"},{"taxonomy":"series","embeddable":true,"href":"https:\/\/exlibris.ee\/en\/wp-json\/wp\/v2\/series?post=21023"},{"taxonomy":"publisher","embeddable":true,"href":"https:\/\/exlibris.ee\/en\/wp-json\/wp\/v2\/publisher?post=21023"}],"curies":[{"name":"wp","href":"https:\/\/api.w.org\/{rel}","templated":true}]}}