{"id":21035,"date":"2023-02-27T13:41:28","date_gmt":"2023-02-27T11:41:28","guid":{"rendered":"https:\/\/exlibris.ee\/toode\/fit-fur-test-fur-zuwanderer-ubungsbuch-mit-integrierter-cd\/"},"modified":"2026-04-05T15:29:58","modified_gmt":"2026-04-05T12:29:58","slug":"fit-fur-test-fur-zuwanderer-ubungsbuch-mit-integrierter-cd","status":"publish","type":"product","link":"https:\/\/exlibris.ee\/en\/product\/fit-fur-test-fur-zuwanderer-ubungsbuch-mit-integrierter-cd\/","title":{"rendered":"Fit f\u00fcr den Deutsch-Test f\u00fcr Zuwanderer  \u00dcbungsbuch mit integrierter Audio-CD"},"content":{"rendered":"<p>Das Buch wendet sich an Lernende auf der Niveaustufe B1, die sich gezielt auf die Pr\u00fcfung Deutsch-Test f\u00fcr Zuwanderer (Niveau A2\/B1) vorbereiten wollen. Die Lernenden trainieren intensiv die beiden produktiven Fertigkeiten Sprechen und Schreiben sowie die rezeptiven Fertigkeiten H\u00f6ren und Lesen. Dabei werden sie Schritt f\u00fcr Schritt auf die Pr\u00fcfungsaufgaben vorbereitet. Hilfreiche Tipps erleichtern das Erreichen das Lernziels. Ein Testmodell schlie\u00dft die Pr\u00fcfungsvorbereitung ab. Informationen zu den wichtigsten DaF-Pr\u00fcfungen und eine \u00dcbersicht finden Sie auf der Hueber-Website unter hueber.de\/daf\/pruefungen.<\/p>\n","protected":false},"excerpt":{"rendered":"<p>Das Buch wendet sich an Lernende auf der Niveaustufe B1, die sich gezielt auf die Pr\u00fcfung Deutsch-Test f\u00fcr Zuwanderer (Niveau A2\/B1) vorbereiten wollen. Die Lernenden trainieren intensiv die beiden produktiven Fertigkeiten Sprechen und Schreiben sowie die rezeptiven Fertigkeiten H\u00f6ren und&#8230;<\/p>\n","protected":false},"featured_media":56116,"template":"","meta":{"_acf_changed":false,"inline_featured_image":false},"product_brand":[],"product_cat":[507],"product_tag":[],"series":[{"id":531,"name":"Fit F\u00fcr","slug":"fit-fur"}],"publisher":[{"id":497,"name":"Hueber Verlag","slug":"hueber-verlag"}],"class_list":{"0":"post-21035","1":"product","2":"type-product","3":"status-publish","4":"has-post-thumbnail","6":"product_cat-prufungsvorbereitung","7":"series-fit-fur","8":"publisher-hueber-verlag","10":"first","11":"instock","12":"taxable","13":"shipping-taxable","14":"purchasable","15":"product-type-simple"},"acf":[],"_links":{"self":[{"href":"https:\/\/exlibris.ee\/en\/wp-json\/wp\/v2\/product\/21035","targetHints":{"allow":["GET"]}}],"collection":[{"href":"https:\/\/exlibris.ee\/en\/wp-json\/wp\/v2\/product"}],"about":[{"href":"https:\/\/exlibris.ee\/en\/wp-json\/wp\/v2\/types\/product"}],"wp:featuredmedia":[{"embeddable":true,"href":"https:\/\/exlibris.ee\/en\/wp-json\/wp\/v2\/media\/56116"}],"wp:attachment":[{"href":"https:\/\/exlibris.ee\/en\/wp-json\/wp\/v2\/media?parent=21035"}],"wp:term":[{"taxonomy":"product_brand","embeddable":true,"href":"https:\/\/exlibris.ee\/en\/wp-json\/wp\/v2\/product_brand?post=21035"},{"taxonomy":"product_cat","embeddable":true,"href":"https:\/\/exlibris.ee\/en\/wp-json\/wp\/v2\/product_cat?post=21035"},{"taxonomy":"product_tag","embeddable":true,"href":"https:\/\/exlibris.ee\/en\/wp-json\/wp\/v2\/product_tag?post=21035"},{"taxonomy":"series","embeddable":true,"href":"https:\/\/exlibris.ee\/en\/wp-json\/wp\/v2\/series?post=21035"},{"taxonomy":"publisher","embeddable":true,"href":"https:\/\/exlibris.ee\/en\/wp-json\/wp\/v2\/publisher?post=21035"}],"curies":[{"name":"wp","href":"https:\/\/api.w.org\/{rel}","templated":true}]}}