{"id":21057,"date":"2023-02-27T13:41:32","date_gmt":"2023-02-27T11:41:32","guid":{"rendered":"https:\/\/exlibris.ee\/toode\/schritte-international-neu-sprachniveau-12-kursbuch\/"},"modified":"2026-04-14T19:25:17","modified_gmt":"2026-04-14T16:25:17","slug":"schritte-international-neu-sprachniveau-12-kursbuch","status":"publish","type":"product","link":"https:\/\/exlibris.ee\/en\/product\/schritte-international-neu-sprachniveau-12-kursbuch\/","title":{"rendered":"Schritte international Neu 1+2  Kursbuch"},"content":{"rendered":"<p>Vollband Niveau A1 &#8211; alle Lektionen folgen einem klaren Aufbau f\u00fcr hohe Lerntransparenz &#8211; neue Foto-H\u00f6rgeschichten als Einstieg in jede Lektion &#8211; interessante Texte und vielf\u00e4ltige Landeskunde &#8211; induktive Grammatik f\u00f6rdert Bewusstmachung und Verst\u00e4ndnis &#8211; Vorbereitung auf den Berufsalltag durch verst\u00e4rkten Berufsbezug &#8211; St\u00e4rkung der Lernerautonomie durch eine Doppelseite zu Grammatik und Redemitteln mit \u00dcbungen und Lernhilfen am Ende jeder Lektion &#8211; Transparenz durch Lernziele mit der M\u00f6glichkeit zur Selbsteinsch\u00e4tzung &#8211; flexible Erg\u00e4nzung der Lektionsinhalte durch die \u201eZwischendurch mal \u2026-Seiten\u201c &#8211; alle Audiodateien und Filme zum Kursbuch \u00fcber mobile Ger\u00e4te (Smartphone, Tablet-PC) abrufbar mit kostenloser App.<\/p>\n","protected":false},"excerpt":{"rendered":"<p>Vollband Niveau A1 &#8211; alle Lektionen folgen einem klaren Aufbau f\u00fcr hohe Lerntransparenz &#8211; neue Foto-H\u00f6rgeschichten als Einstieg in jede Lektion &#8211; interessante Texte und vielf\u00e4ltige Landeskunde &#8211; induktive Grammatik f\u00f6rdert Bewusstmachung und Verst\u00e4ndnis &#8211; Vorbereitung auf den Berufsalltag durch&#8230;<\/p>\n","protected":false},"featured_media":269482,"template":"","meta":{"_acf_changed":false,"inline_featured_image":false},"product_brand":[],"product_cat":[1121],"product_tag":[],"series":[{"id":567,"name":"Schritte International Neu Sprachniveau 1+2","slug":"schritte-international-neu-sprachniveau-12"}],"publisher":[{"id":497,"name":"Hueber Verlag","slug":"hueber-verlag"}],"class_list":{"0":"post-21057","1":"product","2":"type-product","3":"status-publish","4":"has-post-thumbnail","6":"product_cat-lehrwerke-fur-jugendliche-und-erwachsene","7":"series-schritte-international-neu-sprachniveau-12","8":"publisher-hueber-verlag","10":"first","11":"onbackorder","12":"taxable","13":"shipping-taxable","14":"purchasable","15":"product-type-simple"},"acf":[],"_links":{"self":[{"href":"https:\/\/exlibris.ee\/en\/wp-json\/wp\/v2\/product\/21057","targetHints":{"allow":["GET"]}}],"collection":[{"href":"https:\/\/exlibris.ee\/en\/wp-json\/wp\/v2\/product"}],"about":[{"href":"https:\/\/exlibris.ee\/en\/wp-json\/wp\/v2\/types\/product"}],"wp:featuredmedia":[{"embeddable":true,"href":"https:\/\/exlibris.ee\/en\/wp-json\/wp\/v2\/media\/269482"}],"wp:attachment":[{"href":"https:\/\/exlibris.ee\/en\/wp-json\/wp\/v2\/media?parent=21057"}],"wp:term":[{"taxonomy":"product_brand","embeddable":true,"href":"https:\/\/exlibris.ee\/en\/wp-json\/wp\/v2\/product_brand?post=21057"},{"taxonomy":"product_cat","embeddable":true,"href":"https:\/\/exlibris.ee\/en\/wp-json\/wp\/v2\/product_cat?post=21057"},{"taxonomy":"product_tag","embeddable":true,"href":"https:\/\/exlibris.ee\/en\/wp-json\/wp\/v2\/product_tag?post=21057"},{"taxonomy":"series","embeddable":true,"href":"https:\/\/exlibris.ee\/en\/wp-json\/wp\/v2\/series?post=21057"},{"taxonomy":"publisher","embeddable":true,"href":"https:\/\/exlibris.ee\/en\/wp-json\/wp\/v2\/publisher?post=21057"}],"curies":[{"name":"wp","href":"https:\/\/api.w.org\/{rel}","templated":true}]}}