{"id":21061,"date":"2023-02-27T13:41:33","date_gmt":"2023-02-27T11:41:33","guid":{"rendered":"https:\/\/exlibris.ee\/toode\/sicher-b2-medienpaket\/"},"modified":"2026-04-12T11:31:13","modified_gmt":"2026-04-12T08:31:13","slug":"sicher-b2-medienpaket","status":"publish","type":"product","link":"https:\/\/exlibris.ee\/en\/product\/sicher-b2-medienpaket\/","title":{"rendered":"Sicher! B2  2 Audio-CDs und 2 DVDs zum Kursbuch \/ Medienpaket"},"content":{"rendered":"<p>Audio-CDs zum Kursbuch &#8211; DVD mit den Filmen zum Baustein \u201eSehen und H\u00f6ren\u201c &#8211; zus\u00e4tzlicher Service: Audiodateien im Format MP3 \u00fcber portable digitale Ger\u00e4te jederzeit im Internet abrufbar unter www.hueber.de\/sicher.<\/p>\n","protected":false},"excerpt":{"rendered":"<p>Audio-CDs zum Kursbuch &#8211; DVD mit den Filmen zum Baustein \u201eSehen und H\u00f6ren\u201c &#8211; zus\u00e4tzlicher Service: Audiodateien im Format MP3 \u00fcber portable digitale Ger\u00e4te jederzeit im Internet abrufbar unter www.hueber.de\/sicher.<\/p>\n","protected":false},"featured_media":22740,"template":"","meta":{"_acf_changed":false,"inline_featured_image":false},"product_brand":[],"product_cat":[885],"product_tag":[],"series":[{"id":525,"name":"Sicher! B2","slug":"sicher-b2"}],"publisher":[{"id":497,"name":"Hueber Verlag","slug":"hueber-verlag"}],"class_list":{"0":"post-21061","1":"product","2":"type-product","3":"status-publish","4":"has-post-thumbnail","6":"product_cat-berufssprache","7":"series-sicher-b2","8":"publisher-hueber-verlag","10":"first","11":"onbackorder","12":"taxable","13":"shipping-taxable","14":"purchasable","15":"product-type-simple"},"acf":[],"_links":{"self":[{"href":"https:\/\/exlibris.ee\/en\/wp-json\/wp\/v2\/product\/21061","targetHints":{"allow":["GET"]}}],"collection":[{"href":"https:\/\/exlibris.ee\/en\/wp-json\/wp\/v2\/product"}],"about":[{"href":"https:\/\/exlibris.ee\/en\/wp-json\/wp\/v2\/types\/product"}],"wp:featuredmedia":[{"embeddable":true,"href":"https:\/\/exlibris.ee\/en\/wp-json\/wp\/v2\/media\/22740"}],"wp:attachment":[{"href":"https:\/\/exlibris.ee\/en\/wp-json\/wp\/v2\/media?parent=21061"}],"wp:term":[{"taxonomy":"product_brand","embeddable":true,"href":"https:\/\/exlibris.ee\/en\/wp-json\/wp\/v2\/product_brand?post=21061"},{"taxonomy":"product_cat","embeddable":true,"href":"https:\/\/exlibris.ee\/en\/wp-json\/wp\/v2\/product_cat?post=21061"},{"taxonomy":"product_tag","embeddable":true,"href":"https:\/\/exlibris.ee\/en\/wp-json\/wp\/v2\/product_tag?post=21061"},{"taxonomy":"series","embeddable":true,"href":"https:\/\/exlibris.ee\/en\/wp-json\/wp\/v2\/series?post=21061"},{"taxonomy":"publisher","embeddable":true,"href":"https:\/\/exlibris.ee\/en\/wp-json\/wp\/v2\/publisher?post=21061"}],"curies":[{"name":"wp","href":"https:\/\/api.w.org\/{rel}","templated":true}]}}