{"id":21063,"date":"2023-02-27T13:41:34","date_gmt":"2023-02-27T11:41:34","guid":{"rendered":"https:\/\/exlibris.ee\/toode\/landeskunde-zur-orientierung-deutschlandquiz\/"},"modified":"2026-04-03T09:18:12","modified_gmt":"2026-04-03T06:18:12","slug":"landeskunde-zur-orientierung-deutschlandquiz","status":"publish","type":"product","link":"https:\/\/exlibris.ee\/en\/product\/landeskunde-zur-orientierung-deutschlandquiz\/","title":{"rendered":"Zur Orientierung  Kopiervorlagen \/ Deutschland-Quiz"},"content":{"rendered":"<p>200 Quizfragen festigen das Wissen aus den Themenbereichen des Curriculums f\u00fcr den Orientierungskurs und f\u00fcr den Einb\u00fcrgerungskurs und sind somit geeignet f\u00fcr die Vorbereitung auf die jeweiligen Tests. Die Quizfragen sind dar\u00fcber hinaus f\u00fcr den Einsatz in allgemeinen Landeskundekursen im In- und Ausland geeignet.<\/p>\n","protected":false},"excerpt":{"rendered":"<p>200 Quizfragen festigen das Wissen aus den Themenbereichen des Curriculums f\u00fcr den Orientierungskurs und f\u00fcr den Einb\u00fcrgerungskurs und sind somit geeignet f\u00fcr die Vorbereitung auf die jeweiligen Tests. Die Quizfragen sind dar\u00fcber hinaus f\u00fcr den Einsatz in allgemeinen Landeskundekursen im&#8230;<\/p>\n","protected":false},"featured_media":56425,"template":"","meta":{"_acf_changed":false,"inline_featured_image":false},"product_brand":[],"product_cat":[490],"product_tag":[],"series":[{"id":491,"name":"Landeskunde","slug":"landeskunde"}],"publisher":[{"id":473,"name":"Klett Verlag","slug":"klett-verlag"}],"class_list":{"0":"post-21063","1":"product","2":"type-product","3":"status-publish","4":"has-post-thumbnail","6":"product_cat-landeskunde","7":"series-landeskunde","8":"publisher-klett-verlag","10":"first","11":"instock","12":"taxable","13":"shipping-taxable","14":"purchasable","15":"product-type-simple"},"acf":[],"_links":{"self":[{"href":"https:\/\/exlibris.ee\/en\/wp-json\/wp\/v2\/product\/21063","targetHints":{"allow":["GET"]}}],"collection":[{"href":"https:\/\/exlibris.ee\/en\/wp-json\/wp\/v2\/product"}],"about":[{"href":"https:\/\/exlibris.ee\/en\/wp-json\/wp\/v2\/types\/product"}],"wp:featuredmedia":[{"embeddable":true,"href":"https:\/\/exlibris.ee\/en\/wp-json\/wp\/v2\/media\/56425"}],"wp:attachment":[{"href":"https:\/\/exlibris.ee\/en\/wp-json\/wp\/v2\/media?parent=21063"}],"wp:term":[{"taxonomy":"product_brand","embeddable":true,"href":"https:\/\/exlibris.ee\/en\/wp-json\/wp\/v2\/product_brand?post=21063"},{"taxonomy":"product_cat","embeddable":true,"href":"https:\/\/exlibris.ee\/en\/wp-json\/wp\/v2\/product_cat?post=21063"},{"taxonomy":"product_tag","embeddable":true,"href":"https:\/\/exlibris.ee\/en\/wp-json\/wp\/v2\/product_tag?post=21063"},{"taxonomy":"series","embeddable":true,"href":"https:\/\/exlibris.ee\/en\/wp-json\/wp\/v2\/series?post=21063"},{"taxonomy":"publisher","embeddable":true,"href":"https:\/\/exlibris.ee\/en\/wp-json\/wp\/v2\/publisher?post=21063"}],"curies":[{"name":"wp","href":"https:\/\/api.w.org\/{rel}","templated":true}]}}