{"id":21078,"date":"2023-02-27T13:41:37","date_gmt":"2023-02-27T11:41:37","guid":{"rendered":"https:\/\/exlibris.ee\/toode\/menschen-b1-arbeitsbuch-mit-2-audiocds\/"},"modified":"2026-04-07T03:33:33","modified_gmt":"2026-04-07T00:33:33","slug":"menschen-b1-arbeitsbuch-mit-2-audiocds","status":"publish","type":"product","link":"https:\/\/exlibris.ee\/en\/product\/menschen-b1-arbeitsbuch-mit-2-audiocds\/","title":{"rendered":"Menschen B1: Arbeitsbuch mit 2 Audio-CDs"},"content":{"rendered":"<p>Arbeitsbuch mit 2 Audio-CDs Vollband Niveau B1 &#8211; zum selbstst\u00e4ndigen Vertiefen von Grammatik, Wortschatz, Redemitteln &#8211; gezieltes Training der vier Fertigkeiten H\u00f6ren, Lesen, Sprechen und Schreiben &#8211; Aussprachetraining, Selbsttests, Selbsteinsch\u00e4tzung und Lernwortschatz &#8211; Literaturseite mit einer interessanten Fortsetzungsgeschichte &#8211; Audio-CD mit H\u00f6rtexten zu den Aufgaben im Arbeitsbuch.<\/p>\n","protected":false},"excerpt":{"rendered":"<p>Arbeitsbuch mit 2 Audio-CDs Vollband Niveau B1 &#8211; zum selbstst\u00e4ndigen Vertiefen von Grammatik, Wortschatz, Redemitteln &#8211; gezieltes Training der vier Fertigkeiten H\u00f6ren, Lesen, Sprechen und Schreiben &#8211; Aussprachetraining, Selbsttests, Selbsteinsch\u00e4tzung und Lernwortschatz &#8211; Literaturseite mit einer interessanten Fortsetzungsgeschichte &#8211; Audio-CD&#8230;<\/p>\n","protected":false},"featured_media":56572,"template":"","meta":{"_acf_changed":false,"inline_featured_image":false},"product_brand":[],"product_cat":[1121],"product_tag":[],"series":[{"id":571,"name":"Menschen B1","slug":"menschen-b1"}],"publisher":[{"id":497,"name":"Hueber Verlag","slug":"hueber-verlag"}],"class_list":{"0":"post-21078","1":"product","2":"type-product","3":"status-publish","4":"has-post-thumbnail","6":"product_cat-lehrwerke-fur-jugendliche-und-erwachsene","7":"series-menschen-b1","8":"publisher-hueber-verlag","10":"first","11":"instock","12":"taxable","13":"shipping-taxable","14":"purchasable","15":"product-type-simple"},"acf":[],"_links":{"self":[{"href":"https:\/\/exlibris.ee\/en\/wp-json\/wp\/v2\/product\/21078","targetHints":{"allow":["GET"]}}],"collection":[{"href":"https:\/\/exlibris.ee\/en\/wp-json\/wp\/v2\/product"}],"about":[{"href":"https:\/\/exlibris.ee\/en\/wp-json\/wp\/v2\/types\/product"}],"wp:featuredmedia":[{"embeddable":true,"href":"https:\/\/exlibris.ee\/en\/wp-json\/wp\/v2\/media\/56572"}],"wp:attachment":[{"href":"https:\/\/exlibris.ee\/en\/wp-json\/wp\/v2\/media?parent=21078"}],"wp:term":[{"taxonomy":"product_brand","embeddable":true,"href":"https:\/\/exlibris.ee\/en\/wp-json\/wp\/v2\/product_brand?post=21078"},{"taxonomy":"product_cat","embeddable":true,"href":"https:\/\/exlibris.ee\/en\/wp-json\/wp\/v2\/product_cat?post=21078"},{"taxonomy":"product_tag","embeddable":true,"href":"https:\/\/exlibris.ee\/en\/wp-json\/wp\/v2\/product_tag?post=21078"},{"taxonomy":"series","embeddable":true,"href":"https:\/\/exlibris.ee\/en\/wp-json\/wp\/v2\/series?post=21078"},{"taxonomy":"publisher","embeddable":true,"href":"https:\/\/exlibris.ee\/en\/wp-json\/wp\/v2\/publisher?post=21078"}],"curies":[{"name":"wp","href":"https:\/\/api.w.org\/{rel}","templated":true}]}}