{"id":21079,"date":"2023-02-27T13:41:37","date_gmt":"2023-02-27T11:41:37","guid":{"rendered":"https:\/\/exlibris.ee\/toode\/ubungsgrammatik-fur-die-grundstufe\/"},"modified":"2026-04-25T17:36:47","modified_gmt":"2026-04-25T14:36:47","slug":"ubungsgrammatik-fur-die-grundstufe","status":"publish","type":"product","link":"https:\/\/exlibris.ee\/en\/product\/ubungsgrammatik-fur-die-grundstufe\/","title":{"rendered":"Deutsch \u2013 \u00dcbungsgrammatik f\u00fcr die Grundstufe \u2013 aktuell  Buch mit Online-Tests"},"content":{"rendered":"<p>Die moderne und lehrwerksunabh\u00e4ngige \u00dcbungsgrammatik f\u00fcr die Grundstufe vermittelt einfach und klar die zentralen Grammatikthemen der Grundstufe. &#8211; abwechslungsreiche \u00dcbungen wie L\u00fcckentexte, Zuordnungs-, Umformungs- und Satzbildungs\u00fcbungen &#8211; L\u00f6sungsschl\u00fcssel zu den \u00dcbungen und eine Liste unregelm\u00e4\u00dfiger Verben im Anhang &#8211; \u00fcbersichtliches Layout f\u00fcr den schnellen \u00dcberblick &#8211; zahlreiche vierfarbige Illustrationen f\u00fcr mehr Spa\u00df am Lernen &#8211; geeignet f\u00fcr den Einsatz im Unterricht und das Selbststudium zu Hause.<\/p>\n","protected":false},"excerpt":{"rendered":"<p>Die moderne und lehrwerksunabh\u00e4ngige \u00dcbungsgrammatik f\u00fcr die Grundstufe vermittelt einfach und klar die zentralen Grammatikthemen der Grundstufe. &#8211; abwechslungsreiche \u00dcbungen wie L\u00fcckentexte, Zuordnungs-, Umformungs- und Satzbildungs\u00fcbungen &#8211; L\u00f6sungsschl\u00fcssel zu den \u00dcbungen und eine Liste unregelm\u00e4\u00dfiger Verben im Anhang &#8211; \u00fcbersichtliches&#8230;<\/p>\n","protected":false},"featured_media":56581,"template":"","meta":{"_acf_changed":false,"inline_featured_image":false},"product_brand":[],"product_cat":[480],"product_tag":[],"series":[{"id":481,"name":"Grammatik","slug":"grammatik"}],"publisher":[{"id":497,"name":"Hueber Verlag","slug":"hueber-verlag"}],"class_list":{"0":"post-21079","1":"product","2":"type-product","3":"status-publish","4":"has-post-thumbnail","6":"product_cat-grammatiken","7":"series-grammatik","8":"publisher-hueber-verlag","10":"first","11":"onbackorder","12":"taxable","13":"shipping-taxable","14":"purchasable","15":"product-type-simple"},"acf":[],"_links":{"self":[{"href":"https:\/\/exlibris.ee\/en\/wp-json\/wp\/v2\/product\/21079","targetHints":{"allow":["GET"]}}],"collection":[{"href":"https:\/\/exlibris.ee\/en\/wp-json\/wp\/v2\/product"}],"about":[{"href":"https:\/\/exlibris.ee\/en\/wp-json\/wp\/v2\/types\/product"}],"wp:featuredmedia":[{"embeddable":true,"href":"https:\/\/exlibris.ee\/en\/wp-json\/wp\/v2\/media\/56581"}],"wp:attachment":[{"href":"https:\/\/exlibris.ee\/en\/wp-json\/wp\/v2\/media?parent=21079"}],"wp:term":[{"taxonomy":"product_brand","embeddable":true,"href":"https:\/\/exlibris.ee\/en\/wp-json\/wp\/v2\/product_brand?post=21079"},{"taxonomy":"product_cat","embeddable":true,"href":"https:\/\/exlibris.ee\/en\/wp-json\/wp\/v2\/product_cat?post=21079"},{"taxonomy":"product_tag","embeddable":true,"href":"https:\/\/exlibris.ee\/en\/wp-json\/wp\/v2\/product_tag?post=21079"},{"taxonomy":"series","embeddable":true,"href":"https:\/\/exlibris.ee\/en\/wp-json\/wp\/v2\/series?post=21079"},{"taxonomy":"publisher","embeddable":true,"href":"https:\/\/exlibris.ee\/en\/wp-json\/wp\/v2\/publisher?post=21079"}],"curies":[{"name":"wp","href":"https:\/\/api.w.org\/{rel}","templated":true}]}}